{"id":1048,"date":"2024-05-08T19:08:45","date_gmt":"2024-05-08T17:08:45","guid":{"rendered":"https:\/\/emanature.com\/index.php\/conseils-copy-copy-copy-copy-copy\/"},"modified":"2024-06-11T17:17:22","modified_gmt":"2024-06-11T15:17:22","slug":"conseils-copy-copy-copy-copy-copy","status":"publish","type":"page","link":"https:\/\/emanature.com\/index.php\/conseils-copy-copy-copy-copy-copy\/","title":{"rendered":"Nos conseils"},"content":{"rendered":"\t\t<div data-elementor-type=\"wp-page\" data-elementor-id=\"1048\" class=\"elementor elementor-1048\">\n\t\t\t\t<div class=\"elementor-element elementor-element-f67e718 e-flex e-con-boxed wpr-particle-no wpr-jarallax-no wpr-parallax-no wpr-sticky-section-no wpr-equal-height-no e-con e-parent\" data-id=\"f67e718\" data-element_type=\"container\">\n\t\t\t\t\t<div class=\"e-con-inner\">\n\t\t<div class=\"elementor-element elementor-element-1d033bb e-con-full e-flex wpr-particle-no wpr-jarallax-no wpr-parallax-no wpr-sticky-section-no wpr-equal-height-no e-con e-child\" data-id=\"1d033bb\" data-element_type=\"container\">\n\t\t\t\t<div class=\"elementor-element elementor-element-50a397c elementor-widget elementor-widget-image\" data-id=\"50a397c\" data-element_type=\"widget\" data-widget_type=\"image.default\">\n\t\t\t\t<div class=\"elementor-widget-container\">\n\t\t\t\t\t\t\t\t\t\t\t\t\t\t\t\t<a href=\"https:\/\/emanature.com\/index.php\/conseils-copy-copy-copy\/\">\n\t\t\t\t\t\t\t<img fetchpriority=\"high\" decoding=\"async\" width=\"800\" height=\"441\" src=\"https:\/\/emanature.com\/wp-content\/uploads\/2024\/05\/conseil-bebe-1024x565.jpg\" class=\"attachment-large size-large wp-image-926\" alt=\"\" srcset=\"https:\/\/emanature.com\/wp-content\/uploads\/2024\/05\/conseil-bebe-1024x565.jpg 1024w, https:\/\/emanature.com\/wp-content\/uploads\/2024\/05\/conseil-bebe-300x165.jpg 300w, https:\/\/emanature.com\/wp-content\/uploads\/2024\/05\/conseil-bebe-768x424.jpg 768w, https:\/\/emanature.com\/wp-content\/uploads\/2024\/05\/conseil-bebe-600x331.jpg 600w, https:\/\/emanature.com\/wp-content\/uploads\/2024\/05\/conseil-bebe.jpg 1269w\" sizes=\"(max-width: 800px) 100vw, 800px\" \/>\t\t\t\t\t\t\t\t<\/a>\n\t\t\t\t\t\t\t\t\t\t\t\t\t\t\t<\/div>\n\t\t\t\t<\/div>\n\t\t\t\t<div class=\"elementor-element elementor-element-6df103e elementor-widget elementor-widget-heading\" data-id=\"6df103e\" data-element_type=\"widget\" data-widget_type=\"heading.default\">\n\t\t\t\t<div class=\"elementor-widget-container\">\n\t\t\t\t\t<h2 class=\"elementor-heading-title elementor-size-default\"><a href=\"https:\/\/emanature.com\/index.php\/conseils-copy-copy-copy\/\">Les huiles essentielles adapt\u00e9es aux b\u00e9b\u00e9s<\/a><\/h2>\t\t\t\t<\/div>\n\t\t\t\t<\/div>\n\t\t\t\t<div class=\"elementor-element elementor-element-a8f2e00 elementor-widget elementor-widget-image\" data-id=\"a8f2e00\" data-element_type=\"widget\" data-widget_type=\"image.default\">\n\t\t\t\t<div class=\"elementor-widget-container\">\n\t\t\t\t\t\t\t\t\t\t\t\t\t\t\t\t<a href=\"https:\/\/emanature.com\/index.php\/conseils-copy-copy\/\">\n\t\t\t\t\t\t\t<img decoding=\"async\" width=\"800\" height=\"441\" src=\"https:\/\/emanature.com\/wp-content\/uploads\/2024\/05\/conseil-cheveux-1024x565.jpg\" class=\"attachment-large size-large wp-image-927\" alt=\"\" srcset=\"https:\/\/emanature.com\/wp-content\/uploads\/2024\/05\/conseil-cheveux-1024x565.jpg 1024w, https:\/\/emanature.com\/wp-content\/uploads\/2024\/05\/conseil-cheveux-300x165.jpg 300w, https:\/\/emanature.com\/wp-content\/uploads\/2024\/05\/conseil-cheveux-768x424.jpg 768w, https:\/\/emanature.com\/wp-content\/uploads\/2024\/05\/conseil-cheveux-600x331.jpg 600w, https:\/\/emanature.com\/wp-content\/uploads\/2024\/05\/conseil-cheveux.jpg 1269w\" sizes=\"(max-width: 800px) 100vw, 800px\" \/>\t\t\t\t\t\t\t\t<\/a>\n\t\t\t\t\t\t\t\t\t\t\t\t\t\t\t<\/div>\n\t\t\t\t<\/div>\n\t\t\t\t<div class=\"elementor-element elementor-element-e7e5201 elementor-widget elementor-widget-heading\" data-id=\"e7e5201\" data-element_type=\"widget\" data-widget_type=\"heading.default\">\n\t\t\t\t<div class=\"elementor-widget-container\">\n\t\t\t\t\t<h2 class=\"elementor-heading-title elementor-size-default\"><a href=\"https:\/\/emanature.com\/index.php\/conseils-copy-copy\/\">Comment acc\u00e9l\u00e9rer la pousse de vos cheveux ?<\/a><\/h2>\t\t\t\t<\/div>\n\t\t\t\t<\/div>\n\t\t\t\t<div class=\"elementor-element elementor-element-b19adf2 elementor-widget elementor-widget-image\" data-id=\"b19adf2\" data-element_type=\"widget\" data-widget_type=\"image.default\">\n\t\t\t\t<div class=\"elementor-widget-container\">\n\t\t\t\t\t\t\t\t\t\t\t\t\t\t\t\t<a href=\"https:\/\/emanature.com\/index.php\/conseils-copy\/\">\n\t\t\t\t\t\t\t<img decoding=\"async\" width=\"800\" height=\"441\" src=\"https:\/\/emanature.com\/wp-content\/uploads\/2024\/05\/conseil-sommeil-1024x565.jpg\" class=\"attachment-large size-large wp-image-930\" alt=\"\" srcset=\"https:\/\/emanature.com\/wp-content\/uploads\/2024\/05\/conseil-sommeil-1024x565.jpg 1024w, https:\/\/emanature.com\/wp-content\/uploads\/2024\/05\/conseil-sommeil-300x165.jpg 300w, https:\/\/emanature.com\/wp-content\/uploads\/2024\/05\/conseil-sommeil-768x424.jpg 768w, https:\/\/emanature.com\/wp-content\/uploads\/2024\/05\/conseil-sommeil-600x331.jpg 600w, https:\/\/emanature.com\/wp-content\/uploads\/2024\/05\/conseil-sommeil.jpg 1269w\" sizes=\"(max-width: 800px) 100vw, 800px\" \/>\t\t\t\t\t\t\t\t<\/a>\n\t\t\t\t\t\t\t\t\t\t\t\t\t\t\t<\/div>\n\t\t\t\t<\/div>\n\t\t\t\t<div class=\"elementor-element elementor-element-644befc elementor-widget elementor-widget-heading\" data-id=\"644befc\" data-element_type=\"widget\" data-widget_type=\"heading.default\">\n\t\t\t\t<div class=\"elementor-widget-container\">\n\t\t\t\t\t<h2 class=\"elementor-heading-title elementor-size-default\"><a href=\"https:\/\/emanature.com\/index.php\/conseils-copy\/\">Les huiles essentielles qui agissent sur le sommeil<\/a><\/h2>\t\t\t\t<\/div>\n\t\t\t\t<\/div>\n\t\t\t\t<\/div>\n\t\t<div class=\"elementor-element elementor-element-0675d81 e-con-full e-flex wpr-particle-no wpr-jarallax-no wpr-parallax-no wpr-sticky-section-no wpr-equal-height-no e-con e-child\" data-id=\"0675d81\" data-element_type=\"container\">\n\t\t\t\t<div class=\"elementor-element elementor-element-0b55a2e elementor-widget elementor-widget-image\" data-id=\"0b55a2e\" data-element_type=\"widget\" data-widget_type=\"image.default\">\n\t\t\t\t<div class=\"elementor-widget-container\">\n\t\t\t\t\t\t\t\t\t\t\t\t\t\t\t\t<a href=\"https:\/\/emanature.com\/index.php\/conseils\/\">\n\t\t\t\t\t\t\t<img loading=\"lazy\" decoding=\"async\" width=\"800\" height=\"441\" src=\"https:\/\/emanature.com\/wp-content\/uploads\/2024\/05\/conseil-huile-1024x565.jpg\" class=\"attachment-large size-large wp-image-931\" alt=\"\" srcset=\"https:\/\/emanature.com\/wp-content\/uploads\/2024\/05\/conseil-huile-1024x565.jpg 1024w, https:\/\/emanature.com\/wp-content\/uploads\/2024\/05\/conseil-huile-300x165.jpg 300w, https:\/\/emanature.com\/wp-content\/uploads\/2024\/05\/conseil-huile-768x424.jpg 768w, https:\/\/emanature.com\/wp-content\/uploads\/2024\/05\/conseil-huile-600x331.jpg 600w, https:\/\/emanature.com\/wp-content\/uploads\/2024\/05\/conseil-huile.jpg 1269w\" sizes=\"(max-width: 800px) 100vw, 800px\" \/>\t\t\t\t\t\t\t\t<\/a>\n\t\t\t\t\t\t\t\t\t\t\t\t\t\t\t<\/div>\n\t\t\t\t<\/div>\n\t\t\t\t<div class=\"elementor-element elementor-element-5d2c057 elementor-widget elementor-widget-heading\" data-id=\"5d2c057\" data-element_type=\"widget\" data-widget_type=\"heading.default\">\n\t\t\t\t<div class=\"elementor-widget-container\">\n\t\t\t\t\t<h2 class=\"elementor-heading-title elementor-size-default\"><a href=\"https:\/\/emanature.com\/index.php\/conseils\/\">Comment utiliser les huiles essentielles ?<\/a><\/h2>\t\t\t\t<\/div>\n\t\t\t\t<\/div>\n\t\t\t\t<div class=\"elementor-element elementor-element-02835d8 elementor-widget elementor-widget-image\" data-id=\"02835d8\" data-element_type=\"widget\" data-widget_type=\"image.default\">\n\t\t\t\t<div class=\"elementor-widget-container\">\n\t\t\t\t\t\t\t\t\t\t\t\t\t\t\t\t<a href=\"https:\/\/emanature.com\/index.php\/conseils-copy-copy-copy-copy\/\">\n\t\t\t\t\t\t\t<img loading=\"lazy\" decoding=\"async\" width=\"800\" height=\"441\" src=\"https:\/\/emanature.com\/wp-content\/uploads\/2024\/05\/conseil-rhume-1024x565.jpg\" class=\"attachment-large size-large wp-image-929\" alt=\"\" srcset=\"https:\/\/emanature.com\/wp-content\/uploads\/2024\/05\/conseil-rhume-1024x565.jpg 1024w, https:\/\/emanature.com\/wp-content\/uploads\/2024\/05\/conseil-rhume-300x165.jpg 300w, https:\/\/emanature.com\/wp-content\/uploads\/2024\/05\/conseil-rhume-768x424.jpg 768w, https:\/\/emanature.com\/wp-content\/uploads\/2024\/05\/conseil-rhume-600x331.jpg 600w, https:\/\/emanature.com\/wp-content\/uploads\/2024\/05\/conseil-rhume.jpg 1269w\" sizes=\"(max-width: 800px) 100vw, 800px\" \/>\t\t\t\t\t\t\t\t<\/a>\n\t\t\t\t\t\t\t\t\t\t\t\t\t\t\t<\/div>\n\t\t\t\t<\/div>\n\t\t\t\t<div class=\"elementor-element elementor-element-71244db elementor-widget elementor-widget-heading\" data-id=\"71244db\" data-element_type=\"widget\" data-widget_type=\"heading.default\">\n\t\t\t\t<div class=\"elementor-widget-container\">\n\t\t\t\t\t<h2 class=\"elementor-heading-title elementor-size-default\"><a href=\"https:\/\/emanature.com\/index.php\/conseils-copy-copy-copy-copy\/\">Quelles huiles essentielles contre le rhume ?<\/a><\/h2>\t\t\t\t<\/div>\n\t\t\t\t<\/div>\n\t\t\t\t<\/div>\n\t\t\t\t\t<\/div>\n\t\t\t\t<\/div>\n\t\t\t\t<\/div>\n\t\t","protected":false},"excerpt":{"rendered":"<p>Les huiles essentielles adapt\u00e9es aux b\u00e9b\u00e9s Comment acc\u00e9l\u00e9rer la pousse de vos cheveux ? Les huiles essentielles qui agissent sur le sommeil Comment utiliser les huiles essentielles ? Quelles huiles essentielles contre le rhume ?<\/p>\n","protected":false},"author":1,"featured_media":0,"parent":0,"menu_order":0,"comment_status":"closed","ping_status":"closed","template":"","meta":{"footnotes":""},"yoast_head":"<!-- This site is optimized with the Yoast SEO plugin v22.8 - https:\/\/yoast.com\/wordpress\/plugins\/seo\/ -->\n<title>Nos conseils - emanature.com<\/title>\n<meta name=\"robots\" content=\"index, follow, max-snippet:-1, max-image-preview:large, max-video-preview:-1\" \/>\n<link rel=\"canonical\" href=\"https:\/\/emanature.com\/index.php\/conseils-copy-copy-copy-copy-copy\/\" \/>\n<meta property=\"og:locale\" content=\"fr_FR\" \/>\n<meta property=\"og:type\" content=\"article\" \/>\n<meta property=\"og:title\" content=\"Nos conseils - emanature.com\" \/>\n<meta property=\"og:description\" content=\"Les huiles essentielles adapt\u00e9es aux b\u00e9b\u00e9s Comment acc\u00e9l\u00e9rer la pousse de vos cheveux ? Les huiles essentielles qui agissent sur le sommeil Comment utiliser les huiles essentielles ? Quelles huiles essentielles contre le rhume ?\" \/>\n<meta property=\"og:url\" content=\"https:\/\/emanature.com\/index.php\/conseils-copy-copy-copy-copy-copy\/\" \/>\n<meta property=\"og:site_name\" content=\"emanature.com\" \/>\n<meta property=\"article:modified_time\" content=\"2024-06-11T15:17:22+00:00\" \/>\n<meta property=\"og:image\" content=\"https:\/\/emanature.com\/wp-content\/uploads\/2024\/05\/conseil-bebe-1024x565.jpg\" \/>\n<meta name=\"twitter:card\" content=\"summary_large_image\" \/>\n<meta name=\"twitter:label1\" content=\"Dur\u00e9e de lecture estim\u00e9e\" \/>\n\t<meta name=\"twitter:data1\" content=\"2 minutes\" \/>\n<script type=\"application\/ld+json\" class=\"yoast-schema-graph\">{\"@context\":\"https:\/\/schema.org\",\"@graph\":[{\"@type\":\"WebPage\",\"@id\":\"https:\/\/emanature.com\/index.php\/conseils-copy-copy-copy-copy-copy\/\",\"url\":\"https:\/\/emanature.com\/index.php\/conseils-copy-copy-copy-copy-copy\/\",\"name\":\"Nos conseils - emanature.com\",\"isPartOf\":{\"@id\":\"https:\/\/emanature.com\/#website\"},\"primaryImageOfPage\":{\"@id\":\"https:\/\/emanature.com\/index.php\/conseils-copy-copy-copy-copy-copy\/#primaryimage\"},\"image\":{\"@id\":\"https:\/\/emanature.com\/index.php\/conseils-copy-copy-copy-copy-copy\/#primaryimage\"},\"thumbnailUrl\":\"https:\/\/emanature.com\/wp-content\/uploads\/2024\/05\/conseil-bebe-1024x565.jpg\",\"datePublished\":\"2024-05-08T17:08:45+00:00\",\"dateModified\":\"2024-06-11T15:17:22+00:00\",\"breadcrumb\":{\"@id\":\"https:\/\/emanature.com\/index.php\/conseils-copy-copy-copy-copy-copy\/#breadcrumb\"},\"inLanguage\":\"fr-FR\",\"potentialAction\":[{\"@type\":\"ReadAction\",\"target\":[\"https:\/\/emanature.com\/index.php\/conseils-copy-copy-copy-copy-copy\/\"]}]},{\"@type\":\"ImageObject\",\"inLanguage\":\"fr-FR\",\"@id\":\"https:\/\/emanature.com\/index.php\/conseils-copy-copy-copy-copy-copy\/#primaryimage\",\"url\":\"https:\/\/emanature.com\/wp-content\/uploads\/2024\/05\/conseil-bebe.jpg\",\"contentUrl\":\"https:\/\/emanature.com\/wp-content\/uploads\/2024\/05\/conseil-bebe.jpg\",\"width\":1269,\"height\":700},{\"@type\":\"BreadcrumbList\",\"@id\":\"https:\/\/emanature.com\/index.php\/conseils-copy-copy-copy-copy-copy\/#breadcrumb\",\"itemListElement\":[{\"@type\":\"ListItem\",\"position\":1,\"name\":\"Accueil\",\"item\":\"https:\/\/emanature.com\/\"},{\"@type\":\"ListItem\",\"position\":2,\"name\":\"Nos conseils\"}]},{\"@type\":\"WebSite\",\"@id\":\"https:\/\/emanature.com\/#website\",\"url\":\"https:\/\/emanature.com\/\",\"name\":\"emanature.com\",\"description\":\"Eveillez vos sens, Lib\u00e9rez votre bien-\u00eatre\",\"publisher\":{\"@id\":\"https:\/\/emanature.com\/#organization\"},\"potentialAction\":[{\"@type\":\"SearchAction\",\"target\":{\"@type\":\"EntryPoint\",\"urlTemplate\":\"https:\/\/emanature.com\/?s={search_term_string}\"},\"query-input\":\"required name=search_term_string\"}],\"inLanguage\":\"fr-FR\"},{\"@type\":\"Organization\",\"@id\":\"https:\/\/emanature.com\/#organization\",\"name\":\"emanature.com\",\"url\":\"https:\/\/emanature.com\/\",\"logo\":{\"@type\":\"ImageObject\",\"inLanguage\":\"fr-FR\",\"@id\":\"https:\/\/emanature.com\/#\/schema\/logo\/image\/\",\"url\":\"https:\/\/emanature.com\/wp-content\/uploads\/2024\/04\/logo-ok-web.svg\",\"contentUrl\":\"https:\/\/emanature.com\/wp-content\/uploads\/2024\/04\/logo-ok-web.svg\",\"width\":571,\"height\":81,\"caption\":\"emanature.com\"},\"image\":{\"@id\":\"https:\/\/emanature.com\/#\/schema\/logo\/image\/\"}}]}<\/script>\n<!-- \/ Yoast SEO plugin. -->","yoast_head_json":{"title":"Nos conseils - emanature.com","robots":{"index":"index","follow":"follow","max-snippet":"max-snippet:-1","max-image-preview":"max-image-preview:large","max-video-preview":"max-video-preview:-1"},"canonical":"https:\/\/emanature.com\/index.php\/conseils-copy-copy-copy-copy-copy\/","og_locale":"fr_FR","og_type":"article","og_title":"Nos conseils - emanature.com","og_description":"Les huiles essentielles adapt\u00e9es aux b\u00e9b\u00e9s Comment acc\u00e9l\u00e9rer la pousse de vos cheveux ? Les huiles essentielles qui agissent sur le sommeil Comment utiliser les huiles essentielles ? Quelles huiles essentielles contre le rhume ?","og_url":"https:\/\/emanature.com\/index.php\/conseils-copy-copy-copy-copy-copy\/","og_site_name":"emanature.com","article_modified_time":"2024-06-11T15:17:22+00:00","og_image":[{"url":"https:\/\/emanature.com\/wp-content\/uploads\/2024\/05\/conseil-bebe-1024x565.jpg"}],"twitter_card":"summary_large_image","twitter_misc":{"Dur\u00e9e de lecture estim\u00e9e":"2 minutes"},"schema":{"@context":"https:\/\/schema.org","@graph":[{"@type":"WebPage","@id":"https:\/\/emanature.com\/index.php\/conseils-copy-copy-copy-copy-copy\/","url":"https:\/\/emanature.com\/index.php\/conseils-copy-copy-copy-copy-copy\/","name":"Nos conseils - emanature.com","isPartOf":{"@id":"https:\/\/emanature.com\/#website"},"primaryImageOfPage":{"@id":"https:\/\/emanature.com\/index.php\/conseils-copy-copy-copy-copy-copy\/#primaryimage"},"image":{"@id":"https:\/\/emanature.com\/index.php\/conseils-copy-copy-copy-copy-copy\/#primaryimage"},"thumbnailUrl":"https:\/\/emanature.com\/wp-content\/uploads\/2024\/05\/conseil-bebe-1024x565.jpg","datePublished":"2024-05-08T17:08:45+00:00","dateModified":"2024-06-11T15:17:22+00:00","breadcrumb":{"@id":"https:\/\/emanature.com\/index.php\/conseils-copy-copy-copy-copy-copy\/#breadcrumb"},"inLanguage":"fr-FR","potentialAction":[{"@type":"ReadAction","target":["https:\/\/emanature.com\/index.php\/conseils-copy-copy-copy-copy-copy\/"]}]},{"@type":"ImageObject","inLanguage":"fr-FR","@id":"https:\/\/emanature.com\/index.php\/conseils-copy-copy-copy-copy-copy\/#primaryimage","url":"https:\/\/emanature.com\/wp-content\/uploads\/2024\/05\/conseil-bebe.jpg","contentUrl":"https:\/\/emanature.com\/wp-content\/uploads\/2024\/05\/conseil-bebe.jpg","width":1269,"height":700},{"@type":"BreadcrumbList","@id":"https:\/\/emanature.com\/index.php\/conseils-copy-copy-copy-copy-copy\/#breadcrumb","itemListElement":[{"@type":"ListItem","position":1,"name":"Accueil","item":"https:\/\/emanature.com\/"},{"@type":"ListItem","position":2,"name":"Nos conseils"}]},{"@type":"WebSite","@id":"https:\/\/emanature.com\/#website","url":"https:\/\/emanature.com\/","name":"emanature.com","description":"Eveillez vos sens, Lib\u00e9rez votre bien-\u00eatre","publisher":{"@id":"https:\/\/emanature.com\/#organization"},"potentialAction":[{"@type":"SearchAction","target":{"@type":"EntryPoint","urlTemplate":"https:\/\/emanature.com\/?s={search_term_string}"},"query-input":"required name=search_term_string"}],"inLanguage":"fr-FR"},{"@type":"Organization","@id":"https:\/\/emanature.com\/#organization","name":"emanature.com","url":"https:\/\/emanature.com\/","logo":{"@type":"ImageObject","inLanguage":"fr-FR","@id":"https:\/\/emanature.com\/#\/schema\/logo\/image\/","url":"https:\/\/emanature.com\/wp-content\/uploads\/2024\/04\/logo-ok-web.svg","contentUrl":"https:\/\/emanature.com\/wp-content\/uploads\/2024\/04\/logo-ok-web.svg","width":571,"height":81,"caption":"emanature.com"},"image":{"@id":"https:\/\/emanature.com\/#\/schema\/logo\/image\/"}}]}},"jetpack_sharing_enabled":true,"_links":{"self":[{"href":"https:\/\/emanature.com\/index.php\/wp-json\/wp\/v2\/pages\/1048"}],"collection":[{"href":"https:\/\/emanature.com\/index.php\/wp-json\/wp\/v2\/pages"}],"about":[{"href":"https:\/\/emanature.com\/index.php\/wp-json\/wp\/v2\/types\/page"}],"author":[{"embeddable":true,"href":"https:\/\/emanature.com\/index.php\/wp-json\/wp\/v2\/users\/1"}],"replies":[{"embeddable":true,"href":"https:\/\/emanature.com\/index.php\/wp-json\/wp\/v2\/comments?post=1048"}],"version-history":[{"count":56,"href":"https:\/\/emanature.com\/index.php\/wp-json\/wp\/v2\/pages\/1048\/revisions"}],"predecessor-version":[{"id":1800,"href":"https:\/\/emanature.com\/index.php\/wp-json\/wp\/v2\/pages\/1048\/revisions\/1800"}],"wp:attachment":[{"href":"https:\/\/emanature.com\/index.php\/wp-json\/wp\/v2\/media?parent=1048"}],"curies":[{"name":"wp","href":"https:\/\/api.w.org\/{rel}","templated":true}]}}