{"id":1127,"date":"2024-05-08T20:48:56","date_gmt":"2024-05-08T18:48:56","guid":{"rendered":"https:\/\/emanature.com\/index.php\/shop-huiles-essentielles-copy-copy\/"},"modified":"2024-05-08T22:57:27","modified_gmt":"2024-05-08T20:57:27","slug":"shop-huiles-essentielles-copy-copy","status":"publish","type":"page","link":"https:\/\/emanature.com\/index.php\/shop-huiles-essentielles-copy-copy\/","title":{"rendered":"certifications"},"content":{"rendered":"\t\t<div data-elementor-type=\"wp-page\" data-elementor-id=\"1127\" class=\"elementor elementor-1127\">\n\t\t\t\t<div class=\"elementor-element elementor-element-bba54b6 e-con-full e-flex wpr-particle-no wpr-jarallax-no wpr-parallax-no wpr-sticky-section-no wpr-equal-height-no e-con e-parent\" data-id=\"bba54b6\" data-element_type=\"container\" data-settings=\"{&quot;background_background&quot;:&quot;classic&quot;}\">\n\t\t\t\t<div class=\"elementor-element elementor-element-39856e7c elementor-widget elementor-widget-heading\" data-id=\"39856e7c\" data-element_type=\"widget\" data-widget_type=\"heading.default\">\n\t\t\t\t<div class=\"elementor-widget-container\">\n\t\t\t\t\t<h1 class=\"elementor-heading-title elementor-size-default\">NOS CERTIFICATIONS<\/h1>\t\t\t\t<\/div>\n\t\t\t\t<\/div>\n\t\t\t\t<div class=\"elementor-element elementor-element-60338e0e elementor-widget elementor-widget-text-editor\" data-id=\"60338e0e\" data-element_type=\"widget\" data-widget_type=\"text-editor.default\">\n\t\t\t\t<div class=\"elementor-widget-container\">\n\t\t\t\t\t\t\t\t\t<p>Depuis toujours nous avons \u00e0 c\u0153ur d\u2019utiliser des ingr\u00e9dients d\u2019une grande richesse pour votre sant\u00e9 tout en respectant un processus de fabrication respectueux de l\u2019environnement.<br \/>C\u2019est pourquoi nous avons obtenu plusieurs labels pour garantir la qualit\u00e9 de nos produits.<\/p>\t\t\t\t\t\t\t\t<\/div>\n\t\t\t\t<\/div>\n\t\t\t\t<\/div>\n\t\t<div class=\"elementor-element elementor-element-41ebc83 e-flex e-con-boxed wpr-particle-no wpr-jarallax-no wpr-parallax-no wpr-sticky-section-no wpr-equal-height-no e-con e-parent\" data-id=\"41ebc83\" data-element_type=\"container\">\n\t\t\t\t\t<div class=\"e-con-inner\">\n\t\t<div class=\"elementor-element elementor-element-9865511 e-con-full e-flex wpr-particle-no wpr-jarallax-no wpr-parallax-no wpr-sticky-section-no wpr-equal-height-no e-con e-child\" data-id=\"9865511\" data-element_type=\"container\">\n\t\t\t\t<div class=\"elementor-element elementor-element-09d4a12 elementor-widget__width-initial elementor-widget elementor-widget-image\" data-id=\"09d4a12\" data-element_type=\"widget\" data-widget_type=\"image.default\">\n\t\t\t\t<div class=\"elementor-widget-container\">\n\t\t\t\t\t\t\t\t\t\t\t\t\t\t\t<img fetchpriority=\"high\" decoding=\"async\" width=\"500\" height=\"500\" src=\"https:\/\/emanature.com\/wp-content\/uploads\/2024\/05\/logo-ab.jpg\" class=\"attachment-large size-large wp-image-1143\" alt=\"\" srcset=\"https:\/\/emanature.com\/wp-content\/uploads\/2024\/05\/logo-ab.jpg 500w, https:\/\/emanature.com\/wp-content\/uploads\/2024\/05\/logo-ab-300x300.jpg 300w, https:\/\/emanature.com\/wp-content\/uploads\/2024\/05\/logo-ab-150x150.jpg 150w, https:\/\/emanature.com\/wp-content\/uploads\/2024\/05\/logo-ab-100x100.jpg 100w\" sizes=\"(max-width: 500px) 100vw, 500px\" \/>\t\t\t\t\t\t\t\t\t\t\t\t\t\t\t<\/div>\n\t\t\t\t<\/div>\n\t\t<div class=\"elementor-element elementor-element-b7e3c52 e-con-full e-flex wpr-particle-no wpr-jarallax-no wpr-parallax-no wpr-sticky-section-no wpr-equal-height-no e-con e-child\" data-id=\"b7e3c52\" data-element_type=\"container\">\n\t\t\t\t<div class=\"elementor-element elementor-element-d83e757 elementor-widget elementor-widget-text-editor\" data-id=\"d83e757\" data-element_type=\"widget\" data-widget_type=\"text-editor.default\">\n\t\t\t\t<div class=\"elementor-widget-container\">\n\t\t\t\t\t\t\t\t\t<p>AGRICULTURE BIOLOGIQUE<\/p>\t\t\t\t\t\t\t\t<\/div>\n\t\t\t\t<\/div>\n\t\t\t\t<div class=\"elementor-element elementor-element-22ae660 elementor-widget elementor-widget-text-editor\" data-id=\"22ae660\" data-element_type=\"widget\" data-widget_type=\"text-editor.default\">\n\t\t\t\t<div class=\"elementor-widget-container\">\n\t\t\t\t\t\t\t\t\t<p>Le label AB certifie des produits issus de l&rsquo;agriculture biologique en France, <b>garantissant l&rsquo;absence de pesticides et d&rsquo;engrais synth\u00e9tiques.<\/b> Les producteurs certifi\u00e9s AB s&rsquo;engagent \u00e9galement \u00e0 favoriser la biodiversit\u00e9, le bien-\u00eatre animal et \u00e0 limiter leur impact sur l&rsquo;environnement<\/p>\t\t\t\t\t\t\t\t<\/div>\n\t\t\t\t<\/div>\n\t\t\t\t<\/div>\n\t\t\t\t<\/div>\n\t\t<div class=\"elementor-element elementor-element-448ae82 e-con-full e-flex wpr-particle-no wpr-jarallax-no wpr-parallax-no wpr-sticky-section-no wpr-equal-height-no e-con e-child\" data-id=\"448ae82\" data-element_type=\"container\">\n\t\t\t\t<div class=\"elementor-element elementor-element-114ba2a elementor-widget__width-initial elementor-widget elementor-widget-image\" data-id=\"114ba2a\" data-element_type=\"widget\" data-widget_type=\"image.default\">\n\t\t\t\t<div class=\"elementor-widget-container\">\n\t\t\t\t\t\t\t\t\t\t\t\t\t\t\t<img decoding=\"async\" width=\"500\" height=\"500\" src=\"https:\/\/emanature.com\/wp-content\/uploads\/2024\/05\/logo-vegan.jpg\" class=\"attachment-large size-large wp-image-1146\" alt=\"\" srcset=\"https:\/\/emanature.com\/wp-content\/uploads\/2024\/05\/logo-vegan.jpg 500w, https:\/\/emanature.com\/wp-content\/uploads\/2024\/05\/logo-vegan-300x300.jpg 300w, https:\/\/emanature.com\/wp-content\/uploads\/2024\/05\/logo-vegan-150x150.jpg 150w, https:\/\/emanature.com\/wp-content\/uploads\/2024\/05\/logo-vegan-100x100.jpg 100w\" sizes=\"(max-width: 500px) 100vw, 500px\" \/>\t\t\t\t\t\t\t\t\t\t\t\t\t\t\t<\/div>\n\t\t\t\t<\/div>\n\t\t<div class=\"elementor-element elementor-element-ed4c357 e-con-full e-flex wpr-particle-no wpr-jarallax-no wpr-parallax-no wpr-sticky-section-no wpr-equal-height-no e-con e-child\" data-id=\"ed4c357\" data-element_type=\"container\">\n\t\t\t\t<div class=\"elementor-element elementor-element-b3c51c9 elementor-widget elementor-widget-text-editor\" data-id=\"b3c51c9\" data-element_type=\"widget\" data-widget_type=\"text-editor.default\">\n\t\t\t\t<div class=\"elementor-widget-container\">\n\t\t\t\t\t\t\t\t\t<p>VEGAN SOCIETY<\/p>\t\t\t\t\t\t\t\t<\/div>\n\t\t\t\t<\/div>\n\t\t\t\t<div class=\"elementor-element elementor-element-39fde4c elementor-widget elementor-widget-text-editor\" data-id=\"39fde4c\" data-element_type=\"widget\" data-widget_type=\"text-editor.default\">\n\t\t\t\t<div class=\"elementor-widget-container\">\n\t\t\t\t\t\t\t\t\t<p>Vegan Society est une marque d\u00e9pos\u00e9e depuis 1944. C\u2019est le <b>standard international pour les produits v\u00e9gans.<\/b> Il garantit la non-utilisation de produit ou de sous-produit d\u2019origine animale. Aucun test sur les animaux ne doit \u00eatre effectu\u00e9.<\/p>\t\t\t\t\t\t\t\t<\/div>\n\t\t\t\t<\/div>\n\t\t\t\t<\/div>\n\t\t\t\t<\/div>\n\t\t\t\t\t<\/div>\n\t\t\t\t<\/div>\n\t\t<div class=\"elementor-element elementor-element-2488649 e-flex e-con-boxed wpr-particle-no wpr-jarallax-no wpr-parallax-no wpr-sticky-section-no wpr-equal-height-no e-con e-parent\" data-id=\"2488649\" data-element_type=\"container\">\n\t\t\t\t\t<div class=\"e-con-inner\">\n\t\t<div class=\"elementor-element elementor-element-c745ffb e-con-full e-flex wpr-particle-no wpr-jarallax-no wpr-parallax-no wpr-sticky-section-no wpr-equal-height-no e-con e-child\" data-id=\"c745ffb\" data-element_type=\"container\">\n\t\t\t\t<div class=\"elementor-element elementor-element-4a03db5 elementor-widget__width-initial elementor-widget elementor-widget-image\" data-id=\"4a03db5\" data-element_type=\"widget\" data-widget_type=\"image.default\">\n\t\t\t\t<div class=\"elementor-widget-container\">\n\t\t\t\t\t\t\t\t\t\t\t\t\t\t\t<img decoding=\"async\" width=\"500\" height=\"500\" src=\"https:\/\/emanature.com\/wp-content\/uploads\/2024\/05\/logo-cosmos.jpg\" class=\"attachment-large size-large wp-image-1144\" alt=\"\" srcset=\"https:\/\/emanature.com\/wp-content\/uploads\/2024\/05\/logo-cosmos.jpg 500w, https:\/\/emanature.com\/wp-content\/uploads\/2024\/05\/logo-cosmos-300x300.jpg 300w, https:\/\/emanature.com\/wp-content\/uploads\/2024\/05\/logo-cosmos-150x150.jpg 150w, https:\/\/emanature.com\/wp-content\/uploads\/2024\/05\/logo-cosmos-100x100.jpg 100w\" sizes=\"(max-width: 500px) 100vw, 500px\" \/>\t\t\t\t\t\t\t\t\t\t\t\t\t\t\t<\/div>\n\t\t\t\t<\/div>\n\t\t<div class=\"elementor-element elementor-element-8fd4660 e-con-full e-flex wpr-particle-no wpr-jarallax-no wpr-parallax-no wpr-sticky-section-no wpr-equal-height-no e-con e-child\" data-id=\"8fd4660\" data-element_type=\"container\">\n\t\t\t\t<div class=\"elementor-element elementor-element-46bbc10 elementor-widget elementor-widget-text-editor\" data-id=\"46bbc10\" data-element_type=\"widget\" data-widget_type=\"text-editor.default\">\n\t\t\t\t<div class=\"elementor-widget-container\">\n\t\t\t\t\t\t\t\t\t<p>COSMOS ORGANIC<\/p>\t\t\t\t\t\t\t\t<\/div>\n\t\t\t\t<\/div>\n\t\t\t\t<div class=\"elementor-element elementor-element-db42c82 elementor-widget elementor-widget-text-editor\" data-id=\"db42c82\" data-element_type=\"widget\" data-widget_type=\"text-editor.default\">\n\t\t\t\t<div class=\"elementor-widget-container\">\n\t\t\t\t\t\t\t\t\t<p>Le label Cosmebio, ax\u00e9 sur la cosm\u00e9tique biologique, repose sur des crit\u00e8res rigoureux. Il <b>exclut les ingr\u00e9dients controvers\u00e9s tels que les parab\u00e8nes et garantit des pratiques de fabrication respectueuses de l&rsquo;environnement.<\/b> Ce label offre aux consommateurs une assurance quant \u00e0 la qualit\u00e9 biologique et \u00e9thique des produits cosm\u00e9tiques qu&rsquo;ils choisissent.<\/p>\t\t\t\t\t\t\t\t<\/div>\n\t\t\t\t<\/div>\n\t\t\t\t<\/div>\n\t\t\t\t<\/div>\n\t\t<div class=\"elementor-element elementor-element-792031c e-con-full e-flex wpr-particle-no wpr-jarallax-no wpr-parallax-no wpr-sticky-section-no wpr-equal-height-no e-con e-child\" data-id=\"792031c\" data-element_type=\"container\">\n\t\t\t\t<div class=\"elementor-element elementor-element-514463e elementor-widget__width-initial elementor-widget elementor-widget-image\" data-id=\"514463e\" data-element_type=\"widget\" data-widget_type=\"image.default\">\n\t\t\t\t<div class=\"elementor-widget-container\">\n\t\t\t\t\t\t\t\t\t\t\t\t\t\t\t<img loading=\"lazy\" decoding=\"async\" width=\"500\" height=\"500\" src=\"https:\/\/emanature.com\/wp-content\/uploads\/2024\/05\/logo-slow.jpg\" class=\"attachment-large size-large wp-image-1145\" alt=\"\" srcset=\"https:\/\/emanature.com\/wp-content\/uploads\/2024\/05\/logo-slow.jpg 500w, https:\/\/emanature.com\/wp-content\/uploads\/2024\/05\/logo-slow-300x300.jpg 300w, https:\/\/emanature.com\/wp-content\/uploads\/2024\/05\/logo-slow-150x150.jpg 150w, https:\/\/emanature.com\/wp-content\/uploads\/2024\/05\/logo-slow-100x100.jpg 100w\" sizes=\"(max-width: 500px) 100vw, 500px\" \/>\t\t\t\t\t\t\t\t\t\t\t\t\t\t\t<\/div>\n\t\t\t\t<\/div>\n\t\t<div class=\"elementor-element elementor-element-a197b51 e-con-full e-flex wpr-particle-no wpr-jarallax-no wpr-parallax-no wpr-sticky-section-no wpr-equal-height-no e-con e-child\" data-id=\"a197b51\" data-element_type=\"container\">\n\t\t\t\t<div class=\"elementor-element elementor-element-67908d2 elementor-widget elementor-widget-text-editor\" data-id=\"67908d2\" data-element_type=\"widget\" data-widget_type=\"text-editor.default\">\n\t\t\t\t<div class=\"elementor-widget-container\">\n\t\t\t\t\t\t\t\t\t<p>SLOW COSMETIC<\/p>\t\t\t\t\t\t\t\t<\/div>\n\t\t\t\t<\/div>\n\t\t\t\t<div class=\"elementor-element elementor-element-220313c elementor-widget elementor-widget-text-editor\" data-id=\"220313c\" data-element_type=\"widget\" data-widget_type=\"text-editor.default\">\n\t\t\t\t<div class=\"elementor-widget-container\">\n\t\t\t\t\t\t\t\t\t<p>Emanature est marque laur\u00e9ate de la mention Slow Cosm\u00e9tique. Il <b>garantit un produit naturel, sans mati\u00e8re synth\u00e9tique ou compos\u00e9s pol\u00e9miques pour la sant\u00e9 ou l\u2019environnement, <\/b>mais aussi que les fili\u00e8res d\u2019approvisionnement soient responsables<br \/>et que le marketing soit soft et honn\u00eate.<\/p>\t\t\t\t\t\t\t\t<\/div>\n\t\t\t\t<\/div>\n\t\t\t\t<\/div>\n\t\t\t\t<\/div>\n\t\t\t\t\t<\/div>\n\t\t\t\t<\/div>\n\t\t\t\t<\/div>\n\t\t","protected":false},"excerpt":{"rendered":"<p>NOS CERTIFICATIONS Depuis toujours nous avons \u00e0 c\u0153ur d\u2019utiliser des ingr\u00e9dients d\u2019une grande richesse pour votre sant\u00e9 tout en respectant un processus de fabrication respectueux de l\u2019environnement.C\u2019est pourquoi nous avons obtenu plusieurs labels pour garantir la qualit\u00e9 de nos produits. AGRICULTURE BIOLOGIQUE Le label AB certifie des produits issus de l&rsquo;agriculture biologique en France, garantissant l&rsquo;absence de pesticides et d&rsquo;engrais synth\u00e9tiques. Les producteurs certifi\u00e9s AB s&rsquo;engagent \u00e9galement \u00e0 favoriser la biodiversit\u00e9, le bien-\u00eatre animal et \u00e0 limiter leur impact sur l&rsquo;environnement VEGAN SOCIETY Vegan Society est une marque d\u00e9pos\u00e9e depuis 1944. C\u2019est le standard international pour les produits v\u00e9gans. Il garantit la non-utilisation de produit ou de sous-produit d\u2019origine animale. Aucun test sur les animaux ne doit \u00eatre effectu\u00e9. COSMOS ORGANIC Le label Cosmebio, ax\u00e9 sur la cosm\u00e9tique biologique, repose sur des crit\u00e8res rigoureux. Il exclut les ingr\u00e9dients controvers\u00e9s tels que les parab\u00e8nes et garantit des pratiques de fabrication respectueuses de l&rsquo;environnement. Ce label offre aux consommateurs une assurance quant \u00e0 la qualit\u00e9 biologique et \u00e9thique des produits cosm\u00e9tiques qu&rsquo;ils choisissent. SLOW COSMETIC Emanature est marque laur\u00e9ate de la mention Slow Cosm\u00e9tique. Il garantit un produit naturel, sans mati\u00e8re synth\u00e9tique ou compos\u00e9s pol\u00e9miques pour la sant\u00e9 ou l\u2019environnement, mais aussi que les fili\u00e8res d\u2019approvisionnement soient responsableset que le marketing soit soft et honn\u00eate.<\/p>\n","protected":false},"author":1,"featured_media":0,"parent":0,"menu_order":0,"comment_status":"closed","ping_status":"closed","template":"","meta":{"footnotes":""},"yoast_head":"<!-- This site is optimized with the Yoast SEO plugin v22.8 - https:\/\/yoast.com\/wordpress\/plugins\/seo\/ -->\n<title>certifications - emanature.com<\/title>\n<meta name=\"robots\" content=\"index, follow, max-snippet:-1, max-image-preview:large, max-video-preview:-1\" \/>\n<link rel=\"canonical\" href=\"https:\/\/emanature.com\/index.php\/shop-huiles-essentielles-copy-copy\/\" \/>\n<meta property=\"og:locale\" content=\"fr_FR\" \/>\n<meta property=\"og:type\" content=\"article\" \/>\n<meta property=\"og:title\" content=\"certifications - emanature.com\" \/>\n<meta property=\"og:description\" content=\"NOS CERTIFICATIONS Depuis toujours nous avons \u00e0 c\u0153ur d\u2019utiliser des ingr\u00e9dients d\u2019une grande richesse pour votre sant\u00e9 tout en respectant un processus de fabrication respectueux de l\u2019environnement.C\u2019est pourquoi nous avons obtenu plusieurs labels pour garantir la qualit\u00e9 de nos produits. AGRICULTURE BIOLOGIQUE Le label AB certifie des produits issus de l&rsquo;agriculture biologique en France, garantissant l&rsquo;absence de pesticides et d&rsquo;engrais synth\u00e9tiques. Les producteurs certifi\u00e9s AB s&rsquo;engagent \u00e9galement \u00e0 favoriser la biodiversit\u00e9, le bien-\u00eatre animal et \u00e0 limiter leur impact sur l&rsquo;environnement VEGAN SOCIETY Vegan Society est une marque d\u00e9pos\u00e9e depuis 1944. C\u2019est le standard international pour les produits v\u00e9gans. Il garantit la non-utilisation de produit ou de sous-produit d\u2019origine animale. Aucun test sur les animaux ne doit \u00eatre effectu\u00e9. COSMOS ORGANIC Le label Cosmebio, ax\u00e9 sur la cosm\u00e9tique biologique, repose sur des crit\u00e8res rigoureux. Il exclut les ingr\u00e9dients controvers\u00e9s tels que les parab\u00e8nes et garantit des pratiques de fabrication respectueuses de l&rsquo;environnement. Ce label offre aux consommateurs une assurance quant \u00e0 la qualit\u00e9 biologique et \u00e9thique des produits cosm\u00e9tiques qu&rsquo;ils choisissent. SLOW COSMETIC Emanature est marque laur\u00e9ate de la mention Slow Cosm\u00e9tique. Il garantit un produit naturel, sans mati\u00e8re synth\u00e9tique ou compos\u00e9s pol\u00e9miques pour la sant\u00e9 ou l\u2019environnement, mais aussi que les fili\u00e8res d\u2019approvisionnement soient responsableset que le marketing soit soft et honn\u00eate.\" \/>\n<meta property=\"og:url\" content=\"https:\/\/emanature.com\/index.php\/shop-huiles-essentielles-copy-copy\/\" \/>\n<meta property=\"og:site_name\" content=\"emanature.com\" \/>\n<meta property=\"article:modified_time\" content=\"2024-05-08T20:57:27+00:00\" \/>\n<meta property=\"og:image\" content=\"https:\/\/emanature.com\/wp-content\/uploads\/2024\/05\/logo-ab.jpg\" \/>\n<meta name=\"twitter:card\" content=\"summary_large_image\" \/>\n<meta name=\"twitter:label1\" content=\"Dur\u00e9e de lecture estim\u00e9e\" \/>\n\t<meta name=\"twitter:data1\" content=\"1 minute\" \/>\n<script type=\"application\/ld+json\" class=\"yoast-schema-graph\">{\"@context\":\"https:\/\/schema.org\",\"@graph\":[{\"@type\":\"WebPage\",\"@id\":\"https:\/\/emanature.com\/index.php\/shop-huiles-essentielles-copy-copy\/\",\"url\":\"https:\/\/emanature.com\/index.php\/shop-huiles-essentielles-copy-copy\/\",\"name\":\"certifications - emanature.com\",\"isPartOf\":{\"@id\":\"https:\/\/emanature.com\/#website\"},\"primaryImageOfPage\":{\"@id\":\"https:\/\/emanature.com\/index.php\/shop-huiles-essentielles-copy-copy\/#primaryimage\"},\"image\":{\"@id\":\"https:\/\/emanature.com\/index.php\/shop-huiles-essentielles-copy-copy\/#primaryimage\"},\"thumbnailUrl\":\"https:\/\/emanature.com\/wp-content\/uploads\/2024\/05\/logo-ab.jpg\",\"datePublished\":\"2024-05-08T18:48:56+00:00\",\"dateModified\":\"2024-05-08T20:57:27+00:00\",\"breadcrumb\":{\"@id\":\"https:\/\/emanature.com\/index.php\/shop-huiles-essentielles-copy-copy\/#breadcrumb\"},\"inLanguage\":\"fr-FR\",\"potentialAction\":[{\"@type\":\"ReadAction\",\"target\":[\"https:\/\/emanature.com\/index.php\/shop-huiles-essentielles-copy-copy\/\"]}]},{\"@type\":\"ImageObject\",\"inLanguage\":\"fr-FR\",\"@id\":\"https:\/\/emanature.com\/index.php\/shop-huiles-essentielles-copy-copy\/#primaryimage\",\"url\":\"https:\/\/emanature.com\/wp-content\/uploads\/2024\/05\/logo-ab.jpg\",\"contentUrl\":\"https:\/\/emanature.com\/wp-content\/uploads\/2024\/05\/logo-ab.jpg\",\"width\":500,\"height\":500},{\"@type\":\"BreadcrumbList\",\"@id\":\"https:\/\/emanature.com\/index.php\/shop-huiles-essentielles-copy-copy\/#breadcrumb\",\"itemListElement\":[{\"@type\":\"ListItem\",\"position\":1,\"name\":\"Accueil\",\"item\":\"https:\/\/emanature.com\/\"},{\"@type\":\"ListItem\",\"position\":2,\"name\":\"certifications\"}]},{\"@type\":\"WebSite\",\"@id\":\"https:\/\/emanature.com\/#website\",\"url\":\"https:\/\/emanature.com\/\",\"name\":\"emanature.com\",\"description\":\"Eveillez vos sens, Lib\u00e9rez votre bien-\u00eatre\",\"publisher\":{\"@id\":\"https:\/\/emanature.com\/#organization\"},\"potentialAction\":[{\"@type\":\"SearchAction\",\"target\":{\"@type\":\"EntryPoint\",\"urlTemplate\":\"https:\/\/emanature.com\/?s={search_term_string}\"},\"query-input\":\"required name=search_term_string\"}],\"inLanguage\":\"fr-FR\"},{\"@type\":\"Organization\",\"@id\":\"https:\/\/emanature.com\/#organization\",\"name\":\"emanature.com\",\"url\":\"https:\/\/emanature.com\/\",\"logo\":{\"@type\":\"ImageObject\",\"inLanguage\":\"fr-FR\",\"@id\":\"https:\/\/emanature.com\/#\/schema\/logo\/image\/\",\"url\":\"https:\/\/emanature.com\/wp-content\/uploads\/2024\/04\/logo-ok-web.svg\",\"contentUrl\":\"https:\/\/emanature.com\/wp-content\/uploads\/2024\/04\/logo-ok-web.svg\",\"width\":571,\"height\":81,\"caption\":\"emanature.com\"},\"image\":{\"@id\":\"https:\/\/emanature.com\/#\/schema\/logo\/image\/\"}}]}<\/script>\n<!-- \/ Yoast SEO plugin. -->","yoast_head_json":{"title":"certifications - emanature.com","robots":{"index":"index","follow":"follow","max-snippet":"max-snippet:-1","max-image-preview":"max-image-preview:large","max-video-preview":"max-video-preview:-1"},"canonical":"https:\/\/emanature.com\/index.php\/shop-huiles-essentielles-copy-copy\/","og_locale":"fr_FR","og_type":"article","og_title":"certifications - emanature.com","og_description":"NOS CERTIFICATIONS Depuis toujours nous avons \u00e0 c\u0153ur d\u2019utiliser des ingr\u00e9dients d\u2019une grande richesse pour votre sant\u00e9 tout en respectant un processus de fabrication respectueux de l\u2019environnement.C\u2019est pourquoi nous avons obtenu plusieurs labels pour garantir la qualit\u00e9 de nos produits. AGRICULTURE BIOLOGIQUE Le label AB certifie des produits issus de l&rsquo;agriculture biologique en France, garantissant l&rsquo;absence de pesticides et d&rsquo;engrais synth\u00e9tiques. Les producteurs certifi\u00e9s AB s&rsquo;engagent \u00e9galement \u00e0 favoriser la biodiversit\u00e9, le bien-\u00eatre animal et \u00e0 limiter leur impact sur l&rsquo;environnement VEGAN SOCIETY Vegan Society est une marque d\u00e9pos\u00e9e depuis 1944. C\u2019est le standard international pour les produits v\u00e9gans. Il garantit la non-utilisation de produit ou de sous-produit d\u2019origine animale. Aucun test sur les animaux ne doit \u00eatre effectu\u00e9. COSMOS ORGANIC Le label Cosmebio, ax\u00e9 sur la cosm\u00e9tique biologique, repose sur des crit\u00e8res rigoureux. Il exclut les ingr\u00e9dients controvers\u00e9s tels que les parab\u00e8nes et garantit des pratiques de fabrication respectueuses de l&rsquo;environnement. Ce label offre aux consommateurs une assurance quant \u00e0 la qualit\u00e9 biologique et \u00e9thique des produits cosm\u00e9tiques qu&rsquo;ils choisissent. SLOW COSMETIC Emanature est marque laur\u00e9ate de la mention Slow Cosm\u00e9tique. Il garantit un produit naturel, sans mati\u00e8re synth\u00e9tique ou compos\u00e9s pol\u00e9miques pour la sant\u00e9 ou l\u2019environnement, mais aussi que les fili\u00e8res d\u2019approvisionnement soient responsableset que le marketing soit soft et honn\u00eate.","og_url":"https:\/\/emanature.com\/index.php\/shop-huiles-essentielles-copy-copy\/","og_site_name":"emanature.com","article_modified_time":"2024-05-08T20:57:27+00:00","og_image":[{"url":"https:\/\/emanature.com\/wp-content\/uploads\/2024\/05\/logo-ab.jpg"}],"twitter_card":"summary_large_image","twitter_misc":{"Dur\u00e9e de lecture estim\u00e9e":"1 minute"},"schema":{"@context":"https:\/\/schema.org","@graph":[{"@type":"WebPage","@id":"https:\/\/emanature.com\/index.php\/shop-huiles-essentielles-copy-copy\/","url":"https:\/\/emanature.com\/index.php\/shop-huiles-essentielles-copy-copy\/","name":"certifications - emanature.com","isPartOf":{"@id":"https:\/\/emanature.com\/#website"},"primaryImageOfPage":{"@id":"https:\/\/emanature.com\/index.php\/shop-huiles-essentielles-copy-copy\/#primaryimage"},"image":{"@id":"https:\/\/emanature.com\/index.php\/shop-huiles-essentielles-copy-copy\/#primaryimage"},"thumbnailUrl":"https:\/\/emanature.com\/wp-content\/uploads\/2024\/05\/logo-ab.jpg","datePublished":"2024-05-08T18:48:56+00:00","dateModified":"2024-05-08T20:57:27+00:00","breadcrumb":{"@id":"https:\/\/emanature.com\/index.php\/shop-huiles-essentielles-copy-copy\/#breadcrumb"},"inLanguage":"fr-FR","potentialAction":[{"@type":"ReadAction","target":["https:\/\/emanature.com\/index.php\/shop-huiles-essentielles-copy-copy\/"]}]},{"@type":"ImageObject","inLanguage":"fr-FR","@id":"https:\/\/emanature.com\/index.php\/shop-huiles-essentielles-copy-copy\/#primaryimage","url":"https:\/\/emanature.com\/wp-content\/uploads\/2024\/05\/logo-ab.jpg","contentUrl":"https:\/\/emanature.com\/wp-content\/uploads\/2024\/05\/logo-ab.jpg","width":500,"height":500},{"@type":"BreadcrumbList","@id":"https:\/\/emanature.com\/index.php\/shop-huiles-essentielles-copy-copy\/#breadcrumb","itemListElement":[{"@type":"ListItem","position":1,"name":"Accueil","item":"https:\/\/emanature.com\/"},{"@type":"ListItem","position":2,"name":"certifications"}]},{"@type":"WebSite","@id":"https:\/\/emanature.com\/#website","url":"https:\/\/emanature.com\/","name":"emanature.com","description":"Eveillez vos sens, Lib\u00e9rez votre bien-\u00eatre","publisher":{"@id":"https:\/\/emanature.com\/#organization"},"potentialAction":[{"@type":"SearchAction","target":{"@type":"EntryPoint","urlTemplate":"https:\/\/emanature.com\/?s={search_term_string}"},"query-input":"required name=search_term_string"}],"inLanguage":"fr-FR"},{"@type":"Organization","@id":"https:\/\/emanature.com\/#organization","name":"emanature.com","url":"https:\/\/emanature.com\/","logo":{"@type":"ImageObject","inLanguage":"fr-FR","@id":"https:\/\/emanature.com\/#\/schema\/logo\/image\/","url":"https:\/\/emanature.com\/wp-content\/uploads\/2024\/04\/logo-ok-web.svg","contentUrl":"https:\/\/emanature.com\/wp-content\/uploads\/2024\/04\/logo-ok-web.svg","width":571,"height":81,"caption":"emanature.com"},"image":{"@id":"https:\/\/emanature.com\/#\/schema\/logo\/image\/"}}]}},"jetpack_sharing_enabled":true,"_links":{"self":[{"href":"https:\/\/emanature.com\/index.php\/wp-json\/wp\/v2\/pages\/1127"}],"collection":[{"href":"https:\/\/emanature.com\/index.php\/wp-json\/wp\/v2\/pages"}],"about":[{"href":"https:\/\/emanature.com\/index.php\/wp-json\/wp\/v2\/types\/page"}],"author":[{"embeddable":true,"href":"https:\/\/emanature.com\/index.php\/wp-json\/wp\/v2\/users\/1"}],"replies":[{"embeddable":true,"href":"https:\/\/emanature.com\/index.php\/wp-json\/wp\/v2\/comments?post=1127"}],"version-history":[{"count":55,"href":"https:\/\/emanature.com\/index.php\/wp-json\/wp\/v2\/pages\/1127\/revisions"}],"predecessor-version":[{"id":1273,"href":"https:\/\/emanature.com\/index.php\/wp-json\/wp\/v2\/pages\/1127\/revisions\/1273"}],"wp:attachment":[{"href":"https:\/\/emanature.com\/index.php\/wp-json\/wp\/v2\/media?parent=1127"}],"curies":[{"name":"wp","href":"https:\/\/api.w.org\/{rel}","templated":true}]}}