{"id":101,"date":"2024-04-03T12:00:03","date_gmt":"2024-04-03T10:00:03","guid":{"rendered":"https:\/\/emanature.com\/?post_type=product&#038;p=101"},"modified":"2024-05-06T18:49:29","modified_gmt":"2024-05-06T16:49:29","slug":"huile-essentielle-de-menthe","status":"publish","type":"product","link":"https:\/\/emanature.com\/index.php\/product\/huile-essentielle-de-menthe\/","title":{"rendered":"Huile essentielle de Menthe"},"content":{"rendered":"<p class=\"has-text-color has-link-color wp-elements-a6214cca4f2b665bcd2cd55728829b57\" style=\"color:#bd8997;font-size:24px\"><strong>Description<\/strong><\/p><p style=\"font-size:16px\"><strong>L\u2019huile essentielle de menthe verte<\/strong> a un parfum puissant et frais, qui est <strong>revigorant et stimulant.<\/strong><\/p><p style=\"font-size:16px\">Une Huile Essentielle <strong>r\u00e9put\u00e9e pour une bonne digestion.<\/strong> Un repas copieux ou une digestion ralentie ? La composition riche en menthol de cette huile essentielle lui conf\u00e8re des <strong>vertus de soutien de la sph\u00e8re digestive.<\/strong> En cons\u00e9quence ? L&rsquo;Huile Essentielle de Menthe participe \u00e0 un <strong>bon confort digestif.<\/strong><\/p><p style=\"font-size:16px\"><strong>Cette huile essentielle de menthe verte bio est obtenue par la distillation \u00e0 la vapeur d\u2019eau<\/strong> des parties a\u00e9riennes de la plante, issus de l\u2019agriculture biologique. Elle est <strong>100% pure, 100% naturelle.<\/strong> C\u2019est une huile chemotyp\u00e9e, ce qui signifie que sa composition botanique et biochimique est strictement d\u00e9finie et contr\u00f4l\u00e9e pour vous assurer de retrouver l\u2019ensemble des mol\u00e9cules actives.<\/p><p class=\"has-text-color has-link-color wp-elements-84babc6ea2e9cc7dface150c3c94c993\" style=\"color:#bd8997;font-size:24px\"><strong>Utilisation<\/strong><\/p><p style=\"font-size:16px\">\u2022 Tonique stimulante<br>\u2022 Antalgique, anesth\u00e9siante<br>\u2022 Anti-c\u00e9phalique<br>\u2022 Anti-virale, anti-bact\u00e9rienne<br>\u2022 D\u00e9congestionnante<\/p><p class=\"has-text-color has-link-color wp-elements-25f4504aa4ba3b1ba29a701bc46b4267\" style=\"color:#bd8997;font-size:24px\"><strong>Caract\u00e9ristiques techniques<\/strong><\/p><p style=\"font-size:16px\"><strong>Nom botanique:<\/strong> <em>Mentha viridis<\/em><br><strong>Mode d\u2019obtention :<\/strong> Distillation \u00e0 la vapeur d\u2019eau<br><strong>Partie de plante :<\/strong> Sommit\u00e9s fleurie<br><br><strong>Ch\u00e9motype :<\/strong> Carvone, D-limonene, Carv\u00e9ol.<br><strong>Densit\u00e9 relative :<\/strong> 0.890 &#8211; 0.937 (\u00e0 20\u00b0C)<br><strong>Point \u00e9clair :<\/strong> +63\u00b0 C<br><strong>Origine :<\/strong> M\u00e9zien, France<\/p><p class=\"has-text-color has-link-color wp-elements-c7c1382109dc8932735a0810eddf2f6f\" style=\"color:#bd8997;font-size:24px\"><strong>Pr\u00e9cautions d\u2019utilisation<\/strong><\/p><p style=\"font-size:16px\">Se laver les mains avant et apr\u00e8s avoir utilis\u00e9 des huiles essentielles.<br>Ne pas utiliser l\u2019huile essentielle de menthe  chez la femme enceinte pendant tout le temps de la grossesse.<br>Femmes allaitantes, demandez conseil \u00e0 votre m\u00e9decin.<br>Ne pas utiliser l\u2019huile essentielle de menthe chez les b\u00e9b\u00e9s et les enfants de moins de 7 ans.<br>Ne pas laisser les flacons d\u2019huiles essentielles \u00e0 la port\u00e9e des enfants.<br>STRICTEMENT interdit aux enfants de moins de 3 ans.<\/p>","protected":false},"excerpt":{"rendered":"<p>L\u2019huile essentielle de menthe verte est <strong>id\u00e9ale pour d\u00e9gager les voies respiratoires et encourager le syst\u00e8me digestif.<\/strong> Gr\u00e2ce \u00e0 son <strong>odeur fra\u00eeche et agr\u00e9able,<\/strong> l&rsquo;huile essentielle de Menthe est traditionnellement connue pour <strong>aider \u00e0 lutter contre les naus\u00e9es, le mal des transports et les maux de t\u00eate.<\/strong><\/p>\n","protected":false},"featured_media":689,"template":"","meta":[],"product_cat":[16],"product_tag":[],"yoast_head":"<!-- This site is optimized with the Yoast SEO plugin v22.8 - https:\/\/yoast.com\/wordpress\/plugins\/seo\/ -->\n<title>Huile essentielle de Menthe - emanature.com<\/title>\n<meta name=\"robots\" content=\"index, follow, max-snippet:-1, max-image-preview:large, max-video-preview:-1\" \/>\n<link rel=\"canonical\" href=\"https:\/\/emanature.com\/index.php\/product\/huile-essentielle-de-menthe\/\" \/>\n<meta property=\"og:locale\" content=\"fr_FR\" \/>\n<meta property=\"og:type\" content=\"article\" \/>\n<meta property=\"og:title\" content=\"Huile essentielle de Menthe - emanature.com\" \/>\n<meta property=\"og:description\" content=\"L\u2019huile essentielle de menthe verte est id\u00e9ale pour d\u00e9gager les voies respiratoires et encourager le syst\u00e8me digestif. Gr\u00e2ce \u00e0 son odeur fra\u00eeche et agr\u00e9able, l&#039;huile essentielle de Menthe est traditionnellement connue pour aider \u00e0 lutter contre les naus\u00e9es, le mal des transports et les maux de t\u00eate.\" \/>\n<meta property=\"og:url\" content=\"https:\/\/emanature.com\/index.php\/product\/huile-essentielle-de-menthe\/\" \/>\n<meta property=\"og:site_name\" content=\"emanature.com\" \/>\n<meta property=\"article:modified_time\" content=\"2024-05-06T16:49:29+00:00\" \/>\n<meta property=\"og:image\" content=\"https:\/\/emanature.com\/wp-content\/uploads\/2024\/05\/huile-essentielle-menthe-scaled.jpg\" \/>\n\t<meta property=\"og:image:width\" content=\"2560\" \/>\n\t<meta property=\"og:image:height\" content=\"2560\" \/>\n\t<meta property=\"og:image:type\" content=\"image\/jpeg\" \/>\n<meta name=\"twitter:card\" content=\"summary_large_image\" \/>\n<meta name=\"twitter:label1\" content=\"Dur\u00e9e de lecture estim\u00e9e\" \/>\n\t<meta name=\"twitter:data1\" content=\"1 minute\" \/>\n<script type=\"application\/ld+json\" class=\"yoast-schema-graph\">{\"@context\":\"https:\/\/schema.org\",\"@graph\":[{\"@type\":\"WebPage\",\"@id\":\"https:\/\/emanature.com\/index.php\/product\/huile-essentielle-de-menthe\/\",\"url\":\"https:\/\/emanature.com\/index.php\/product\/huile-essentielle-de-menthe\/\",\"name\":\"Huile essentielle de Menthe - emanature.com\",\"isPartOf\":{\"@id\":\"https:\/\/emanature.com\/#website\"},\"primaryImageOfPage\":{\"@id\":\"https:\/\/emanature.com\/index.php\/product\/huile-essentielle-de-menthe\/#primaryimage\"},\"image\":{\"@id\":\"https:\/\/emanature.com\/index.php\/product\/huile-essentielle-de-menthe\/#primaryimage\"},\"thumbnailUrl\":\"https:\/\/emanature.com\/wp-content\/uploads\/2024\/05\/huile-essentielle-menthe-scaled.jpg\",\"datePublished\":\"2024-04-03T10:00:03+00:00\",\"dateModified\":\"2024-05-06T16:49:29+00:00\",\"breadcrumb\":{\"@id\":\"https:\/\/emanature.com\/index.php\/product\/huile-essentielle-de-menthe\/#breadcrumb\"},\"inLanguage\":\"fr-FR\",\"potentialAction\":[{\"@type\":\"ReadAction\",\"target\":[\"https:\/\/emanature.com\/index.php\/product\/huile-essentielle-de-menthe\/\"]}]},{\"@type\":\"ImageObject\",\"inLanguage\":\"fr-FR\",\"@id\":\"https:\/\/emanature.com\/index.php\/product\/huile-essentielle-de-menthe\/#primaryimage\",\"url\":\"https:\/\/emanature.com\/wp-content\/uploads\/2024\/05\/huile-essentielle-menthe-scaled.jpg\",\"contentUrl\":\"https:\/\/emanature.com\/wp-content\/uploads\/2024\/05\/huile-essentielle-menthe-scaled.jpg\",\"width\":2560,\"height\":2560},{\"@type\":\"BreadcrumbList\",\"@id\":\"https:\/\/emanature.com\/index.php\/product\/huile-essentielle-de-menthe\/#breadcrumb\",\"itemListElement\":[{\"@type\":\"ListItem\",\"position\":1,\"name\":\"Accueil\",\"item\":\"https:\/\/emanature.com\/\"},{\"@type\":\"ListItem\",\"position\":2,\"name\":\"Produits\",\"item\":\"https:\/\/emanature.com\/index.php\/shop\/\"},{\"@type\":\"ListItem\",\"position\":3,\"name\":\"Huile essentielle de Menthe\"}]},{\"@type\":\"WebSite\",\"@id\":\"https:\/\/emanature.com\/#website\",\"url\":\"https:\/\/emanature.com\/\",\"name\":\"emanature.com\",\"description\":\"Eveillez vos sens, Lib\u00e9rez votre bien-\u00eatre\",\"publisher\":{\"@id\":\"https:\/\/emanature.com\/#organization\"},\"potentialAction\":[{\"@type\":\"SearchAction\",\"target\":{\"@type\":\"EntryPoint\",\"urlTemplate\":\"https:\/\/emanature.com\/?s={search_term_string}\"},\"query-input\":\"required name=search_term_string\"}],\"inLanguage\":\"fr-FR\"},{\"@type\":\"Organization\",\"@id\":\"https:\/\/emanature.com\/#organization\",\"name\":\"emanature.com\",\"url\":\"https:\/\/emanature.com\/\",\"logo\":{\"@type\":\"ImageObject\",\"inLanguage\":\"fr-FR\",\"@id\":\"https:\/\/emanature.com\/#\/schema\/logo\/image\/\",\"url\":\"https:\/\/emanature.com\/wp-content\/uploads\/2024\/04\/logo-ok-web.svg\",\"contentUrl\":\"https:\/\/emanature.com\/wp-content\/uploads\/2024\/04\/logo-ok-web.svg\",\"width\":571,\"height\":81,\"caption\":\"emanature.com\"},\"image\":{\"@id\":\"https:\/\/emanature.com\/#\/schema\/logo\/image\/\"}}]}<\/script>\n<!-- \/ Yoast SEO plugin. -->","yoast_head_json":{"title":"Huile essentielle de Menthe - emanature.com","robots":{"index":"index","follow":"follow","max-snippet":"max-snippet:-1","max-image-preview":"max-image-preview:large","max-video-preview":"max-video-preview:-1"},"canonical":"https:\/\/emanature.com\/index.php\/product\/huile-essentielle-de-menthe\/","og_locale":"fr_FR","og_type":"article","og_title":"Huile essentielle de Menthe - emanature.com","og_description":"L\u2019huile essentielle de menthe verte est id\u00e9ale pour d\u00e9gager les voies respiratoires et encourager le syst\u00e8me digestif. Gr\u00e2ce \u00e0 son odeur fra\u00eeche et agr\u00e9able, l'huile essentielle de Menthe est traditionnellement connue pour aider \u00e0 lutter contre les naus\u00e9es, le mal des transports et les maux de t\u00eate.","og_url":"https:\/\/emanature.com\/index.php\/product\/huile-essentielle-de-menthe\/","og_site_name":"emanature.com","article_modified_time":"2024-05-06T16:49:29+00:00","og_image":[{"width":2560,"height":2560,"url":"https:\/\/emanature.com\/wp-content\/uploads\/2024\/05\/huile-essentielle-menthe-scaled.jpg","type":"image\/jpeg"}],"twitter_card":"summary_large_image","twitter_misc":{"Dur\u00e9e de lecture estim\u00e9e":"1 minute"},"schema":{"@context":"https:\/\/schema.org","@graph":[{"@type":"WebPage","@id":"https:\/\/emanature.com\/index.php\/product\/huile-essentielle-de-menthe\/","url":"https:\/\/emanature.com\/index.php\/product\/huile-essentielle-de-menthe\/","name":"Huile essentielle de Menthe - emanature.com","isPartOf":{"@id":"https:\/\/emanature.com\/#website"},"primaryImageOfPage":{"@id":"https:\/\/emanature.com\/index.php\/product\/huile-essentielle-de-menthe\/#primaryimage"},"image":{"@id":"https:\/\/emanature.com\/index.php\/product\/huile-essentielle-de-menthe\/#primaryimage"},"thumbnailUrl":"https:\/\/emanature.com\/wp-content\/uploads\/2024\/05\/huile-essentielle-menthe-scaled.jpg","datePublished":"2024-04-03T10:00:03+00:00","dateModified":"2024-05-06T16:49:29+00:00","breadcrumb":{"@id":"https:\/\/emanature.com\/index.php\/product\/huile-essentielle-de-menthe\/#breadcrumb"},"inLanguage":"fr-FR","potentialAction":[{"@type":"ReadAction","target":["https:\/\/emanature.com\/index.php\/product\/huile-essentielle-de-menthe\/"]}]},{"@type":"ImageObject","inLanguage":"fr-FR","@id":"https:\/\/emanature.com\/index.php\/product\/huile-essentielle-de-menthe\/#primaryimage","url":"https:\/\/emanature.com\/wp-content\/uploads\/2024\/05\/huile-essentielle-menthe-scaled.jpg","contentUrl":"https:\/\/emanature.com\/wp-content\/uploads\/2024\/05\/huile-essentielle-menthe-scaled.jpg","width":2560,"height":2560},{"@type":"BreadcrumbList","@id":"https:\/\/emanature.com\/index.php\/product\/huile-essentielle-de-menthe\/#breadcrumb","itemListElement":[{"@type":"ListItem","position":1,"name":"Accueil","item":"https:\/\/emanature.com\/"},{"@type":"ListItem","position":2,"name":"Produits","item":"https:\/\/emanature.com\/index.php\/shop\/"},{"@type":"ListItem","position":3,"name":"Huile essentielle de Menthe"}]},{"@type":"WebSite","@id":"https:\/\/emanature.com\/#website","url":"https:\/\/emanature.com\/","name":"emanature.com","description":"Eveillez vos sens, Lib\u00e9rez votre bien-\u00eatre","publisher":{"@id":"https:\/\/emanature.com\/#organization"},"potentialAction":[{"@type":"SearchAction","target":{"@type":"EntryPoint","urlTemplate":"https:\/\/emanature.com\/?s={search_term_string}"},"query-input":"required name=search_term_string"}],"inLanguage":"fr-FR"},{"@type":"Organization","@id":"https:\/\/emanature.com\/#organization","name":"emanature.com","url":"https:\/\/emanature.com\/","logo":{"@type":"ImageObject","inLanguage":"fr-FR","@id":"https:\/\/emanature.com\/#\/schema\/logo\/image\/","url":"https:\/\/emanature.com\/wp-content\/uploads\/2024\/04\/logo-ok-web.svg","contentUrl":"https:\/\/emanature.com\/wp-content\/uploads\/2024\/04\/logo-ok-web.svg","width":571,"height":81,"caption":"emanature.com"},"image":{"@id":"https:\/\/emanature.com\/#\/schema\/logo\/image\/"}}]}},"jetpack_sharing_enabled":true,"_links":{"self":[{"href":"https:\/\/emanature.com\/index.php\/wp-json\/wp\/v2\/product\/101"}],"collection":[{"href":"https:\/\/emanature.com\/index.php\/wp-json\/wp\/v2\/product"}],"about":[{"href":"https:\/\/emanature.com\/index.php\/wp-json\/wp\/v2\/types\/product"}],"wp:featuredmedia":[{"embeddable":true,"href":"https:\/\/emanature.com\/index.php\/wp-json\/wp\/v2\/media\/689"}],"wp:attachment":[{"href":"https:\/\/emanature.com\/index.php\/wp-json\/wp\/v2\/media?parent=101"}],"wp:term":[{"taxonomy":"product_cat","embeddable":true,"href":"https:\/\/emanature.com\/index.php\/wp-json\/wp\/v2\/product_cat?post=101"},{"taxonomy":"product_tag","embeddable":true,"href":"https:\/\/emanature.com\/index.php\/wp-json\/wp\/v2\/product_tag?post=101"}],"curies":[{"name":"wp","href":"https:\/\/api.w.org\/{rel}","templated":true}]}}