{"id":113,"date":"2024-04-03T15:22:01","date_gmt":"2024-04-03T13:22:01","guid":{"rendered":"https:\/\/emanature.com\/?post_type=product&#038;p=113"},"modified":"2024-05-06T18:49:55","modified_gmt":"2024-05-06T16:49:55","slug":"huile-essentielle-de-romarin","status":"publish","type":"product","link":"https:\/\/emanature.com\/index.php\/product\/huile-essentielle-de-romarin\/","title":{"rendered":"Huile essentielle de Romarin"},"content":{"rendered":"<p class=\"has-text-color has-link-color wp-elements-a6214cca4f2b665bcd2cd55728829b57\" style=\"color:#bd8997;font-size:24px\"><strong>Description<\/strong><\/p><p style=\"font-size:16px\">Tonique, l\u2019huile essentielle de romarin \u00e0 cin\u00e9ole <strong>accompagne les \u00e9pisodes hivernaux.<\/strong> En cas de <strong>surmenage ou de fatigue,<\/strong> son odeur puissante vous redonne un coup de boost ! Anti-infectieuse, elle vous <strong>aide \u00e0 lib\u00e9rer vos voies respiratoires.<\/strong><\/p><p style=\"font-size:16px\"><strong>Le romarin \u00e0 cin\u00e9ole<\/strong> est un arbrisseau aux fleurs bleut\u00e9es et aux feuilles coriaces, toujours vertes et en forme d\u2019\u00e9pines. En Provence, on le nomme \u00abencensier\u00bb puisque son <strong>odeur prononc\u00e9e \u00e9voque celle de l\u2019encens.<\/strong><\/p><p style=\"font-size:16px\">Cette huile essentielle est vendue en flacon en verre ambr\u00e9 recycl\u00e9 avec compte-gouttes et s\u00e9curit\u00e9 enfant. Fabriqu\u00e9e et contr\u00f4l\u00e9e, dans nos locaux situ\u00e9s dans les Alpes de Haute Provence.<\/p><p class=\"has-text-color has-link-color wp-elements-84babc6ea2e9cc7dface150c3c94c993\" style=\"color:#bd8997;font-size:24px\"><strong>Utilisation<\/strong><\/p><p style=\"font-size:16px\">\u2022 Cicatrisante et r\u00e9g\u00e9n\u00e9ratrice cutan\u00e9e<br>\u2022 R\u00e9gulatrice nerveuse et cardiaque<br>\u2022 R\u00e9gulatrice endocrinien important<br>\u2022 Lipolytique<\/p><p class=\"has-text-color has-link-color wp-elements-25f4504aa4ba3b1ba29a701bc46b4267\" style=\"color:#bd8997;font-size:24px\"><strong>Caract\u00e9ristiques techniques<\/strong><\/p><p style=\"font-size:16px\"><strong>Nom botanique:<\/strong> <em>Rosmarinus officinalis L.<\/em><br><strong>Mode d\u2019obtention :<\/strong> Distillation \u00e0 la vapeur d\u2019eau<br><strong>Partie de plante :<\/strong> Rameaux et sommit\u00e9s fleuries<br><br><strong>Ch\u00e9motype :<\/strong> Eucalyptus, Camphre, Pinenes<br><strong>Densit\u00e9 relative :<\/strong> 0.907 \u00e0 0.92 (\u00e0 20\u00b0C)<br><strong>Point \u00e9clair :<\/strong> +43\u00b0 C<br><strong>Origine :<\/strong> La Rochette, France<\/p><p class=\"has-text-color has-link-color wp-elements-c7c1382109dc8932735a0810eddf2f6f\" style=\"color:#bd8997;font-size:24px\"><strong>Pr\u00e9cautions d\u2019utilisation<\/strong><\/p><p style=\"font-size:16px\">Se laver les mains avant et apr\u00e8s avoir utilis\u00e9 des huiles essentielles.<br>Ne pas utiliser l\u2019huile essentielle de romarin \u00e0 chez la femme enceinte pendant les 3 premiers mois de grossesse.&nbsp;<br>Femmes allaitantes, demandez conseil \u00e0 votre m\u00e9decin.<\/p>","protected":false},"excerpt":{"rendered":"<p>Le romarin \u00e0 cin\u00e9ole <strong>booste les performances mentales et redonne de l\u2019\u00e9nergie physique.<\/strong> En hiver, il apporte ses bienfaits en cas <strong>d\u2019infections respiratoires et de mains ou pieds blancs et froids.<\/strong><\/p>\n","protected":false},"featured_media":690,"template":"","meta":[],"product_cat":[16],"product_tag":[],"yoast_head":"<!-- This site is optimized with the Yoast SEO plugin v22.8 - https:\/\/yoast.com\/wordpress\/plugins\/seo\/ -->\n<title>Huile essentielle de Romarin - emanature.com<\/title>\n<meta name=\"robots\" content=\"index, follow, max-snippet:-1, max-image-preview:large, max-video-preview:-1\" \/>\n<link rel=\"canonical\" href=\"https:\/\/emanature.com\/index.php\/product\/huile-essentielle-de-romarin\/\" \/>\n<meta property=\"og:locale\" content=\"fr_FR\" \/>\n<meta property=\"og:type\" content=\"article\" \/>\n<meta property=\"og:title\" content=\"Huile essentielle de Romarin - emanature.com\" \/>\n<meta property=\"og:description\" content=\"Le romarin \u00e0 cin\u00e9ole booste les performances mentales et redonne de l\u2019\u00e9nergie physique. En hiver, il apporte ses bienfaits en cas d\u2019infections respiratoires et de mains ou pieds blancs et froids.\" \/>\n<meta property=\"og:url\" content=\"https:\/\/emanature.com\/index.php\/product\/huile-essentielle-de-romarin\/\" \/>\n<meta property=\"og:site_name\" content=\"emanature.com\" \/>\n<meta property=\"article:modified_time\" content=\"2024-05-06T16:49:55+00:00\" \/>\n<meta property=\"og:image\" content=\"https:\/\/emanature.com\/wp-content\/uploads\/2024\/05\/huile-essentielle-romarin-scaled.jpg\" \/>\n\t<meta property=\"og:image:width\" content=\"2560\" \/>\n\t<meta property=\"og:image:height\" content=\"2560\" \/>\n\t<meta property=\"og:image:type\" content=\"image\/jpeg\" \/>\n<meta name=\"twitter:card\" content=\"summary_large_image\" \/>\n<meta name=\"twitter:label1\" content=\"Dur\u00e9e de lecture estim\u00e9e\" \/>\n\t<meta name=\"twitter:data1\" content=\"1 minute\" \/>\n<script type=\"application\/ld+json\" class=\"yoast-schema-graph\">{\"@context\":\"https:\/\/schema.org\",\"@graph\":[{\"@type\":\"WebPage\",\"@id\":\"https:\/\/emanature.com\/index.php\/product\/huile-essentielle-de-romarin\/\",\"url\":\"https:\/\/emanature.com\/index.php\/product\/huile-essentielle-de-romarin\/\",\"name\":\"Huile essentielle de Romarin - emanature.com\",\"isPartOf\":{\"@id\":\"https:\/\/emanature.com\/#website\"},\"primaryImageOfPage\":{\"@id\":\"https:\/\/emanature.com\/index.php\/product\/huile-essentielle-de-romarin\/#primaryimage\"},\"image\":{\"@id\":\"https:\/\/emanature.com\/index.php\/product\/huile-essentielle-de-romarin\/#primaryimage\"},\"thumbnailUrl\":\"https:\/\/emanature.com\/wp-content\/uploads\/2024\/05\/huile-essentielle-romarin-scaled.jpg\",\"datePublished\":\"2024-04-03T13:22:01+00:00\",\"dateModified\":\"2024-05-06T16:49:55+00:00\",\"breadcrumb\":{\"@id\":\"https:\/\/emanature.com\/index.php\/product\/huile-essentielle-de-romarin\/#breadcrumb\"},\"inLanguage\":\"fr-FR\",\"potentialAction\":[{\"@type\":\"ReadAction\",\"target\":[\"https:\/\/emanature.com\/index.php\/product\/huile-essentielle-de-romarin\/\"]}]},{\"@type\":\"ImageObject\",\"inLanguage\":\"fr-FR\",\"@id\":\"https:\/\/emanature.com\/index.php\/product\/huile-essentielle-de-romarin\/#primaryimage\",\"url\":\"https:\/\/emanature.com\/wp-content\/uploads\/2024\/05\/huile-essentielle-romarin-scaled.jpg\",\"contentUrl\":\"https:\/\/emanature.com\/wp-content\/uploads\/2024\/05\/huile-essentielle-romarin-scaled.jpg\",\"width\":2560,\"height\":2560},{\"@type\":\"BreadcrumbList\",\"@id\":\"https:\/\/emanature.com\/index.php\/product\/huile-essentielle-de-romarin\/#breadcrumb\",\"itemListElement\":[{\"@type\":\"ListItem\",\"position\":1,\"name\":\"Accueil\",\"item\":\"https:\/\/emanature.com\/\"},{\"@type\":\"ListItem\",\"position\":2,\"name\":\"Produits\",\"item\":\"https:\/\/emanature.com\/index.php\/shop\/\"},{\"@type\":\"ListItem\",\"position\":3,\"name\":\"Huile essentielle de Romarin\"}]},{\"@type\":\"WebSite\",\"@id\":\"https:\/\/emanature.com\/#website\",\"url\":\"https:\/\/emanature.com\/\",\"name\":\"emanature.com\",\"description\":\"Eveillez vos sens, Lib\u00e9rez votre bien-\u00eatre\",\"publisher\":{\"@id\":\"https:\/\/emanature.com\/#organization\"},\"potentialAction\":[{\"@type\":\"SearchAction\",\"target\":{\"@type\":\"EntryPoint\",\"urlTemplate\":\"https:\/\/emanature.com\/?s={search_term_string}\"},\"query-input\":\"required name=search_term_string\"}],\"inLanguage\":\"fr-FR\"},{\"@type\":\"Organization\",\"@id\":\"https:\/\/emanature.com\/#organization\",\"name\":\"emanature.com\",\"url\":\"https:\/\/emanature.com\/\",\"logo\":{\"@type\":\"ImageObject\",\"inLanguage\":\"fr-FR\",\"@id\":\"https:\/\/emanature.com\/#\/schema\/logo\/image\/\",\"url\":\"https:\/\/emanature.com\/wp-content\/uploads\/2024\/04\/logo-ok-web.svg\",\"contentUrl\":\"https:\/\/emanature.com\/wp-content\/uploads\/2024\/04\/logo-ok-web.svg\",\"width\":571,\"height\":81,\"caption\":\"emanature.com\"},\"image\":{\"@id\":\"https:\/\/emanature.com\/#\/schema\/logo\/image\/\"}}]}<\/script>\n<!-- \/ Yoast SEO plugin. -->","yoast_head_json":{"title":"Huile essentielle de Romarin - emanature.com","robots":{"index":"index","follow":"follow","max-snippet":"max-snippet:-1","max-image-preview":"max-image-preview:large","max-video-preview":"max-video-preview:-1"},"canonical":"https:\/\/emanature.com\/index.php\/product\/huile-essentielle-de-romarin\/","og_locale":"fr_FR","og_type":"article","og_title":"Huile essentielle de Romarin - emanature.com","og_description":"Le romarin \u00e0 cin\u00e9ole booste les performances mentales et redonne de l\u2019\u00e9nergie physique. En hiver, il apporte ses bienfaits en cas d\u2019infections respiratoires et de mains ou pieds blancs et froids.","og_url":"https:\/\/emanature.com\/index.php\/product\/huile-essentielle-de-romarin\/","og_site_name":"emanature.com","article_modified_time":"2024-05-06T16:49:55+00:00","og_image":[{"width":2560,"height":2560,"url":"https:\/\/emanature.com\/wp-content\/uploads\/2024\/05\/huile-essentielle-romarin-scaled.jpg","type":"image\/jpeg"}],"twitter_card":"summary_large_image","twitter_misc":{"Dur\u00e9e de lecture estim\u00e9e":"1 minute"},"schema":{"@context":"https:\/\/schema.org","@graph":[{"@type":"WebPage","@id":"https:\/\/emanature.com\/index.php\/product\/huile-essentielle-de-romarin\/","url":"https:\/\/emanature.com\/index.php\/product\/huile-essentielle-de-romarin\/","name":"Huile essentielle de Romarin - emanature.com","isPartOf":{"@id":"https:\/\/emanature.com\/#website"},"primaryImageOfPage":{"@id":"https:\/\/emanature.com\/index.php\/product\/huile-essentielle-de-romarin\/#primaryimage"},"image":{"@id":"https:\/\/emanature.com\/index.php\/product\/huile-essentielle-de-romarin\/#primaryimage"},"thumbnailUrl":"https:\/\/emanature.com\/wp-content\/uploads\/2024\/05\/huile-essentielle-romarin-scaled.jpg","datePublished":"2024-04-03T13:22:01+00:00","dateModified":"2024-05-06T16:49:55+00:00","breadcrumb":{"@id":"https:\/\/emanature.com\/index.php\/product\/huile-essentielle-de-romarin\/#breadcrumb"},"inLanguage":"fr-FR","potentialAction":[{"@type":"ReadAction","target":["https:\/\/emanature.com\/index.php\/product\/huile-essentielle-de-romarin\/"]}]},{"@type":"ImageObject","inLanguage":"fr-FR","@id":"https:\/\/emanature.com\/index.php\/product\/huile-essentielle-de-romarin\/#primaryimage","url":"https:\/\/emanature.com\/wp-content\/uploads\/2024\/05\/huile-essentielle-romarin-scaled.jpg","contentUrl":"https:\/\/emanature.com\/wp-content\/uploads\/2024\/05\/huile-essentielle-romarin-scaled.jpg","width":2560,"height":2560},{"@type":"BreadcrumbList","@id":"https:\/\/emanature.com\/index.php\/product\/huile-essentielle-de-romarin\/#breadcrumb","itemListElement":[{"@type":"ListItem","position":1,"name":"Accueil","item":"https:\/\/emanature.com\/"},{"@type":"ListItem","position":2,"name":"Produits","item":"https:\/\/emanature.com\/index.php\/shop\/"},{"@type":"ListItem","position":3,"name":"Huile essentielle de Romarin"}]},{"@type":"WebSite","@id":"https:\/\/emanature.com\/#website","url":"https:\/\/emanature.com\/","name":"emanature.com","description":"Eveillez vos sens, Lib\u00e9rez votre bien-\u00eatre","publisher":{"@id":"https:\/\/emanature.com\/#organization"},"potentialAction":[{"@type":"SearchAction","target":{"@type":"EntryPoint","urlTemplate":"https:\/\/emanature.com\/?s={search_term_string}"},"query-input":"required name=search_term_string"}],"inLanguage":"fr-FR"},{"@type":"Organization","@id":"https:\/\/emanature.com\/#organization","name":"emanature.com","url":"https:\/\/emanature.com\/","logo":{"@type":"ImageObject","inLanguage":"fr-FR","@id":"https:\/\/emanature.com\/#\/schema\/logo\/image\/","url":"https:\/\/emanature.com\/wp-content\/uploads\/2024\/04\/logo-ok-web.svg","contentUrl":"https:\/\/emanature.com\/wp-content\/uploads\/2024\/04\/logo-ok-web.svg","width":571,"height":81,"caption":"emanature.com"},"image":{"@id":"https:\/\/emanature.com\/#\/schema\/logo\/image\/"}}]}},"jetpack_sharing_enabled":true,"_links":{"self":[{"href":"https:\/\/emanature.com\/index.php\/wp-json\/wp\/v2\/product\/113"}],"collection":[{"href":"https:\/\/emanature.com\/index.php\/wp-json\/wp\/v2\/product"}],"about":[{"href":"https:\/\/emanature.com\/index.php\/wp-json\/wp\/v2\/types\/product"}],"wp:featuredmedia":[{"embeddable":true,"href":"https:\/\/emanature.com\/index.php\/wp-json\/wp\/v2\/media\/690"}],"wp:attachment":[{"href":"https:\/\/emanature.com\/index.php\/wp-json\/wp\/v2\/media?parent=113"}],"wp:term":[{"taxonomy":"product_cat","embeddable":true,"href":"https:\/\/emanature.com\/index.php\/wp-json\/wp\/v2\/product_cat?post=113"},{"taxonomy":"product_tag","embeddable":true,"href":"https:\/\/emanature.com\/index.php\/wp-json\/wp\/v2\/product_tag?post=113"}],"curies":[{"name":"wp","href":"https:\/\/api.w.org\/{rel}","templated":true}]}}