{"id":17,"date":"2024-04-02T16:20:02","date_gmt":"2024-04-02T14:20:02","guid":{"rendered":"https:\/\/emanature.com\/?post_type=product&#038;p=17"},"modified":"2024-05-06T18:46:50","modified_gmt":"2024-05-06T16:46:50","slug":"huile-essentielle-de-lavande-vraie","status":"publish","type":"product","link":"https:\/\/emanature.com\/index.php\/product\/huile-essentielle-de-lavande-vraie\/","title":{"rendered":"Huile essentielle de Lavande"},"content":{"rendered":"<p class=\"has-text-color has-link-color wp-elements-a683f0a1f6bb49eb8c63bfb41e28988d\" style=\"color:#bd8997;font-size:24px\"><strong>Description<\/strong><\/p><p style=\"font-size:16px\">L\u2019huile essentielle de lavande est <strong>indispensable dans la pharmacie familiale. <\/strong>Son parfum&nbsp; floral, frais et p\u00e9n\u00e9trant, <strong>rassure, calme la tension nerveuse et favorise l\u2019endormissement.<\/strong> Elle convient aux enfants comme aux adultes et est multi-taches : outre son action s\u00e9dative, elle <strong>apaise les irritations de la peau, les douleurs articulaires, les maux de t\u00eate ou les piq\u00fbres d\u2019insectes.<\/strong> C\u2019est un repousse nuisibles d\u00e9j\u00e0 connu de nos grands-m\u00e8res pour <strong>\u00e9loigner les poux et les mites.<\/strong><br><br><\/p><p class=\"has-text-color has-link-color wp-elements-ad928d20b9fff2e56be1c96bfc41be7d\" style=\"color:#bd8997;font-size:24px\"><strong>Utilisation<\/strong><\/p><p style=\"font-size:16px\">\u2022 Antispasmodique puissante<br>\u2022 Calmante, s\u00e9dative<br>\u2022 Anti-d\u00e9pressive<br>\u2022 Cicatrisante puissante, r\u00e9g\u00e9n\u00e9ratrice cutan\u00e9e<br>\u2022 Anti-microbienne et antiseptique<br><br><\/p><p class=\"has-text-color has-link-color wp-elements-25f4504aa4ba3b1ba29a701bc46b4267\" style=\"color:#bd8997;font-size:24px\"><strong>Caract\u00e9ristiques techniques<\/strong><\/p><p style=\"font-size:16px\"><strong>Nom botanique :<\/strong> <em>Lavandula angustifolia Mill.<\/em><br><strong>Mode d\u2019obtention :<\/strong> Distillation \u00e0 la vapeur d\u2019eau<br><strong>Partie de plante :<\/strong> Sommit\u00e9s fleuries<br><br><strong>Ch\u00e9motype :<\/strong> Linalyl acetate; Linalool; Lavandulyl acetate; Terpinene 1 ol 4<br><strong>Densit\u00e9 relative :<\/strong> 0.87 \u00e0 0.89<br><strong>Point \u00e9clair :<\/strong> +71\u00b0 C<br><strong>Contient naturellement :<\/strong> G\u00e9raniol, D-limon\u00e8ne, Linalool.<br><strong>Origine :<\/strong> Saint-Puy, France<br><br><\/p><p class=\"has-text-color has-link-color wp-elements-8949e10d7e24461e3f53a31fd893ffe4\" style=\"color:#bd8997;font-size:24px\"><strong>Pr\u00e9cautions d\u2019utilisation<\/strong><\/p><p style=\"font-size:16px\">Se laver les mains avant et apr\u00e8s avoir utilis\u00e9 de l\u2019huile essentielle de Lavande Vraie.<br>Ne pas utiliser l\u2019huile essentielle de lavande vraie chez la femme enceinte pendant les 3 premiers mois de grossesse.<br>Femmes allaitantes, demandez conseil \u00e0 votre m\u00e9decin.<br>Ne pas utiliser l\u2019huile essentielle de lavande vraie chez les b\u00e9b\u00e9s et les enfants de moins de 3 ans.<br>Ne pas laisser les flacons d\u2019huiles essentielles \u00e0 la port\u00e9e des enfants.<\/p>","protected":false},"excerpt":{"rendered":"<p>\u00ab Couteau suisse \u00bb de l\u2019aromath\u00e9rapie, l\u2019huile essentielle de lavande <strong>favorise la relaxation, apaise les blessures et l\u2019inconfort digestif,<\/strong> purifie et parfume la maison et le linge tout en <strong>\u00e9loignant les insectes !<\/strong><\/p>\n","protected":false},"featured_media":688,"template":"","meta":[],"product_cat":[16],"product_tag":[],"yoast_head":"<!-- This site is optimized with the Yoast SEO plugin v22.8 - https:\/\/yoast.com\/wordpress\/plugins\/seo\/ -->\n<title>Huile essentielle de Lavande - emanature.com<\/title>\n<meta name=\"robots\" content=\"index, follow, max-snippet:-1, max-image-preview:large, max-video-preview:-1\" \/>\n<link rel=\"canonical\" href=\"https:\/\/emanature.com\/index.php\/product\/huile-essentielle-de-lavande-vraie\/\" \/>\n<meta property=\"og:locale\" content=\"fr_FR\" \/>\n<meta property=\"og:type\" content=\"article\" \/>\n<meta property=\"og:title\" content=\"Huile essentielle de Lavande - emanature.com\" \/>\n<meta property=\"og:description\" content=\"\u00ab Couteau suisse \u00bb de l\u2019aromath\u00e9rapie, l\u2019huile essentielle de lavande favorise la relaxation, apaise les blessures et l\u2019inconfort digestif, purifie et parfume la maison et le linge tout en \u00e9loignant les insectes !\" \/>\n<meta property=\"og:url\" content=\"https:\/\/emanature.com\/index.php\/product\/huile-essentielle-de-lavande-vraie\/\" \/>\n<meta property=\"og:site_name\" content=\"emanature.com\" \/>\n<meta property=\"article:modified_time\" content=\"2024-05-06T16:46:50+00:00\" \/>\n<meta property=\"og:image\" content=\"https:\/\/emanature.com\/wp-content\/uploads\/2024\/05\/huile-essentielle-lavande-scaled.jpg\" \/>\n\t<meta property=\"og:image:width\" content=\"2560\" \/>\n\t<meta property=\"og:image:height\" content=\"2560\" \/>\n\t<meta property=\"og:image:type\" content=\"image\/jpeg\" \/>\n<meta name=\"twitter:card\" content=\"summary_large_image\" \/>\n<meta name=\"twitter:label1\" content=\"Dur\u00e9e de lecture estim\u00e9e\" \/>\n\t<meta name=\"twitter:data1\" content=\"1 minute\" \/>\n<script type=\"application\/ld+json\" class=\"yoast-schema-graph\">{\"@context\":\"https:\/\/schema.org\",\"@graph\":[{\"@type\":\"WebPage\",\"@id\":\"https:\/\/emanature.com\/index.php\/product\/huile-essentielle-de-lavande-vraie\/\",\"url\":\"https:\/\/emanature.com\/index.php\/product\/huile-essentielle-de-lavande-vraie\/\",\"name\":\"Huile essentielle de Lavande - emanature.com\",\"isPartOf\":{\"@id\":\"https:\/\/emanature.com\/#website\"},\"primaryImageOfPage\":{\"@id\":\"https:\/\/emanature.com\/index.php\/product\/huile-essentielle-de-lavande-vraie\/#primaryimage\"},\"image\":{\"@id\":\"https:\/\/emanature.com\/index.php\/product\/huile-essentielle-de-lavande-vraie\/#primaryimage\"},\"thumbnailUrl\":\"https:\/\/emanature.com\/wp-content\/uploads\/2024\/05\/huile-essentielle-lavande-scaled.jpg\",\"datePublished\":\"2024-04-02T14:20:02+00:00\",\"dateModified\":\"2024-05-06T16:46:50+00:00\",\"breadcrumb\":{\"@id\":\"https:\/\/emanature.com\/index.php\/product\/huile-essentielle-de-lavande-vraie\/#breadcrumb\"},\"inLanguage\":\"fr-FR\",\"potentialAction\":[{\"@type\":\"ReadAction\",\"target\":[\"https:\/\/emanature.com\/index.php\/product\/huile-essentielle-de-lavande-vraie\/\"]}]},{\"@type\":\"ImageObject\",\"inLanguage\":\"fr-FR\",\"@id\":\"https:\/\/emanature.com\/index.php\/product\/huile-essentielle-de-lavande-vraie\/#primaryimage\",\"url\":\"https:\/\/emanature.com\/wp-content\/uploads\/2024\/05\/huile-essentielle-lavande-scaled.jpg\",\"contentUrl\":\"https:\/\/emanature.com\/wp-content\/uploads\/2024\/05\/huile-essentielle-lavande-scaled.jpg\",\"width\":2560,\"height\":2560},{\"@type\":\"BreadcrumbList\",\"@id\":\"https:\/\/emanature.com\/index.php\/product\/huile-essentielle-de-lavande-vraie\/#breadcrumb\",\"itemListElement\":[{\"@type\":\"ListItem\",\"position\":1,\"name\":\"Accueil\",\"item\":\"https:\/\/emanature.com\/\"},{\"@type\":\"ListItem\",\"position\":2,\"name\":\"Produits\",\"item\":\"https:\/\/emanature.com\/index.php\/shop\/\"},{\"@type\":\"ListItem\",\"position\":3,\"name\":\"Huile essentielle de Lavande\"}]},{\"@type\":\"WebSite\",\"@id\":\"https:\/\/emanature.com\/#website\",\"url\":\"https:\/\/emanature.com\/\",\"name\":\"emanature.com\",\"description\":\"Eveillez vos sens, Lib\u00e9rez votre bien-\u00eatre\",\"publisher\":{\"@id\":\"https:\/\/emanature.com\/#organization\"},\"potentialAction\":[{\"@type\":\"SearchAction\",\"target\":{\"@type\":\"EntryPoint\",\"urlTemplate\":\"https:\/\/emanature.com\/?s={search_term_string}\"},\"query-input\":\"required name=search_term_string\"}],\"inLanguage\":\"fr-FR\"},{\"@type\":\"Organization\",\"@id\":\"https:\/\/emanature.com\/#organization\",\"name\":\"emanature.com\",\"url\":\"https:\/\/emanature.com\/\",\"logo\":{\"@type\":\"ImageObject\",\"inLanguage\":\"fr-FR\",\"@id\":\"https:\/\/emanature.com\/#\/schema\/logo\/image\/\",\"url\":\"https:\/\/emanature.com\/wp-content\/uploads\/2024\/04\/logo-ok-web.svg\",\"contentUrl\":\"https:\/\/emanature.com\/wp-content\/uploads\/2024\/04\/logo-ok-web.svg\",\"width\":571,\"height\":81,\"caption\":\"emanature.com\"},\"image\":{\"@id\":\"https:\/\/emanature.com\/#\/schema\/logo\/image\/\"}}]}<\/script>\n<!-- \/ Yoast SEO plugin. -->","yoast_head_json":{"title":"Huile essentielle de Lavande - emanature.com","robots":{"index":"index","follow":"follow","max-snippet":"max-snippet:-1","max-image-preview":"max-image-preview:large","max-video-preview":"max-video-preview:-1"},"canonical":"https:\/\/emanature.com\/index.php\/product\/huile-essentielle-de-lavande-vraie\/","og_locale":"fr_FR","og_type":"article","og_title":"Huile essentielle de Lavande - emanature.com","og_description":"\u00ab Couteau suisse \u00bb de l\u2019aromath\u00e9rapie, l\u2019huile essentielle de lavande favorise la relaxation, apaise les blessures et l\u2019inconfort digestif, purifie et parfume la maison et le linge tout en \u00e9loignant les insectes !","og_url":"https:\/\/emanature.com\/index.php\/product\/huile-essentielle-de-lavande-vraie\/","og_site_name":"emanature.com","article_modified_time":"2024-05-06T16:46:50+00:00","og_image":[{"width":2560,"height":2560,"url":"https:\/\/emanature.com\/wp-content\/uploads\/2024\/05\/huile-essentielle-lavande-scaled.jpg","type":"image\/jpeg"}],"twitter_card":"summary_large_image","twitter_misc":{"Dur\u00e9e de lecture estim\u00e9e":"1 minute"},"schema":{"@context":"https:\/\/schema.org","@graph":[{"@type":"WebPage","@id":"https:\/\/emanature.com\/index.php\/product\/huile-essentielle-de-lavande-vraie\/","url":"https:\/\/emanature.com\/index.php\/product\/huile-essentielle-de-lavande-vraie\/","name":"Huile essentielle de Lavande - emanature.com","isPartOf":{"@id":"https:\/\/emanature.com\/#website"},"primaryImageOfPage":{"@id":"https:\/\/emanature.com\/index.php\/product\/huile-essentielle-de-lavande-vraie\/#primaryimage"},"image":{"@id":"https:\/\/emanature.com\/index.php\/product\/huile-essentielle-de-lavande-vraie\/#primaryimage"},"thumbnailUrl":"https:\/\/emanature.com\/wp-content\/uploads\/2024\/05\/huile-essentielle-lavande-scaled.jpg","datePublished":"2024-04-02T14:20:02+00:00","dateModified":"2024-05-06T16:46:50+00:00","breadcrumb":{"@id":"https:\/\/emanature.com\/index.php\/product\/huile-essentielle-de-lavande-vraie\/#breadcrumb"},"inLanguage":"fr-FR","potentialAction":[{"@type":"ReadAction","target":["https:\/\/emanature.com\/index.php\/product\/huile-essentielle-de-lavande-vraie\/"]}]},{"@type":"ImageObject","inLanguage":"fr-FR","@id":"https:\/\/emanature.com\/index.php\/product\/huile-essentielle-de-lavande-vraie\/#primaryimage","url":"https:\/\/emanature.com\/wp-content\/uploads\/2024\/05\/huile-essentielle-lavande-scaled.jpg","contentUrl":"https:\/\/emanature.com\/wp-content\/uploads\/2024\/05\/huile-essentielle-lavande-scaled.jpg","width":2560,"height":2560},{"@type":"BreadcrumbList","@id":"https:\/\/emanature.com\/index.php\/product\/huile-essentielle-de-lavande-vraie\/#breadcrumb","itemListElement":[{"@type":"ListItem","position":1,"name":"Accueil","item":"https:\/\/emanature.com\/"},{"@type":"ListItem","position":2,"name":"Produits","item":"https:\/\/emanature.com\/index.php\/shop\/"},{"@type":"ListItem","position":3,"name":"Huile essentielle de Lavande"}]},{"@type":"WebSite","@id":"https:\/\/emanature.com\/#website","url":"https:\/\/emanature.com\/","name":"emanature.com","description":"Eveillez vos sens, Lib\u00e9rez votre bien-\u00eatre","publisher":{"@id":"https:\/\/emanature.com\/#organization"},"potentialAction":[{"@type":"SearchAction","target":{"@type":"EntryPoint","urlTemplate":"https:\/\/emanature.com\/?s={search_term_string}"},"query-input":"required name=search_term_string"}],"inLanguage":"fr-FR"},{"@type":"Organization","@id":"https:\/\/emanature.com\/#organization","name":"emanature.com","url":"https:\/\/emanature.com\/","logo":{"@type":"ImageObject","inLanguage":"fr-FR","@id":"https:\/\/emanature.com\/#\/schema\/logo\/image\/","url":"https:\/\/emanature.com\/wp-content\/uploads\/2024\/04\/logo-ok-web.svg","contentUrl":"https:\/\/emanature.com\/wp-content\/uploads\/2024\/04\/logo-ok-web.svg","width":571,"height":81,"caption":"emanature.com"},"image":{"@id":"https:\/\/emanature.com\/#\/schema\/logo\/image\/"}}]}},"jetpack_sharing_enabled":true,"_links":{"self":[{"href":"https:\/\/emanature.com\/index.php\/wp-json\/wp\/v2\/product\/17"}],"collection":[{"href":"https:\/\/emanature.com\/index.php\/wp-json\/wp\/v2\/product"}],"about":[{"href":"https:\/\/emanature.com\/index.php\/wp-json\/wp\/v2\/types\/product"}],"wp:featuredmedia":[{"embeddable":true,"href":"https:\/\/emanature.com\/index.php\/wp-json\/wp\/v2\/media\/688"}],"wp:attachment":[{"href":"https:\/\/emanature.com\/index.php\/wp-json\/wp\/v2\/media?parent=17"}],"wp:term":[{"taxonomy":"product_cat","embeddable":true,"href":"https:\/\/emanature.com\/index.php\/wp-json\/wp\/v2\/product_cat?post=17"},{"taxonomy":"product_tag","embeddable":true,"href":"https:\/\/emanature.com\/index.php\/wp-json\/wp\/v2\/product_tag?post=17"}],"curies":[{"name":"wp","href":"https:\/\/api.w.org\/{rel}","templated":true}]}}