{"id":304,"date":"2024-04-10T20:00:51","date_gmt":"2024-04-10T18:00:51","guid":{"rendered":"https:\/\/emanature.com\/index.php\/product\/huile-essentielle-de-cypres-copy\/"},"modified":"2024-05-06T18:51:01","modified_gmt":"2024-05-06T16:51:01","slug":"huile-essentielle-de-geranium-rosat","status":"publish","type":"product","link":"https:\/\/emanature.com\/index.php\/product\/huile-essentielle-de-geranium-rosat\/","title":{"rendered":"Huile essentielle de Geranium"},"content":{"rendered":"<p class=\"has-text-color has-link-color wp-elements-a6214cca4f2b665bcd2cd55728829b57\" style=\"color:#bd8997;font-size:24px\"><strong>Description<\/strong><\/p><p style=\"font-size:16px\"><strong>Connue pour ses utilisations en cosm\u00e9tique,<\/strong> l\u2019huile essentielle de g\u00e9ranium rosat <strong>\u00e9loigne \u00e9galement les insectes,<\/strong> surtout lorsqu\u2019elle est associ\u00e9e \u00e0 l\u2019huile essentielle de citronnelle.<\/p><p style=\"font-size:16px\">L\u2019huile essentielle de g\u00e9ranium est <strong>excellente pour la peau<\/strong> : elle poss\u00e8de des <strong>propri\u00e9t\u00e9s r\u00e9g\u00e9n\u00e9rantes et anti-\u00e2ge. Tonique et purifiante,<\/strong> elle lutte contre les imperfections. Le g\u00e9ranium bourbon facilite la <strong>r\u00e9paration de la peau en cas de coupures ou de plaies l\u00e9g\u00e8res.<\/strong><\/p><p style=\"font-size:16px\">Elle est principalement utilis\u00e9e pour la peau. Cette vari\u00e9t\u00e9 de g\u00e9ranium rosat est <strong>l&rsquo;une des esp\u00e8ces les plus parfum\u00e9es !<\/strong> Dilu\u00e9e dans une huile v\u00e9g\u00e9tale, l&rsquo;huile essentielle de g\u00e9ranium rosat dispose d&rsquo;un <strong>parfum agr\u00e9able et l\u00e9ger semblable \u00e0 la rose.<\/strong><\/p><p class=\"has-text-color has-link-color wp-elements-84babc6ea2e9cc7dface150c3c94c993\" style=\"color:#bd8997;font-size:24px\"><strong>Utilisation<\/strong><\/p><p style=\"font-size:16px\">\u2022 Anti-bact\u00e9rienne<br>\u2022 Fongicide puissante<br>\u2022 Antalgique<br>\u2022 Anti-inflammatoire<br>\u2022 Tonique astringente<\/p><p class=\"has-text-color has-link-color wp-elements-25f4504aa4ba3b1ba29a701bc46b4267\" style=\"color:#bd8997;font-size:24px\"><strong>Caract\u00e9ristiques techniques<\/strong><\/p><p style=\"font-size:16px\"><strong>Nom botanique :<\/strong> <em>Pelargonium asperum<\/em><br><strong>Mode d\u2019obtention :<\/strong> Distillations \u00e0 la vapeur d\u2019eau<br><strong>Partie de plante :<\/strong> Feuilles et tiges<br><br><strong>Ch\u00e9motype :<\/strong> Citronellol, Geraniol, Menthone<br><strong>Densit\u00e9 relative :<\/strong> \u00a00.88 \u00e0 0.905 (\u00e0 20\u00b0C)<br><strong>Point \u00e9clair :<\/strong> +83\u00b0 C<br><strong>Origine :<\/strong> Castel Bevons, France<\/p><p class=\"has-text-color has-link-color wp-elements-7249bafc947e5627efcab7f930c07b7e\" style=\"color:#bd8997;font-size:24px\"><strong><strong>Pr\u00e9cautions d&rsquo;utilisation<\/strong><\/strong><\/p><p style=\"font-size:16px\">Se laver les mains avant et apr\u00e8s avoir utilis\u00e9 des huiles essentielles.<br>Ne pas utiliser l\u2019huile essentielle de g\u00e9ranium rosat chez la femme enceinte pendant les 3 premiers mois de grossesse.<br>Femmes allaitantes, demandez conseil \u00e0 votre m\u00e9decin.<br><br>Ne pas utiliser l\u2019huile essentielle de g\u00e9ranium rosat chez les b\u00e9b\u00e9s et les enfants de moins de 10 ans.<br>Ne pas laisser les flacons d\u2019huiles essentielles \u00e0 la port\u00e9e des enfants.<\/p><p style=\"font-size:16px\">.<\/p>","protected":false},"excerpt":{"rendered":"<p><strong>Purifiante et tonique,<\/strong> cette huile essentielle est appr\u00e9ci\u00e9e pour son <strong>parfum suave et ses vertus assainissantes<\/strong> gr\u00e2ce \u00e0 sa richesse en monoterp\u00e9nols. Elle est\u00a0traditionnellement <strong>utilis\u00e9e pour ses vertus astringentes et r\u00e9paratrices.<\/strong><br \/><strong>Pour prendre soin de votre peau et de vos cheveux,<\/strong> ajouter une goutte d\u2019huile essentielle de g\u00e9ranium dans votre produit d\u2019hygi\u00e8ne ou de soin, vous profiterez en plus de son <strong>d\u00e9licieux parfum.<\/strong><\/p>\n","protected":false},"featured_media":685,"template":"","meta":[],"product_cat":[16],"product_tag":[],"yoast_head":"<!-- This site is optimized with the Yoast SEO plugin v22.8 - https:\/\/yoast.com\/wordpress\/plugins\/seo\/ -->\n<title>Huile essentielle de Geranium - emanature.com<\/title>\n<meta name=\"robots\" content=\"index, follow, max-snippet:-1, max-image-preview:large, max-video-preview:-1\" \/>\n<link rel=\"canonical\" href=\"https:\/\/emanature.com\/index.php\/product\/huile-essentielle-de-geranium-rosat\/\" \/>\n<meta property=\"og:locale\" content=\"fr_FR\" \/>\n<meta property=\"og:type\" content=\"article\" \/>\n<meta property=\"og:title\" content=\"Huile essentielle de Geranium - emanature.com\" \/>\n<meta property=\"og:description\" content=\"Purifiante et tonique, cette huile essentielle est appr\u00e9ci\u00e9e pour son parfum suave et ses vertus assainissantes gr\u00e2ce \u00e0 sa richesse en monoterp\u00e9nols. Elle est\u00a0traditionnellement utilis\u00e9e pour ses vertus astringentes et r\u00e9paratrices.Pour prendre soin de votre peau et de vos cheveux, ajouter une goutte d\u2019huile essentielle de g\u00e9ranium dans votre produit d\u2019hygi\u00e8ne ou de soin, vous profiterez en plus de son d\u00e9licieux parfum.\" \/>\n<meta property=\"og:url\" content=\"https:\/\/emanature.com\/index.php\/product\/huile-essentielle-de-geranium-rosat\/\" \/>\n<meta property=\"og:site_name\" content=\"emanature.com\" \/>\n<meta property=\"article:modified_time\" content=\"2024-05-06T16:51:01+00:00\" \/>\n<meta property=\"og:image\" content=\"https:\/\/emanature.com\/wp-content\/uploads\/2024\/05\/huile-essentielle-geranium-scaled.jpg\" \/>\n\t<meta property=\"og:image:width\" content=\"2560\" \/>\n\t<meta property=\"og:image:height\" content=\"2560\" \/>\n\t<meta property=\"og:image:type\" content=\"image\/jpeg\" \/>\n<meta name=\"twitter:card\" content=\"summary_large_image\" \/>\n<meta name=\"twitter:label1\" content=\"Dur\u00e9e de lecture estim\u00e9e\" \/>\n\t<meta name=\"twitter:data1\" content=\"1 minute\" \/>\n<script type=\"application\/ld+json\" class=\"yoast-schema-graph\">{\"@context\":\"https:\/\/schema.org\",\"@graph\":[{\"@type\":\"WebPage\",\"@id\":\"https:\/\/emanature.com\/index.php\/product\/huile-essentielle-de-geranium-rosat\/\",\"url\":\"https:\/\/emanature.com\/index.php\/product\/huile-essentielle-de-geranium-rosat\/\",\"name\":\"Huile essentielle de Geranium - emanature.com\",\"isPartOf\":{\"@id\":\"https:\/\/emanature.com\/#website\"},\"primaryImageOfPage\":{\"@id\":\"https:\/\/emanature.com\/index.php\/product\/huile-essentielle-de-geranium-rosat\/#primaryimage\"},\"image\":{\"@id\":\"https:\/\/emanature.com\/index.php\/product\/huile-essentielle-de-geranium-rosat\/#primaryimage\"},\"thumbnailUrl\":\"https:\/\/emanature.com\/wp-content\/uploads\/2024\/05\/huile-essentielle-geranium-scaled.jpg\",\"datePublished\":\"2024-04-10T18:00:51+00:00\",\"dateModified\":\"2024-05-06T16:51:01+00:00\",\"breadcrumb\":{\"@id\":\"https:\/\/emanature.com\/index.php\/product\/huile-essentielle-de-geranium-rosat\/#breadcrumb\"},\"inLanguage\":\"fr-FR\",\"potentialAction\":[{\"@type\":\"ReadAction\",\"target\":[\"https:\/\/emanature.com\/index.php\/product\/huile-essentielle-de-geranium-rosat\/\"]}]},{\"@type\":\"ImageObject\",\"inLanguage\":\"fr-FR\",\"@id\":\"https:\/\/emanature.com\/index.php\/product\/huile-essentielle-de-geranium-rosat\/#primaryimage\",\"url\":\"https:\/\/emanature.com\/wp-content\/uploads\/2024\/05\/huile-essentielle-geranium-scaled.jpg\",\"contentUrl\":\"https:\/\/emanature.com\/wp-content\/uploads\/2024\/05\/huile-essentielle-geranium-scaled.jpg\",\"width\":2560,\"height\":2560},{\"@type\":\"BreadcrumbList\",\"@id\":\"https:\/\/emanature.com\/index.php\/product\/huile-essentielle-de-geranium-rosat\/#breadcrumb\",\"itemListElement\":[{\"@type\":\"ListItem\",\"position\":1,\"name\":\"Accueil\",\"item\":\"https:\/\/emanature.com\/\"},{\"@type\":\"ListItem\",\"position\":2,\"name\":\"Produits\",\"item\":\"https:\/\/emanature.com\/index.php\/shop\/\"},{\"@type\":\"ListItem\",\"position\":3,\"name\":\"Huile essentielle de Geranium\"}]},{\"@type\":\"WebSite\",\"@id\":\"https:\/\/emanature.com\/#website\",\"url\":\"https:\/\/emanature.com\/\",\"name\":\"emanature.com\",\"description\":\"Eveillez vos sens, Lib\u00e9rez votre bien-\u00eatre\",\"publisher\":{\"@id\":\"https:\/\/emanature.com\/#organization\"},\"potentialAction\":[{\"@type\":\"SearchAction\",\"target\":{\"@type\":\"EntryPoint\",\"urlTemplate\":\"https:\/\/emanature.com\/?s={search_term_string}\"},\"query-input\":\"required name=search_term_string\"}],\"inLanguage\":\"fr-FR\"},{\"@type\":\"Organization\",\"@id\":\"https:\/\/emanature.com\/#organization\",\"name\":\"emanature.com\",\"url\":\"https:\/\/emanature.com\/\",\"logo\":{\"@type\":\"ImageObject\",\"inLanguage\":\"fr-FR\",\"@id\":\"https:\/\/emanature.com\/#\/schema\/logo\/image\/\",\"url\":\"https:\/\/emanature.com\/wp-content\/uploads\/2024\/04\/logo-ok-web.svg\",\"contentUrl\":\"https:\/\/emanature.com\/wp-content\/uploads\/2024\/04\/logo-ok-web.svg\",\"width\":571,\"height\":81,\"caption\":\"emanature.com\"},\"image\":{\"@id\":\"https:\/\/emanature.com\/#\/schema\/logo\/image\/\"}}]}<\/script>\n<!-- \/ Yoast SEO plugin. -->","yoast_head_json":{"title":"Huile essentielle de Geranium - emanature.com","robots":{"index":"index","follow":"follow","max-snippet":"max-snippet:-1","max-image-preview":"max-image-preview:large","max-video-preview":"max-video-preview:-1"},"canonical":"https:\/\/emanature.com\/index.php\/product\/huile-essentielle-de-geranium-rosat\/","og_locale":"fr_FR","og_type":"article","og_title":"Huile essentielle de Geranium - emanature.com","og_description":"Purifiante et tonique, cette huile essentielle est appr\u00e9ci\u00e9e pour son parfum suave et ses vertus assainissantes gr\u00e2ce \u00e0 sa richesse en monoterp\u00e9nols. Elle est\u00a0traditionnellement utilis\u00e9e pour ses vertus astringentes et r\u00e9paratrices.Pour prendre soin de votre peau et de vos cheveux, ajouter une goutte d\u2019huile essentielle de g\u00e9ranium dans votre produit d\u2019hygi\u00e8ne ou de soin, vous profiterez en plus de son d\u00e9licieux parfum.","og_url":"https:\/\/emanature.com\/index.php\/product\/huile-essentielle-de-geranium-rosat\/","og_site_name":"emanature.com","article_modified_time":"2024-05-06T16:51:01+00:00","og_image":[{"width":2560,"height":2560,"url":"https:\/\/emanature.com\/wp-content\/uploads\/2024\/05\/huile-essentielle-geranium-scaled.jpg","type":"image\/jpeg"}],"twitter_card":"summary_large_image","twitter_misc":{"Dur\u00e9e de lecture estim\u00e9e":"1 minute"},"schema":{"@context":"https:\/\/schema.org","@graph":[{"@type":"WebPage","@id":"https:\/\/emanature.com\/index.php\/product\/huile-essentielle-de-geranium-rosat\/","url":"https:\/\/emanature.com\/index.php\/product\/huile-essentielle-de-geranium-rosat\/","name":"Huile essentielle de Geranium - emanature.com","isPartOf":{"@id":"https:\/\/emanature.com\/#website"},"primaryImageOfPage":{"@id":"https:\/\/emanature.com\/index.php\/product\/huile-essentielle-de-geranium-rosat\/#primaryimage"},"image":{"@id":"https:\/\/emanature.com\/index.php\/product\/huile-essentielle-de-geranium-rosat\/#primaryimage"},"thumbnailUrl":"https:\/\/emanature.com\/wp-content\/uploads\/2024\/05\/huile-essentielle-geranium-scaled.jpg","datePublished":"2024-04-10T18:00:51+00:00","dateModified":"2024-05-06T16:51:01+00:00","breadcrumb":{"@id":"https:\/\/emanature.com\/index.php\/product\/huile-essentielle-de-geranium-rosat\/#breadcrumb"},"inLanguage":"fr-FR","potentialAction":[{"@type":"ReadAction","target":["https:\/\/emanature.com\/index.php\/product\/huile-essentielle-de-geranium-rosat\/"]}]},{"@type":"ImageObject","inLanguage":"fr-FR","@id":"https:\/\/emanature.com\/index.php\/product\/huile-essentielle-de-geranium-rosat\/#primaryimage","url":"https:\/\/emanature.com\/wp-content\/uploads\/2024\/05\/huile-essentielle-geranium-scaled.jpg","contentUrl":"https:\/\/emanature.com\/wp-content\/uploads\/2024\/05\/huile-essentielle-geranium-scaled.jpg","width":2560,"height":2560},{"@type":"BreadcrumbList","@id":"https:\/\/emanature.com\/index.php\/product\/huile-essentielle-de-geranium-rosat\/#breadcrumb","itemListElement":[{"@type":"ListItem","position":1,"name":"Accueil","item":"https:\/\/emanature.com\/"},{"@type":"ListItem","position":2,"name":"Produits","item":"https:\/\/emanature.com\/index.php\/shop\/"},{"@type":"ListItem","position":3,"name":"Huile essentielle de Geranium"}]},{"@type":"WebSite","@id":"https:\/\/emanature.com\/#website","url":"https:\/\/emanature.com\/","name":"emanature.com","description":"Eveillez vos sens, Lib\u00e9rez votre bien-\u00eatre","publisher":{"@id":"https:\/\/emanature.com\/#organization"},"potentialAction":[{"@type":"SearchAction","target":{"@type":"EntryPoint","urlTemplate":"https:\/\/emanature.com\/?s={search_term_string}"},"query-input":"required name=search_term_string"}],"inLanguage":"fr-FR"},{"@type":"Organization","@id":"https:\/\/emanature.com\/#organization","name":"emanature.com","url":"https:\/\/emanature.com\/","logo":{"@type":"ImageObject","inLanguage":"fr-FR","@id":"https:\/\/emanature.com\/#\/schema\/logo\/image\/","url":"https:\/\/emanature.com\/wp-content\/uploads\/2024\/04\/logo-ok-web.svg","contentUrl":"https:\/\/emanature.com\/wp-content\/uploads\/2024\/04\/logo-ok-web.svg","width":571,"height":81,"caption":"emanature.com"},"image":{"@id":"https:\/\/emanature.com\/#\/schema\/logo\/image\/"}}]}},"jetpack_sharing_enabled":true,"_links":{"self":[{"href":"https:\/\/emanature.com\/index.php\/wp-json\/wp\/v2\/product\/304"}],"collection":[{"href":"https:\/\/emanature.com\/index.php\/wp-json\/wp\/v2\/product"}],"about":[{"href":"https:\/\/emanature.com\/index.php\/wp-json\/wp\/v2\/types\/product"}],"wp:featuredmedia":[{"embeddable":true,"href":"https:\/\/emanature.com\/index.php\/wp-json\/wp\/v2\/media\/685"}],"wp:attachment":[{"href":"https:\/\/emanature.com\/index.php\/wp-json\/wp\/v2\/media?parent=304"}],"wp:term":[{"taxonomy":"product_cat","embeddable":true,"href":"https:\/\/emanature.com\/index.php\/wp-json\/wp\/v2\/product_cat?post=304"},{"taxonomy":"product_tag","embeddable":true,"href":"https:\/\/emanature.com\/index.php\/wp-json\/wp\/v2\/product_tag?post=304"}],"curies":[{"name":"wp","href":"https:\/\/api.w.org\/{rel}","templated":true}]}}