{"id":308,"date":"2024-04-10T20:24:32","date_gmt":"2024-04-10T18:24:32","guid":{"rendered":"https:\/\/emanature.com\/?post_type=product&#038;p=308"},"modified":"2024-05-06T18:53:24","modified_gmt":"2024-05-06T16:53:24","slug":"huile-essentielle-de-basilic","status":"publish","type":"product","link":"https:\/\/emanature.com\/index.php\/product\/huile-essentielle-de-basilic\/","title":{"rendered":"Huile essentielle de Basilic"},"content":{"rendered":"<p class=\"has-text-color has-link-color wp-elements-a6214cca4f2b665bcd2cd55728829b57\" style=\"color:#bd8997;font-size:24px\"><strong>Description<\/strong><\/p><p style=\"font-size:16px\">Connue pour ses <strong>propri\u00e9t\u00e9s antispasmodiques,<\/strong> l\u2019huile essentielle de basilic Bio est <strong>tr\u00e8s r\u00e9put\u00e9e en cas de troubles digestifs, spasmes, ballonnements.<\/strong> Elle a aussi des bienfaits revigorants qui <strong>aide \u00e0 lutter contre la fatigue.<\/strong><\/p><p style=\"font-size:16px\">C\u2019est une huile chemotyp\u00e9e, ce qui signifie que sa composition botanique et biochimique est strictement d\u00e9finie et contr\u00f4l\u00e9e pour vous assurer de retrouver l\u2019ensemble des mol\u00e9cules actives.<\/p><p style=\"font-size:16px\">Elle est connue pour ses <strong>vertus tonifiantes et revitalisantes.<\/strong> Elle<strong> stimule l\u2019\u00e9nergie,<\/strong> c\u2019est une arme de choix en <strong>p\u00e9riode de fatigue et d\u2019\u00e9tats grippaux.<\/strong><\/p><p class=\"has-text-color has-link-color wp-elements-84babc6ea2e9cc7dface150c3c94c993\" style=\"color:#bd8997;font-size:24px\"><strong>Utilisation<\/strong><\/p><p style=\"font-size:16px\">\u2022 Anti-bact\u00e9rienne<br>\u2022 Tonique digestive<br>\u2022 Anti-virale<br>\u2022 Antalgique<br>\u2022 Anti-inflammatoire<\/p><p class=\"has-text-color has-link-color wp-elements-25f4504aa4ba3b1ba29a701bc46b4267\" style=\"color:#bd8997;font-size:24px\"><strong>Caract\u00e9ristiques techniques<\/strong><\/p><p style=\"font-size:16px\"><strong>Nom botanique :<\/strong> <em>Ocimum basilicum L.<\/em><br><strong>Mode d\u2019obtention :<\/strong> Distillations \u00e0 la vapeur d\u2019eau<br><strong>Partie de plante :<\/strong> Feuilles et sommit\u00e9s fleuries<br><br><strong>Ch\u00e9motype :<\/strong> Methyl chavicol.<br><strong>Densit\u00e9 relative :<\/strong> \u00a00.932 \u00e0 0.970 (\u00e0 20\u00b0C)<br><strong>Point \u00e9clair :<\/strong> +72\u00b0 C<br><strong>Origine :<\/strong> Saint-Puy, France<\/p><p class=\"has-text-color has-link-color wp-elements-c7c1382109dc8932735a0810eddf2f6f\" style=\"color:#bd8997;font-size:24px\"><strong>Pr\u00e9cautions d\u2019utilisation<\/strong><\/p><p style=\"font-size:16px\">Se laver les mains avant et apr\u00e8s avoir utilis\u00e9 des huiles essentielles.<br>Ne pas utiliser l\u2019huile essentielle de basilic chez la femme enceinte pendant tout le temps de la grossesse.<br>Femmes allaitantes, demandez conseil \u00e0 votre m\u00e9decin.<br><br>Ne pas utiliser l\u2019huile essentielle de basilic chez les b\u00e9b\u00e9s et les enfants de moins de 6 ans.<br>Ne pas laisser les flacons d\u2019huiles essentielles \u00e0 la port\u00e9e des enfants.<\/p><p style=\"font-size:16px\">.<\/p>","protected":false},"excerpt":{"rendered":"<p><strong>Tonique et purifiante, <\/strong>l&rsquo;huile essentielle de basilic est aussi appr\u00e9ci\u00e9e pour sa <strong>richesse en compos\u00e9s antioxydants.<\/strong> Fortement \u00e9nergisante, elle est r\u00e9put\u00e9e pour\u00a0ses <strong>effets stimulants sur le corps et l&rsquo;esprit.<\/strong><br \/>L\u2019huile essentielle de Basilic pr\u00e9sente de nombreux bienfaits qui la rendent incontournable pour les <strong>troubles digestifs gr\u00e2ce \u00e0 son action antispasmodique. <\/strong>Plus g\u00e9n\u00e9ralement, elle peut s\u2019utiliser seule ou en synergie pour <strong>divers troubles\u00a0: ballonnements, digestion difficile, dysm\u00e9norrh\u00e9e\u2026<\/strong><\/p>\n","protected":false},"featured_media":678,"template":"","meta":[],"product_cat":[16],"product_tag":[],"yoast_head":"<!-- This site is optimized with the Yoast SEO plugin v22.8 - https:\/\/yoast.com\/wordpress\/plugins\/seo\/ -->\n<title>Huile essentielle de Basilic - emanature.com<\/title>\n<meta name=\"robots\" content=\"index, follow, max-snippet:-1, max-image-preview:large, max-video-preview:-1\" \/>\n<link rel=\"canonical\" href=\"https:\/\/emanature.com\/index.php\/product\/huile-essentielle-de-basilic\/\" \/>\n<meta property=\"og:locale\" content=\"fr_FR\" \/>\n<meta property=\"og:type\" content=\"article\" \/>\n<meta property=\"og:title\" content=\"Huile essentielle de Basilic - emanature.com\" \/>\n<meta property=\"og:description\" content=\"Tonique et purifiante, l&#039;huile essentielle de basilic est aussi appr\u00e9ci\u00e9e pour sa richesse en compos\u00e9s antioxydants. Fortement \u00e9nergisante, elle est r\u00e9put\u00e9e pour\u00a0ses effets stimulants sur le corps et l&#039;esprit.L\u2019huile essentielle de Basilic pr\u00e9sente de nombreux bienfaits qui la rendent incontournable pour les troubles digestifs gr\u00e2ce \u00e0 son action antispasmodique. Plus g\u00e9n\u00e9ralement, elle peut s\u2019utiliser seule ou en synergie pour divers troubles\u00a0: ballonnements, digestion difficile, dysm\u00e9norrh\u00e9e\u2026\" \/>\n<meta property=\"og:url\" content=\"https:\/\/emanature.com\/index.php\/product\/huile-essentielle-de-basilic\/\" \/>\n<meta property=\"og:site_name\" content=\"emanature.com\" \/>\n<meta property=\"article:modified_time\" content=\"2024-05-06T16:53:24+00:00\" \/>\n<meta property=\"og:image\" content=\"https:\/\/emanature.com\/wp-content\/uploads\/2024\/05\/huile-essentielle-basilic-scaled.jpg\" \/>\n\t<meta property=\"og:image:width\" content=\"2560\" \/>\n\t<meta property=\"og:image:height\" content=\"2560\" \/>\n\t<meta property=\"og:image:type\" content=\"image\/jpeg\" \/>\n<meta name=\"twitter:card\" content=\"summary_large_image\" \/>\n<meta name=\"twitter:label1\" content=\"Dur\u00e9e de lecture estim\u00e9e\" \/>\n\t<meta name=\"twitter:data1\" content=\"1 minute\" \/>\n<script type=\"application\/ld+json\" class=\"yoast-schema-graph\">{\"@context\":\"https:\/\/schema.org\",\"@graph\":[{\"@type\":\"WebPage\",\"@id\":\"https:\/\/emanature.com\/index.php\/product\/huile-essentielle-de-basilic\/\",\"url\":\"https:\/\/emanature.com\/index.php\/product\/huile-essentielle-de-basilic\/\",\"name\":\"Huile essentielle de Basilic - emanature.com\",\"isPartOf\":{\"@id\":\"https:\/\/emanature.com\/#website\"},\"primaryImageOfPage\":{\"@id\":\"https:\/\/emanature.com\/index.php\/product\/huile-essentielle-de-basilic\/#primaryimage\"},\"image\":{\"@id\":\"https:\/\/emanature.com\/index.php\/product\/huile-essentielle-de-basilic\/#primaryimage\"},\"thumbnailUrl\":\"https:\/\/emanature.com\/wp-content\/uploads\/2024\/05\/huile-essentielle-basilic-scaled.jpg\",\"datePublished\":\"2024-04-10T18:24:32+00:00\",\"dateModified\":\"2024-05-06T16:53:24+00:00\",\"breadcrumb\":{\"@id\":\"https:\/\/emanature.com\/index.php\/product\/huile-essentielle-de-basilic\/#breadcrumb\"},\"inLanguage\":\"fr-FR\",\"potentialAction\":[{\"@type\":\"ReadAction\",\"target\":[\"https:\/\/emanature.com\/index.php\/product\/huile-essentielle-de-basilic\/\"]}]},{\"@type\":\"ImageObject\",\"inLanguage\":\"fr-FR\",\"@id\":\"https:\/\/emanature.com\/index.php\/product\/huile-essentielle-de-basilic\/#primaryimage\",\"url\":\"https:\/\/emanature.com\/wp-content\/uploads\/2024\/05\/huile-essentielle-basilic-scaled.jpg\",\"contentUrl\":\"https:\/\/emanature.com\/wp-content\/uploads\/2024\/05\/huile-essentielle-basilic-scaled.jpg\",\"width\":2560,\"height\":2560},{\"@type\":\"BreadcrumbList\",\"@id\":\"https:\/\/emanature.com\/index.php\/product\/huile-essentielle-de-basilic\/#breadcrumb\",\"itemListElement\":[{\"@type\":\"ListItem\",\"position\":1,\"name\":\"Accueil\",\"item\":\"https:\/\/emanature.com\/\"},{\"@type\":\"ListItem\",\"position\":2,\"name\":\"Produits\",\"item\":\"https:\/\/emanature.com\/index.php\/shop\/\"},{\"@type\":\"ListItem\",\"position\":3,\"name\":\"Huile essentielle de Basilic\"}]},{\"@type\":\"WebSite\",\"@id\":\"https:\/\/emanature.com\/#website\",\"url\":\"https:\/\/emanature.com\/\",\"name\":\"emanature.com\",\"description\":\"Eveillez vos sens, Lib\u00e9rez votre bien-\u00eatre\",\"publisher\":{\"@id\":\"https:\/\/emanature.com\/#organization\"},\"potentialAction\":[{\"@type\":\"SearchAction\",\"target\":{\"@type\":\"EntryPoint\",\"urlTemplate\":\"https:\/\/emanature.com\/?s={search_term_string}\"},\"query-input\":\"required name=search_term_string\"}],\"inLanguage\":\"fr-FR\"},{\"@type\":\"Organization\",\"@id\":\"https:\/\/emanature.com\/#organization\",\"name\":\"emanature.com\",\"url\":\"https:\/\/emanature.com\/\",\"logo\":{\"@type\":\"ImageObject\",\"inLanguage\":\"fr-FR\",\"@id\":\"https:\/\/emanature.com\/#\/schema\/logo\/image\/\",\"url\":\"https:\/\/emanature.com\/wp-content\/uploads\/2024\/04\/logo-ok-web.svg\",\"contentUrl\":\"https:\/\/emanature.com\/wp-content\/uploads\/2024\/04\/logo-ok-web.svg\",\"width\":571,\"height\":81,\"caption\":\"emanature.com\"},\"image\":{\"@id\":\"https:\/\/emanature.com\/#\/schema\/logo\/image\/\"}}]}<\/script>\n<!-- \/ Yoast SEO plugin. -->","yoast_head_json":{"title":"Huile essentielle de Basilic - emanature.com","robots":{"index":"index","follow":"follow","max-snippet":"max-snippet:-1","max-image-preview":"max-image-preview:large","max-video-preview":"max-video-preview:-1"},"canonical":"https:\/\/emanature.com\/index.php\/product\/huile-essentielle-de-basilic\/","og_locale":"fr_FR","og_type":"article","og_title":"Huile essentielle de Basilic - emanature.com","og_description":"Tonique et purifiante, l'huile essentielle de basilic est aussi appr\u00e9ci\u00e9e pour sa richesse en compos\u00e9s antioxydants. Fortement \u00e9nergisante, elle est r\u00e9put\u00e9e pour\u00a0ses effets stimulants sur le corps et l'esprit.L\u2019huile essentielle de Basilic pr\u00e9sente de nombreux bienfaits qui la rendent incontournable pour les troubles digestifs gr\u00e2ce \u00e0 son action antispasmodique. Plus g\u00e9n\u00e9ralement, elle peut s\u2019utiliser seule ou en synergie pour divers troubles\u00a0: ballonnements, digestion difficile, dysm\u00e9norrh\u00e9e\u2026","og_url":"https:\/\/emanature.com\/index.php\/product\/huile-essentielle-de-basilic\/","og_site_name":"emanature.com","article_modified_time":"2024-05-06T16:53:24+00:00","og_image":[{"width":2560,"height":2560,"url":"https:\/\/emanature.com\/wp-content\/uploads\/2024\/05\/huile-essentielle-basilic-scaled.jpg","type":"image\/jpeg"}],"twitter_card":"summary_large_image","twitter_misc":{"Dur\u00e9e de lecture estim\u00e9e":"1 minute"},"schema":{"@context":"https:\/\/schema.org","@graph":[{"@type":"WebPage","@id":"https:\/\/emanature.com\/index.php\/product\/huile-essentielle-de-basilic\/","url":"https:\/\/emanature.com\/index.php\/product\/huile-essentielle-de-basilic\/","name":"Huile essentielle de Basilic - emanature.com","isPartOf":{"@id":"https:\/\/emanature.com\/#website"},"primaryImageOfPage":{"@id":"https:\/\/emanature.com\/index.php\/product\/huile-essentielle-de-basilic\/#primaryimage"},"image":{"@id":"https:\/\/emanature.com\/index.php\/product\/huile-essentielle-de-basilic\/#primaryimage"},"thumbnailUrl":"https:\/\/emanature.com\/wp-content\/uploads\/2024\/05\/huile-essentielle-basilic-scaled.jpg","datePublished":"2024-04-10T18:24:32+00:00","dateModified":"2024-05-06T16:53:24+00:00","breadcrumb":{"@id":"https:\/\/emanature.com\/index.php\/product\/huile-essentielle-de-basilic\/#breadcrumb"},"inLanguage":"fr-FR","potentialAction":[{"@type":"ReadAction","target":["https:\/\/emanature.com\/index.php\/product\/huile-essentielle-de-basilic\/"]}]},{"@type":"ImageObject","inLanguage":"fr-FR","@id":"https:\/\/emanature.com\/index.php\/product\/huile-essentielle-de-basilic\/#primaryimage","url":"https:\/\/emanature.com\/wp-content\/uploads\/2024\/05\/huile-essentielle-basilic-scaled.jpg","contentUrl":"https:\/\/emanature.com\/wp-content\/uploads\/2024\/05\/huile-essentielle-basilic-scaled.jpg","width":2560,"height":2560},{"@type":"BreadcrumbList","@id":"https:\/\/emanature.com\/index.php\/product\/huile-essentielle-de-basilic\/#breadcrumb","itemListElement":[{"@type":"ListItem","position":1,"name":"Accueil","item":"https:\/\/emanature.com\/"},{"@type":"ListItem","position":2,"name":"Produits","item":"https:\/\/emanature.com\/index.php\/shop\/"},{"@type":"ListItem","position":3,"name":"Huile essentielle de Basilic"}]},{"@type":"WebSite","@id":"https:\/\/emanature.com\/#website","url":"https:\/\/emanature.com\/","name":"emanature.com","description":"Eveillez vos sens, Lib\u00e9rez votre bien-\u00eatre","publisher":{"@id":"https:\/\/emanature.com\/#organization"},"potentialAction":[{"@type":"SearchAction","target":{"@type":"EntryPoint","urlTemplate":"https:\/\/emanature.com\/?s={search_term_string}"},"query-input":"required name=search_term_string"}],"inLanguage":"fr-FR"},{"@type":"Organization","@id":"https:\/\/emanature.com\/#organization","name":"emanature.com","url":"https:\/\/emanature.com\/","logo":{"@type":"ImageObject","inLanguage":"fr-FR","@id":"https:\/\/emanature.com\/#\/schema\/logo\/image\/","url":"https:\/\/emanature.com\/wp-content\/uploads\/2024\/04\/logo-ok-web.svg","contentUrl":"https:\/\/emanature.com\/wp-content\/uploads\/2024\/04\/logo-ok-web.svg","width":571,"height":81,"caption":"emanature.com"},"image":{"@id":"https:\/\/emanature.com\/#\/schema\/logo\/image\/"}}]}},"jetpack_sharing_enabled":true,"_links":{"self":[{"href":"https:\/\/emanature.com\/index.php\/wp-json\/wp\/v2\/product\/308"}],"collection":[{"href":"https:\/\/emanature.com\/index.php\/wp-json\/wp\/v2\/product"}],"about":[{"href":"https:\/\/emanature.com\/index.php\/wp-json\/wp\/v2\/types\/product"}],"wp:featuredmedia":[{"embeddable":true,"href":"https:\/\/emanature.com\/index.php\/wp-json\/wp\/v2\/media\/678"}],"wp:attachment":[{"href":"https:\/\/emanature.com\/index.php\/wp-json\/wp\/v2\/media?parent=308"}],"wp:term":[{"taxonomy":"product_cat","embeddable":true,"href":"https:\/\/emanature.com\/index.php\/wp-json\/wp\/v2\/product_cat?post=308"},{"taxonomy":"product_tag","embeddable":true,"href":"https:\/\/emanature.com\/index.php\/wp-json\/wp\/v2\/product_tag?post=308"}],"curies":[{"name":"wp","href":"https:\/\/api.w.org\/{rel}","templated":true}]}}