{"id":310,"date":"2024-04-10T20:53:52","date_gmt":"2024-04-10T18:53:52","guid":{"rendered":"https:\/\/emanature.com\/?post_type=product&#038;p=310"},"modified":"2024-05-06T18:54:02","modified_gmt":"2024-05-06T16:54:02","slug":"huile-essentielle-de-bergamote","status":"publish","type":"product","link":"https:\/\/emanature.com\/index.php\/product\/huile-essentielle-de-bergamote\/","title":{"rendered":"Huile essentielle de Bergamote"},"content":{"rendered":"<p class=\"has-text-color has-link-color wp-elements-a6214cca4f2b665bcd2cd55728829b57\" style=\"color:#bd8997;font-size:24px\"><strong>Description<\/strong><\/p><p style=\"font-size:16px\">L&rsquo;huile essentielle de Bergamote&nbsp;est une <strong>alli\u00e9e des peaux grasses et \u00e0 imperfections<\/strong>. Obtenue par pression \u00e0 froid des zestes frais de Bergamote, cette huile essentielle a une <strong>fragrance tr\u00e8s&nbsp;fra\u00eeche et revitalisante,<\/strong> mais&nbsp;elle permet \u00e9galement <strong>l&rsquo;apaisement et la relaxation,<\/strong> notamment en diffusion, et la <strong>r\u00e9gulation de l&rsquo;app\u00e9tit.<\/strong><\/p><p style=\"font-size:16px\">Le bergamotier est un arbre aux <strong>fleurs odorantes \u00e9toil\u00e9es.<\/strong> Le fruit de cet arbre est la bergamote qui est <strong>issue du croisement entre une orange am\u00e8re et un citron vert.<\/strong> Tr\u00e8s acide, ce fruit est un agrume et l\u2019 huile essentielle de bergamote est donc <strong>photo sensibilisante.<\/strong>&nbsp;<\/p><p class=\"has-text-color has-link-color wp-elements-84babc6ea2e9cc7dface150c3c94c993\" style=\"color:#bd8997;font-size:24px\"><strong>Utilisation<\/strong><\/p><p style=\"font-size:16px\">\u2022 Anti-bact\u00e9rienne<br>\u2022 Digestive,<br>\u2022 Calmante et s\u00e9dative<br><\/p><p style=\"font-size:16px\"><strong>Nom botanique :<\/strong> <em>Citrus aurantium ssp. bergamia<\/em><br><strong>Mode d\u2019obtention :<\/strong> Pression \u00e0 froid <br><strong>Partie de plante :<\/strong> Feuilles<br><br><strong>Ch\u00e9motype :<\/strong> Cin\u00e9ol 1,8 , Sabinene , Alpha-pinene<br><strong>Densit\u00e9 relative :<\/strong> \u00a00.900 &#8211; 0.925<br><strong>Point \u00e9clair :<\/strong> +33\u00b0 C \u00e0 +65\u00b0C<br><strong>Origine :<\/strong> Moissi\u00e8re, France<\/p><p class=\"has-text-color has-link-color wp-elements-c7c1382109dc8932735a0810eddf2f6f\" style=\"color:#bd8997;font-size:24px\"><strong>Pr\u00e9cautions d\u2019utilisation<\/strong><\/p><p style=\"font-size:16px\">L\u2019huile essentielle de Bergamote est photosensibilisante, ne pas s\u2019exposer au soleil apr\u00e8s son utilisation.<br>Se laver les mains avant et apr\u00e8s avoir utilis\u00e9 des huiles essentielles.<br>Ne pas utiliser l\u2019huile essentielle de bergamote chez la femme enceinte pendant les 3 premiers mois de grossesse.<br>Femmes allaitantes, demandez conseil \u00e0 votre m\u00e9decin.<br><br>Ne pas utiliser l\u2019huile essentielle de bergamote chez les b\u00e9b\u00e9s et les enfants de moins de 7 ans.<br>Ne pas laisser les flacons d\u2019huiles essentielles \u00e0 la port\u00e9e des enfants.&nbsp;<\/p><p style=\"font-size:16px\">.<\/p>","protected":false},"excerpt":{"rendered":"<p>L\u2019huile essentielle de bergamote a <strong>des vertus similaires aux autres huiles essentielles d\u2019agrumes.<\/strong> En diffusion, l\u2019huile essentielle de bergamote <strong>laisse un parfum de fra\u00eecheur tr\u00e8s agr\u00e9able.<\/strong><br \/><strong>Calmante et purifiante,<\/strong> elle apaise les esprits tout en favorisant relaxation et bonne humeur. Appr\u00e9ci\u00e9e pour son parfum tonique et d\u00e9licat,\u00a0elle apporte une <strong>saveur citronn\u00e9e et fleurie tr\u00e8s raffin\u00e9e en cuisine.<\/strong><\/p>\n","protected":false},"featured_media":679,"template":"","meta":[],"product_cat":[16],"product_tag":[],"yoast_head":"<!-- This site is optimized with the Yoast SEO plugin v22.8 - https:\/\/yoast.com\/wordpress\/plugins\/seo\/ -->\n<title>Huile essentielle de Bergamote - emanature.com<\/title>\n<meta name=\"robots\" content=\"index, follow, max-snippet:-1, max-image-preview:large, max-video-preview:-1\" \/>\n<link rel=\"canonical\" href=\"https:\/\/emanature.com\/index.php\/product\/huile-essentielle-de-bergamote\/\" \/>\n<meta property=\"og:locale\" content=\"fr_FR\" \/>\n<meta property=\"og:type\" content=\"article\" \/>\n<meta property=\"og:title\" content=\"Huile essentielle de Bergamote - emanature.com\" \/>\n<meta property=\"og:description\" content=\"L\u2019huile essentielle de bergamote a des vertus similaires aux autres huiles essentielles d\u2019agrumes. En diffusion, l\u2019huile essentielle de bergamote laisse un parfum de fra\u00eecheur tr\u00e8s agr\u00e9able.Calmante et purifiante, elle apaise les esprits tout en favorisant relaxation et bonne humeur. Appr\u00e9ci\u00e9e pour son parfum tonique et d\u00e9licat,\u00a0elle apporte une saveur citronn\u00e9e et fleurie tr\u00e8s raffin\u00e9e en cuisine.\" \/>\n<meta property=\"og:url\" content=\"https:\/\/emanature.com\/index.php\/product\/huile-essentielle-de-bergamote\/\" \/>\n<meta property=\"og:site_name\" content=\"emanature.com\" \/>\n<meta property=\"article:modified_time\" content=\"2024-05-06T16:54:02+00:00\" \/>\n<meta property=\"og:image\" content=\"https:\/\/emanature.com\/wp-content\/uploads\/2024\/05\/huile-essentielle-bergamotte-scaled.jpg\" \/>\n\t<meta property=\"og:image:width\" content=\"2560\" \/>\n\t<meta property=\"og:image:height\" content=\"2560\" \/>\n\t<meta property=\"og:image:type\" content=\"image\/jpeg\" \/>\n<meta name=\"twitter:card\" content=\"summary_large_image\" \/>\n<meta name=\"twitter:label1\" content=\"Dur\u00e9e de lecture estim\u00e9e\" \/>\n\t<meta name=\"twitter:data1\" content=\"1 minute\" \/>\n<script type=\"application\/ld+json\" class=\"yoast-schema-graph\">{\"@context\":\"https:\/\/schema.org\",\"@graph\":[{\"@type\":\"WebPage\",\"@id\":\"https:\/\/emanature.com\/index.php\/product\/huile-essentielle-de-bergamote\/\",\"url\":\"https:\/\/emanature.com\/index.php\/product\/huile-essentielle-de-bergamote\/\",\"name\":\"Huile essentielle de Bergamote - emanature.com\",\"isPartOf\":{\"@id\":\"https:\/\/emanature.com\/#website\"},\"primaryImageOfPage\":{\"@id\":\"https:\/\/emanature.com\/index.php\/product\/huile-essentielle-de-bergamote\/#primaryimage\"},\"image\":{\"@id\":\"https:\/\/emanature.com\/index.php\/product\/huile-essentielle-de-bergamote\/#primaryimage\"},\"thumbnailUrl\":\"https:\/\/emanature.com\/wp-content\/uploads\/2024\/05\/huile-essentielle-bergamotte-scaled.jpg\",\"datePublished\":\"2024-04-10T18:53:52+00:00\",\"dateModified\":\"2024-05-06T16:54:02+00:00\",\"breadcrumb\":{\"@id\":\"https:\/\/emanature.com\/index.php\/product\/huile-essentielle-de-bergamote\/#breadcrumb\"},\"inLanguage\":\"fr-FR\",\"potentialAction\":[{\"@type\":\"ReadAction\",\"target\":[\"https:\/\/emanature.com\/index.php\/product\/huile-essentielle-de-bergamote\/\"]}]},{\"@type\":\"ImageObject\",\"inLanguage\":\"fr-FR\",\"@id\":\"https:\/\/emanature.com\/index.php\/product\/huile-essentielle-de-bergamote\/#primaryimage\",\"url\":\"https:\/\/emanature.com\/wp-content\/uploads\/2024\/05\/huile-essentielle-bergamotte-scaled.jpg\",\"contentUrl\":\"https:\/\/emanature.com\/wp-content\/uploads\/2024\/05\/huile-essentielle-bergamotte-scaled.jpg\",\"width\":2560,\"height\":2560},{\"@type\":\"BreadcrumbList\",\"@id\":\"https:\/\/emanature.com\/index.php\/product\/huile-essentielle-de-bergamote\/#breadcrumb\",\"itemListElement\":[{\"@type\":\"ListItem\",\"position\":1,\"name\":\"Accueil\",\"item\":\"https:\/\/emanature.com\/\"},{\"@type\":\"ListItem\",\"position\":2,\"name\":\"Produits\",\"item\":\"https:\/\/emanature.com\/index.php\/shop\/\"},{\"@type\":\"ListItem\",\"position\":3,\"name\":\"Huile essentielle de Bergamote\"}]},{\"@type\":\"WebSite\",\"@id\":\"https:\/\/emanature.com\/#website\",\"url\":\"https:\/\/emanature.com\/\",\"name\":\"emanature.com\",\"description\":\"Eveillez vos sens, Lib\u00e9rez votre bien-\u00eatre\",\"publisher\":{\"@id\":\"https:\/\/emanature.com\/#organization\"},\"potentialAction\":[{\"@type\":\"SearchAction\",\"target\":{\"@type\":\"EntryPoint\",\"urlTemplate\":\"https:\/\/emanature.com\/?s={search_term_string}\"},\"query-input\":\"required name=search_term_string\"}],\"inLanguage\":\"fr-FR\"},{\"@type\":\"Organization\",\"@id\":\"https:\/\/emanature.com\/#organization\",\"name\":\"emanature.com\",\"url\":\"https:\/\/emanature.com\/\",\"logo\":{\"@type\":\"ImageObject\",\"inLanguage\":\"fr-FR\",\"@id\":\"https:\/\/emanature.com\/#\/schema\/logo\/image\/\",\"url\":\"https:\/\/emanature.com\/wp-content\/uploads\/2024\/04\/logo-ok-web.svg\",\"contentUrl\":\"https:\/\/emanature.com\/wp-content\/uploads\/2024\/04\/logo-ok-web.svg\",\"width\":571,\"height\":81,\"caption\":\"emanature.com\"},\"image\":{\"@id\":\"https:\/\/emanature.com\/#\/schema\/logo\/image\/\"}}]}<\/script>\n<!-- \/ Yoast SEO plugin. -->","yoast_head_json":{"title":"Huile essentielle de Bergamote - emanature.com","robots":{"index":"index","follow":"follow","max-snippet":"max-snippet:-1","max-image-preview":"max-image-preview:large","max-video-preview":"max-video-preview:-1"},"canonical":"https:\/\/emanature.com\/index.php\/product\/huile-essentielle-de-bergamote\/","og_locale":"fr_FR","og_type":"article","og_title":"Huile essentielle de Bergamote - emanature.com","og_description":"L\u2019huile essentielle de bergamote a des vertus similaires aux autres huiles essentielles d\u2019agrumes. En diffusion, l\u2019huile essentielle de bergamote laisse un parfum de fra\u00eecheur tr\u00e8s agr\u00e9able.Calmante et purifiante, elle apaise les esprits tout en favorisant relaxation et bonne humeur. Appr\u00e9ci\u00e9e pour son parfum tonique et d\u00e9licat,\u00a0elle apporte une saveur citronn\u00e9e et fleurie tr\u00e8s raffin\u00e9e en cuisine.","og_url":"https:\/\/emanature.com\/index.php\/product\/huile-essentielle-de-bergamote\/","og_site_name":"emanature.com","article_modified_time":"2024-05-06T16:54:02+00:00","og_image":[{"width":2560,"height":2560,"url":"https:\/\/emanature.com\/wp-content\/uploads\/2024\/05\/huile-essentielle-bergamotte-scaled.jpg","type":"image\/jpeg"}],"twitter_card":"summary_large_image","twitter_misc":{"Dur\u00e9e de lecture estim\u00e9e":"1 minute"},"schema":{"@context":"https:\/\/schema.org","@graph":[{"@type":"WebPage","@id":"https:\/\/emanature.com\/index.php\/product\/huile-essentielle-de-bergamote\/","url":"https:\/\/emanature.com\/index.php\/product\/huile-essentielle-de-bergamote\/","name":"Huile essentielle de Bergamote - emanature.com","isPartOf":{"@id":"https:\/\/emanature.com\/#website"},"primaryImageOfPage":{"@id":"https:\/\/emanature.com\/index.php\/product\/huile-essentielle-de-bergamote\/#primaryimage"},"image":{"@id":"https:\/\/emanature.com\/index.php\/product\/huile-essentielle-de-bergamote\/#primaryimage"},"thumbnailUrl":"https:\/\/emanature.com\/wp-content\/uploads\/2024\/05\/huile-essentielle-bergamotte-scaled.jpg","datePublished":"2024-04-10T18:53:52+00:00","dateModified":"2024-05-06T16:54:02+00:00","breadcrumb":{"@id":"https:\/\/emanature.com\/index.php\/product\/huile-essentielle-de-bergamote\/#breadcrumb"},"inLanguage":"fr-FR","potentialAction":[{"@type":"ReadAction","target":["https:\/\/emanature.com\/index.php\/product\/huile-essentielle-de-bergamote\/"]}]},{"@type":"ImageObject","inLanguage":"fr-FR","@id":"https:\/\/emanature.com\/index.php\/product\/huile-essentielle-de-bergamote\/#primaryimage","url":"https:\/\/emanature.com\/wp-content\/uploads\/2024\/05\/huile-essentielle-bergamotte-scaled.jpg","contentUrl":"https:\/\/emanature.com\/wp-content\/uploads\/2024\/05\/huile-essentielle-bergamotte-scaled.jpg","width":2560,"height":2560},{"@type":"BreadcrumbList","@id":"https:\/\/emanature.com\/index.php\/product\/huile-essentielle-de-bergamote\/#breadcrumb","itemListElement":[{"@type":"ListItem","position":1,"name":"Accueil","item":"https:\/\/emanature.com\/"},{"@type":"ListItem","position":2,"name":"Produits","item":"https:\/\/emanature.com\/index.php\/shop\/"},{"@type":"ListItem","position":3,"name":"Huile essentielle de Bergamote"}]},{"@type":"WebSite","@id":"https:\/\/emanature.com\/#website","url":"https:\/\/emanature.com\/","name":"emanature.com","description":"Eveillez vos sens, Lib\u00e9rez votre bien-\u00eatre","publisher":{"@id":"https:\/\/emanature.com\/#organization"},"potentialAction":[{"@type":"SearchAction","target":{"@type":"EntryPoint","urlTemplate":"https:\/\/emanature.com\/?s={search_term_string}"},"query-input":"required name=search_term_string"}],"inLanguage":"fr-FR"},{"@type":"Organization","@id":"https:\/\/emanature.com\/#organization","name":"emanature.com","url":"https:\/\/emanature.com\/","logo":{"@type":"ImageObject","inLanguage":"fr-FR","@id":"https:\/\/emanature.com\/#\/schema\/logo\/image\/","url":"https:\/\/emanature.com\/wp-content\/uploads\/2024\/04\/logo-ok-web.svg","contentUrl":"https:\/\/emanature.com\/wp-content\/uploads\/2024\/04\/logo-ok-web.svg","width":571,"height":81,"caption":"emanature.com"},"image":{"@id":"https:\/\/emanature.com\/#\/schema\/logo\/image\/"}}]}},"jetpack_sharing_enabled":true,"_links":{"self":[{"href":"https:\/\/emanature.com\/index.php\/wp-json\/wp\/v2\/product\/310"}],"collection":[{"href":"https:\/\/emanature.com\/index.php\/wp-json\/wp\/v2\/product"}],"about":[{"href":"https:\/\/emanature.com\/index.php\/wp-json\/wp\/v2\/types\/product"}],"wp:featuredmedia":[{"embeddable":true,"href":"https:\/\/emanature.com\/index.php\/wp-json\/wp\/v2\/media\/679"}],"wp:attachment":[{"href":"https:\/\/emanature.com\/index.php\/wp-json\/wp\/v2\/media?parent=310"}],"wp:term":[{"taxonomy":"product_cat","embeddable":true,"href":"https:\/\/emanature.com\/index.php\/wp-json\/wp\/v2\/product_cat?post=310"},{"taxonomy":"product_tag","embeddable":true,"href":"https:\/\/emanature.com\/index.php\/wp-json\/wp\/v2\/product_tag?post=310"}],"curies":[{"name":"wp","href":"https:\/\/api.w.org\/{rel}","templated":true}]}}