{"id":312,"date":"2024-04-10T21:14:00","date_gmt":"2024-04-10T19:14:00","guid":{"rendered":"https:\/\/emanature.com\/?post_type=product&#038;p=312"},"modified":"2024-05-06T18:54:34","modified_gmt":"2024-05-06T16:54:34","slug":"huile-essentielle-de-clou-de-girofle","status":"publish","type":"product","link":"https:\/\/emanature.com\/index.php\/product\/huile-essentielle-de-clou-de-girofle\/","title":{"rendered":"Huile essentielle de Girofle"},"content":{"rendered":"<p class=\"has-text-color has-link-color wp-elements-a6214cca4f2b665bcd2cd55728829b57\" style=\"color:#bd8997;font-size:24px\"><strong>Description<\/strong><\/p><p style=\"font-size:16px\">Utilis\u00e9e pour ses<strong> vertus antalgiques,<\/strong> l&rsquo;huile essentielle de clou de girofle est conseill\u00e9e pour <strong>toutes les douleurs dentaires :<\/strong> aphtes, caries, abc\u00e8s, rage de dents ou autre. Tr\u00e8s bonne anti-infectieuse et particuli\u00e8rement anti-parasitaire, elle s&rsquo;utilise pour aider \u00e0 <strong>lutter contre la gale ou bien, dans les maisons, pour venir \u00e0 bout de certains insectes.<\/strong><\/p><p style=\"font-size:16px\">En outre, l&rsquo;Huile Essentielle de Clou de Girofle est un<strong> excellent choix pour renforcer les d\u00e9fenses immunitaires. <\/strong>Elle <strong>stimule la circulation sanguine,<\/strong> contribuant ainsi \u00e0 une meilleure sant\u00e9 g\u00e9n\u00e9rale. Utilis\u00e9e en massage, dilu\u00e9e dans une huile porteuse, elle apporte <strong>soulagement et d\u00e9tente aux muscles tendus.<\/strong><\/p><p style=\"font-size:16px\">Enfin, l&rsquo;Huile Essentielle de Clou de Girofle est aussi <strong>appr\u00e9ci\u00e9e en cuisine pour son go\u00fbt unique <\/strong>et peut \u00eatre utilis\u00e9e en faible quantit\u00e9 pour aromatiser les plats.<\/p><p class=\"has-text-color has-link-color wp-elements-84babc6ea2e9cc7dface150c3c94c993\" style=\"color:#bd8997;font-size:24px\"><strong>Utilisation<\/strong><\/p><p style=\"font-size:16px\">\u2022 Antiseptique<br>\u2022 Anti-parasitaire<br>\u2022 Calmante<br><\/p><p style=\"font-size:16px\"><strong>Nom botanique :<\/strong> <em>Syzygium aromaticum<\/em><br><strong>Mode d\u2019obtention :<\/strong> Pression \u00e0 froid <br><strong>Partie de plante :<\/strong> Clou<br><br><strong>Ch\u00e9motype :<\/strong> Cin\u00e9ol 1,8 , Sabinene , Alpha-pinene<br><strong>Densit\u00e9 relative :<\/strong> \u00a00.900 &#8211; 0.925<br><strong>Point \u00e9clair :<\/strong> +97\u00b0C<br><strong>Origine :<\/strong> Saint-Jean, France<\/p><p class=\"has-text-color has-link-color wp-elements-c7c1382109dc8932735a0810eddf2f6f\" style=\"color:#bd8997;font-size:24px\"><strong>Pr\u00e9cautions d\u2019utilisation<\/strong><\/p><p style=\"font-size:16px\">Huile essentielle photosensibilisante, ne pas s\u2019exposer au soleil apr\u00e8s son utilisation.<br>Se laver les mains avant et apr\u00e8s avoir utilis\u00e9 des huiles essentielles.<br>Ne pas utiliser l\u2019huile essentielle de bergamote chez la femme enceinte pendant les 3 premiers mois de grossesse.<br>Femmes allaitantes, demandez conseil \u00e0 votre m\u00e9decin.<br><br>Ne pas utiliser l\u2019huile essentielle de bergamote chez les b\u00e9b\u00e9s et les enfants de moins de 7 ans.<br>Ne pas laisser les flacons d\u2019huiles essentielles \u00e0 la port\u00e9e des enfants.&nbsp;<\/p><p style=\"font-size:16px\">.<\/p>","protected":false},"excerpt":{"rendered":"<p>L\u2019huile essentielle de clou de girofle a <strong>des vertus similaires aux autres huiles essentielles d\u2019agrumes.<\/strong> En diffusion, l\u2019huile essentielle de bergamote <strong>laisse un parfum de fra\u00eecheur tr\u00e8s agr\u00e9able.<\/strong><\/p>\n<p><strong>Stimulant g\u00e9n\u00e9ral,<\/strong> cette huile <strong>vivifiante est r\u00e9put\u00e9e en cas de grande fatigue physique ou intellectuelle. <\/strong>Le clou de girofle est traditionnellement utilis\u00e9 en cas de\u00a0<strong>caries et douleurs dentaires.<\/strong><\/p>\n","protected":false},"featured_media":686,"template":"","meta":[],"product_cat":[16],"product_tag":[],"yoast_head":"<!-- This site is optimized with the Yoast SEO plugin v22.8 - https:\/\/yoast.com\/wordpress\/plugins\/seo\/ -->\n<title>Huile essentielle de Girofle - emanature.com<\/title>\n<meta name=\"robots\" content=\"index, follow, max-snippet:-1, max-image-preview:large, max-video-preview:-1\" \/>\n<link rel=\"canonical\" href=\"https:\/\/emanature.com\/index.php\/product\/huile-essentielle-de-clou-de-girofle\/\" \/>\n<meta property=\"og:locale\" content=\"fr_FR\" \/>\n<meta property=\"og:type\" content=\"article\" \/>\n<meta property=\"og:title\" content=\"Huile essentielle de Girofle - emanature.com\" \/>\n<meta property=\"og:description\" content=\"L\u2019huile essentielle de clou de girofle a des vertus similaires aux autres huiles essentielles d\u2019agrumes. En diffusion, l\u2019huile essentielle de bergamote laisse un parfum de fra\u00eecheur tr\u00e8s agr\u00e9able.Stimulant g\u00e9n\u00e9ral, cette huile vivifiante est r\u00e9put\u00e9e en cas de grande fatigue physique ou intellectuelle. Le clou de girofle est traditionnellement utilis\u00e9 en cas de\u00a0caries et douleurs dentaires.\" \/>\n<meta property=\"og:url\" content=\"https:\/\/emanature.com\/index.php\/product\/huile-essentielle-de-clou-de-girofle\/\" \/>\n<meta property=\"og:site_name\" content=\"emanature.com\" \/>\n<meta property=\"article:modified_time\" content=\"2024-05-06T16:54:34+00:00\" \/>\n<meta property=\"og:image\" content=\"https:\/\/emanature.com\/wp-content\/uploads\/2024\/05\/huile-essentielle-girofle-scaled.jpg\" \/>\n\t<meta property=\"og:image:width\" content=\"2560\" \/>\n\t<meta property=\"og:image:height\" content=\"2560\" \/>\n\t<meta property=\"og:image:type\" content=\"image\/jpeg\" \/>\n<meta name=\"twitter:card\" content=\"summary_large_image\" \/>\n<meta name=\"twitter:label1\" content=\"Dur\u00e9e de lecture estim\u00e9e\" \/>\n\t<meta name=\"twitter:data1\" content=\"1 minute\" \/>\n<script type=\"application\/ld+json\" class=\"yoast-schema-graph\">{\"@context\":\"https:\/\/schema.org\",\"@graph\":[{\"@type\":\"WebPage\",\"@id\":\"https:\/\/emanature.com\/index.php\/product\/huile-essentielle-de-clou-de-girofle\/\",\"url\":\"https:\/\/emanature.com\/index.php\/product\/huile-essentielle-de-clou-de-girofle\/\",\"name\":\"Huile essentielle de Girofle - emanature.com\",\"isPartOf\":{\"@id\":\"https:\/\/emanature.com\/#website\"},\"primaryImageOfPage\":{\"@id\":\"https:\/\/emanature.com\/index.php\/product\/huile-essentielle-de-clou-de-girofle\/#primaryimage\"},\"image\":{\"@id\":\"https:\/\/emanature.com\/index.php\/product\/huile-essentielle-de-clou-de-girofle\/#primaryimage\"},\"thumbnailUrl\":\"https:\/\/emanature.com\/wp-content\/uploads\/2024\/05\/huile-essentielle-girofle-scaled.jpg\",\"datePublished\":\"2024-04-10T19:14:00+00:00\",\"dateModified\":\"2024-05-06T16:54:34+00:00\",\"breadcrumb\":{\"@id\":\"https:\/\/emanature.com\/index.php\/product\/huile-essentielle-de-clou-de-girofle\/#breadcrumb\"},\"inLanguage\":\"fr-FR\",\"potentialAction\":[{\"@type\":\"ReadAction\",\"target\":[\"https:\/\/emanature.com\/index.php\/product\/huile-essentielle-de-clou-de-girofle\/\"]}]},{\"@type\":\"ImageObject\",\"inLanguage\":\"fr-FR\",\"@id\":\"https:\/\/emanature.com\/index.php\/product\/huile-essentielle-de-clou-de-girofle\/#primaryimage\",\"url\":\"https:\/\/emanature.com\/wp-content\/uploads\/2024\/05\/huile-essentielle-girofle-scaled.jpg\",\"contentUrl\":\"https:\/\/emanature.com\/wp-content\/uploads\/2024\/05\/huile-essentielle-girofle-scaled.jpg\",\"width\":2560,\"height\":2560},{\"@type\":\"BreadcrumbList\",\"@id\":\"https:\/\/emanature.com\/index.php\/product\/huile-essentielle-de-clou-de-girofle\/#breadcrumb\",\"itemListElement\":[{\"@type\":\"ListItem\",\"position\":1,\"name\":\"Accueil\",\"item\":\"https:\/\/emanature.com\/\"},{\"@type\":\"ListItem\",\"position\":2,\"name\":\"Produits\",\"item\":\"https:\/\/emanature.com\/index.php\/shop\/\"},{\"@type\":\"ListItem\",\"position\":3,\"name\":\"Huile essentielle de Girofle\"}]},{\"@type\":\"WebSite\",\"@id\":\"https:\/\/emanature.com\/#website\",\"url\":\"https:\/\/emanature.com\/\",\"name\":\"emanature.com\",\"description\":\"Eveillez vos sens, Lib\u00e9rez votre bien-\u00eatre\",\"publisher\":{\"@id\":\"https:\/\/emanature.com\/#organization\"},\"potentialAction\":[{\"@type\":\"SearchAction\",\"target\":{\"@type\":\"EntryPoint\",\"urlTemplate\":\"https:\/\/emanature.com\/?s={search_term_string}\"},\"query-input\":\"required name=search_term_string\"}],\"inLanguage\":\"fr-FR\"},{\"@type\":\"Organization\",\"@id\":\"https:\/\/emanature.com\/#organization\",\"name\":\"emanature.com\",\"url\":\"https:\/\/emanature.com\/\",\"logo\":{\"@type\":\"ImageObject\",\"inLanguage\":\"fr-FR\",\"@id\":\"https:\/\/emanature.com\/#\/schema\/logo\/image\/\",\"url\":\"https:\/\/emanature.com\/wp-content\/uploads\/2024\/04\/logo-ok-web.svg\",\"contentUrl\":\"https:\/\/emanature.com\/wp-content\/uploads\/2024\/04\/logo-ok-web.svg\",\"width\":571,\"height\":81,\"caption\":\"emanature.com\"},\"image\":{\"@id\":\"https:\/\/emanature.com\/#\/schema\/logo\/image\/\"}}]}<\/script>\n<!-- \/ Yoast SEO plugin. -->","yoast_head_json":{"title":"Huile essentielle de Girofle - emanature.com","robots":{"index":"index","follow":"follow","max-snippet":"max-snippet:-1","max-image-preview":"max-image-preview:large","max-video-preview":"max-video-preview:-1"},"canonical":"https:\/\/emanature.com\/index.php\/product\/huile-essentielle-de-clou-de-girofle\/","og_locale":"fr_FR","og_type":"article","og_title":"Huile essentielle de Girofle - emanature.com","og_description":"L\u2019huile essentielle de clou de girofle a des vertus similaires aux autres huiles essentielles d\u2019agrumes. En diffusion, l\u2019huile essentielle de bergamote laisse un parfum de fra\u00eecheur tr\u00e8s agr\u00e9able.Stimulant g\u00e9n\u00e9ral, cette huile vivifiante est r\u00e9put\u00e9e en cas de grande fatigue physique ou intellectuelle. Le clou de girofle est traditionnellement utilis\u00e9 en cas de\u00a0caries et douleurs dentaires.","og_url":"https:\/\/emanature.com\/index.php\/product\/huile-essentielle-de-clou-de-girofle\/","og_site_name":"emanature.com","article_modified_time":"2024-05-06T16:54:34+00:00","og_image":[{"width":2560,"height":2560,"url":"https:\/\/emanature.com\/wp-content\/uploads\/2024\/05\/huile-essentielle-girofle-scaled.jpg","type":"image\/jpeg"}],"twitter_card":"summary_large_image","twitter_misc":{"Dur\u00e9e de lecture estim\u00e9e":"1 minute"},"schema":{"@context":"https:\/\/schema.org","@graph":[{"@type":"WebPage","@id":"https:\/\/emanature.com\/index.php\/product\/huile-essentielle-de-clou-de-girofle\/","url":"https:\/\/emanature.com\/index.php\/product\/huile-essentielle-de-clou-de-girofle\/","name":"Huile essentielle de Girofle - emanature.com","isPartOf":{"@id":"https:\/\/emanature.com\/#website"},"primaryImageOfPage":{"@id":"https:\/\/emanature.com\/index.php\/product\/huile-essentielle-de-clou-de-girofle\/#primaryimage"},"image":{"@id":"https:\/\/emanature.com\/index.php\/product\/huile-essentielle-de-clou-de-girofle\/#primaryimage"},"thumbnailUrl":"https:\/\/emanature.com\/wp-content\/uploads\/2024\/05\/huile-essentielle-girofle-scaled.jpg","datePublished":"2024-04-10T19:14:00+00:00","dateModified":"2024-05-06T16:54:34+00:00","breadcrumb":{"@id":"https:\/\/emanature.com\/index.php\/product\/huile-essentielle-de-clou-de-girofle\/#breadcrumb"},"inLanguage":"fr-FR","potentialAction":[{"@type":"ReadAction","target":["https:\/\/emanature.com\/index.php\/product\/huile-essentielle-de-clou-de-girofle\/"]}]},{"@type":"ImageObject","inLanguage":"fr-FR","@id":"https:\/\/emanature.com\/index.php\/product\/huile-essentielle-de-clou-de-girofle\/#primaryimage","url":"https:\/\/emanature.com\/wp-content\/uploads\/2024\/05\/huile-essentielle-girofle-scaled.jpg","contentUrl":"https:\/\/emanature.com\/wp-content\/uploads\/2024\/05\/huile-essentielle-girofle-scaled.jpg","width":2560,"height":2560},{"@type":"BreadcrumbList","@id":"https:\/\/emanature.com\/index.php\/product\/huile-essentielle-de-clou-de-girofle\/#breadcrumb","itemListElement":[{"@type":"ListItem","position":1,"name":"Accueil","item":"https:\/\/emanature.com\/"},{"@type":"ListItem","position":2,"name":"Produits","item":"https:\/\/emanature.com\/index.php\/shop\/"},{"@type":"ListItem","position":3,"name":"Huile essentielle de Girofle"}]},{"@type":"WebSite","@id":"https:\/\/emanature.com\/#website","url":"https:\/\/emanature.com\/","name":"emanature.com","description":"Eveillez vos sens, Lib\u00e9rez votre bien-\u00eatre","publisher":{"@id":"https:\/\/emanature.com\/#organization"},"potentialAction":[{"@type":"SearchAction","target":{"@type":"EntryPoint","urlTemplate":"https:\/\/emanature.com\/?s={search_term_string}"},"query-input":"required name=search_term_string"}],"inLanguage":"fr-FR"},{"@type":"Organization","@id":"https:\/\/emanature.com\/#organization","name":"emanature.com","url":"https:\/\/emanature.com\/","logo":{"@type":"ImageObject","inLanguage":"fr-FR","@id":"https:\/\/emanature.com\/#\/schema\/logo\/image\/","url":"https:\/\/emanature.com\/wp-content\/uploads\/2024\/04\/logo-ok-web.svg","contentUrl":"https:\/\/emanature.com\/wp-content\/uploads\/2024\/04\/logo-ok-web.svg","width":571,"height":81,"caption":"emanature.com"},"image":{"@id":"https:\/\/emanature.com\/#\/schema\/logo\/image\/"}}]}},"jetpack_sharing_enabled":true,"_links":{"self":[{"href":"https:\/\/emanature.com\/index.php\/wp-json\/wp\/v2\/product\/312"}],"collection":[{"href":"https:\/\/emanature.com\/index.php\/wp-json\/wp\/v2\/product"}],"about":[{"href":"https:\/\/emanature.com\/index.php\/wp-json\/wp\/v2\/types\/product"}],"wp:featuredmedia":[{"embeddable":true,"href":"https:\/\/emanature.com\/index.php\/wp-json\/wp\/v2\/media\/686"}],"wp:attachment":[{"href":"https:\/\/emanature.com\/index.php\/wp-json\/wp\/v2\/media?parent=312"}],"wp:term":[{"taxonomy":"product_cat","embeddable":true,"href":"https:\/\/emanature.com\/index.php\/wp-json\/wp\/v2\/product_cat?post=312"},{"taxonomy":"product_tag","embeddable":true,"href":"https:\/\/emanature.com\/index.php\/wp-json\/wp\/v2\/product_tag?post=312"}],"curies":[{"name":"wp","href":"https:\/\/api.w.org\/{rel}","templated":true}]}}