{"id":316,"date":"2024-04-10T21:39:57","date_gmt":"2024-04-10T19:39:57","guid":{"rendered":"https:\/\/emanature.com\/?post_type=product&#038;p=316"},"modified":"2024-05-05T17:00:35","modified_gmt":"2024-05-05T15:00:35","slug":"huile-vegetale-de-chanvre","status":"publish","type":"product","link":"https:\/\/emanature.com\/index.php\/product\/huile-vegetale-de-chanvre\/","title":{"rendered":"Huile v\u00e9g\u00e9tale de Chanvre"},"content":{"rendered":"<p class=\"has-text-color has-link-color wp-elements-278410bd44a42d46bcb67a8f7f5a1d6a\" id=\"block-d823196f-a9a2-4c5a-97f8-8775080ea518\" style=\"color:#bd8997;font-size:24px\"><strong>Description<\/strong><\/p><p style=\"font-size:16px\"><strong>Pour aider corps et esprit \u00e0 se relaxer,<\/strong> le CBD apparait comme un <strong>actif v\u00e9g\u00e9tal prometteur apportant un bien-\u00eatre<\/strong> sur la sph\u00e8re psychique mais aussi physique. C\u2019est donc un produit parfait <strong>pour vous aider \u00e0 vous d\u00e9tendre<\/strong> \u00e0 tout moment de la journ\u00e9e ou de la soir\u00e9e.<\/p><p style=\"font-size:16px\">Le chanvre CBD contenu dans cette pr\u00e9paration <strong>contient moins de 0,3% de THC,<\/strong> il s\u2019agit donc d\u2019une alternative pour b\u00e9n\u00e9ficier uniquement des <strong>propri\u00e9t\u00e9s positives du CBD.<\/strong><\/p><p style=\"font-size:16px\">Le principe de mac\u00e9ration dans l\u2019huile permet ainsi d\u2019extraire les vertus b\u00e9n\u00e9fiques du CBD et de <strong>sublimer les bienfaits de l\u2019huile v\u00e9g\u00e9tale.<\/strong> De plus, toutes les parties du chanvre (le totum) sont pr\u00e9sentes, c\u2019est ce que l\u2019on appelle \u00ab full spectrum \u00bb ou \u00e0 spectre complet. <strong>Ainsi vous profitez de l\u2019ensemble de ses principes actifs.<\/strong><\/p><p class=\"has-text-color has-link-color wp-elements-5b106d50cfb41802f6db6fcafdf1582f\" id=\"block-b2df654f-6725-4a32-8260-bdf71bcdde03\" style=\"color:#bd8997;font-size:24px\"><strong>Utilisation<\/strong><\/p><p style=\"font-size:16px\">\u2022 Anti-\u00e2ge<br>\u2022 R\u00e9g\u00e9n\u00e9rante<br>\u2022 Revitalisante<br>\u2022 Raffermissante<br>\u2022 Calmante<\/p><p class=\"has-text-color has-link-color wp-elements-ad959e7b226650c46902e70f4d006817\" id=\"block-4d4dc8e8-0c49-4f97-8bf3-eb03cf232a47\" style=\"color:#bd8997;font-size:24px\"><strong>Caract\u00e9ristiques techniques<\/strong><\/p><p style=\"font-size:16px\"><strong>100% huile v\u00e9g\u00e9tale BIO<\/strong> de Chanvre<br><strong>Nom botanique <\/strong>: <em>Cannabis sativa<\/em><br><strong>Partie de la plante :<\/strong> Graine<br><strong>M\u00e9thode d\u2019extraction :<\/strong> Pression \u00e0 froid<br><strong>Couleur :<\/strong> Jaune p\u00e2le<br><strong>Origine :<\/strong> Sigoyen, France<\/p><p class=\"has-text-color has-link-color wp-elements-e7d0f7af1d73b6380eae9950942abc1a\" id=\"block-3c704259-176b-4dd7-8b92-30855c6835cb\" style=\"color:#bd8997;font-size:24px\"><strong>Pr\u00e9cautions d\u2019utilisation<\/strong><\/p><p style=\"font-size:16px\">L\u2019huile d\u2019amande douce n\u2019est pas comestible.<br>Tenir hors de port\u00e9e des jeunes enfants.<br>Ne se substitue pas \u00e0 une alimentation vari\u00e9e et \u00e9quilibr\u00e9e et \u00e0 un mode de vie sain.<br>A conserver \u00e0 l\u2019abri de toute de chaleur et de la lumi\u00e8re.<\/p>","protected":false},"excerpt":{"rendered":"<p><strong>Riche en om\u00e9ga-6 et om\u00e9ga-3,<\/strong> cette huile est connue pour <strong>redonner douceur et \u00e9lasticit\u00e9 \u00e0 la peau,<\/strong> revitaliser les <strong>peaux s\u00e8ches et matures et lutter contre la\u00a0d\u00e9shydratation. <\/strong>Tr\u00e8s p\u00e9n\u00e9trante, c&rsquo;est un ingr\u00e9dient de choix pour cr\u00e9er des <strong>cosm\u00e9tiques au toucher non gras.\u00a0<\/strong><\/p>\n","protected":false},"featured_media":550,"template":"","meta":[],"product_cat":[21],"product_tag":[],"yoast_head":"<!-- This site is optimized with the Yoast SEO plugin v22.8 - https:\/\/yoast.com\/wordpress\/plugins\/seo\/ -->\n<title>Huile v\u00e9g\u00e9tale de Chanvre - emanature.com<\/title>\n<meta name=\"robots\" content=\"index, follow, max-snippet:-1, max-image-preview:large, max-video-preview:-1\" \/>\n<link rel=\"canonical\" href=\"https:\/\/emanature.com\/index.php\/product\/huile-vegetale-de-chanvre\/\" \/>\n<meta property=\"og:locale\" content=\"fr_FR\" \/>\n<meta property=\"og:type\" content=\"article\" \/>\n<meta property=\"og:title\" content=\"Huile v\u00e9g\u00e9tale de Chanvre - emanature.com\" \/>\n<meta property=\"og:description\" content=\"Riche en om\u00e9ga-6 et om\u00e9ga-3, cette huile est connue pour redonner douceur et \u00e9lasticit\u00e9 \u00e0 la peau, revitaliser les peaux s\u00e8ches et matures et lutter contre la\u00a0d\u00e9shydratation. Tr\u00e8s p\u00e9n\u00e9trante, c&#039;est un ingr\u00e9dient de choix pour cr\u00e9er des cosm\u00e9tiques au toucher non gras.\u00a0\" \/>\n<meta property=\"og:url\" content=\"https:\/\/emanature.com\/index.php\/product\/huile-vegetale-de-chanvre\/\" \/>\n<meta property=\"og:site_name\" content=\"emanature.com\" \/>\n<meta property=\"article:modified_time\" content=\"2024-05-05T15:00:35+00:00\" \/>\n<meta property=\"og:image\" content=\"https:\/\/emanature.com\/wp-content\/uploads\/2024\/05\/huile-vegetale-chanvre-scaled.jpg\" \/>\n\t<meta property=\"og:image:width\" content=\"2560\" \/>\n\t<meta property=\"og:image:height\" content=\"2560\" \/>\n\t<meta property=\"og:image:type\" content=\"image\/jpeg\" \/>\n<meta name=\"twitter:card\" content=\"summary_large_image\" \/>\n<meta name=\"twitter:label1\" content=\"Dur\u00e9e de lecture estim\u00e9e\" \/>\n\t<meta name=\"twitter:data1\" content=\"1 minute\" \/>\n<script type=\"application\/ld+json\" class=\"yoast-schema-graph\">{\"@context\":\"https:\/\/schema.org\",\"@graph\":[{\"@type\":\"WebPage\",\"@id\":\"https:\/\/emanature.com\/index.php\/product\/huile-vegetale-de-chanvre\/\",\"url\":\"https:\/\/emanature.com\/index.php\/product\/huile-vegetale-de-chanvre\/\",\"name\":\"Huile v\u00e9g\u00e9tale de Chanvre - emanature.com\",\"isPartOf\":{\"@id\":\"https:\/\/emanature.com\/#website\"},\"primaryImageOfPage\":{\"@id\":\"https:\/\/emanature.com\/index.php\/product\/huile-vegetale-de-chanvre\/#primaryimage\"},\"image\":{\"@id\":\"https:\/\/emanature.com\/index.php\/product\/huile-vegetale-de-chanvre\/#primaryimage\"},\"thumbnailUrl\":\"https:\/\/emanature.com\/wp-content\/uploads\/2024\/05\/huile-vegetale-chanvre-scaled.jpg\",\"datePublished\":\"2024-04-10T19:39:57+00:00\",\"dateModified\":\"2024-05-05T15:00:35+00:00\",\"breadcrumb\":{\"@id\":\"https:\/\/emanature.com\/index.php\/product\/huile-vegetale-de-chanvre\/#breadcrumb\"},\"inLanguage\":\"fr-FR\",\"potentialAction\":[{\"@type\":\"ReadAction\",\"target\":[\"https:\/\/emanature.com\/index.php\/product\/huile-vegetale-de-chanvre\/\"]}]},{\"@type\":\"ImageObject\",\"inLanguage\":\"fr-FR\",\"@id\":\"https:\/\/emanature.com\/index.php\/product\/huile-vegetale-de-chanvre\/#primaryimage\",\"url\":\"https:\/\/emanature.com\/wp-content\/uploads\/2024\/05\/huile-vegetale-chanvre-scaled.jpg\",\"contentUrl\":\"https:\/\/emanature.com\/wp-content\/uploads\/2024\/05\/huile-vegetale-chanvre-scaled.jpg\",\"width\":2560,\"height\":2560},{\"@type\":\"BreadcrumbList\",\"@id\":\"https:\/\/emanature.com\/index.php\/product\/huile-vegetale-de-chanvre\/#breadcrumb\",\"itemListElement\":[{\"@type\":\"ListItem\",\"position\":1,\"name\":\"Accueil\",\"item\":\"https:\/\/emanature.com\/\"},{\"@type\":\"ListItem\",\"position\":2,\"name\":\"Produits\",\"item\":\"https:\/\/emanature.com\/index.php\/shop\/\"},{\"@type\":\"ListItem\",\"position\":3,\"name\":\"Huile v\u00e9g\u00e9tale de Chanvre\"}]},{\"@type\":\"WebSite\",\"@id\":\"https:\/\/emanature.com\/#website\",\"url\":\"https:\/\/emanature.com\/\",\"name\":\"emanature.com\",\"description\":\"Eveillez vos sens, Lib\u00e9rez votre bien-\u00eatre\",\"publisher\":{\"@id\":\"https:\/\/emanature.com\/#organization\"},\"potentialAction\":[{\"@type\":\"SearchAction\",\"target\":{\"@type\":\"EntryPoint\",\"urlTemplate\":\"https:\/\/emanature.com\/?s={search_term_string}\"},\"query-input\":\"required name=search_term_string\"}],\"inLanguage\":\"fr-FR\"},{\"@type\":\"Organization\",\"@id\":\"https:\/\/emanature.com\/#organization\",\"name\":\"emanature.com\",\"url\":\"https:\/\/emanature.com\/\",\"logo\":{\"@type\":\"ImageObject\",\"inLanguage\":\"fr-FR\",\"@id\":\"https:\/\/emanature.com\/#\/schema\/logo\/image\/\",\"url\":\"https:\/\/emanature.com\/wp-content\/uploads\/2024\/04\/logo-ok-web.svg\",\"contentUrl\":\"https:\/\/emanature.com\/wp-content\/uploads\/2024\/04\/logo-ok-web.svg\",\"width\":571,\"height\":81,\"caption\":\"emanature.com\"},\"image\":{\"@id\":\"https:\/\/emanature.com\/#\/schema\/logo\/image\/\"}}]}<\/script>\n<!-- \/ Yoast SEO plugin. -->","yoast_head_json":{"title":"Huile v\u00e9g\u00e9tale de Chanvre - emanature.com","robots":{"index":"index","follow":"follow","max-snippet":"max-snippet:-1","max-image-preview":"max-image-preview:large","max-video-preview":"max-video-preview:-1"},"canonical":"https:\/\/emanature.com\/index.php\/product\/huile-vegetale-de-chanvre\/","og_locale":"fr_FR","og_type":"article","og_title":"Huile v\u00e9g\u00e9tale de Chanvre - emanature.com","og_description":"Riche en om\u00e9ga-6 et om\u00e9ga-3, cette huile est connue pour redonner douceur et \u00e9lasticit\u00e9 \u00e0 la peau, revitaliser les peaux s\u00e8ches et matures et lutter contre la\u00a0d\u00e9shydratation. Tr\u00e8s p\u00e9n\u00e9trante, c'est un ingr\u00e9dient de choix pour cr\u00e9er des cosm\u00e9tiques au toucher non gras.\u00a0","og_url":"https:\/\/emanature.com\/index.php\/product\/huile-vegetale-de-chanvre\/","og_site_name":"emanature.com","article_modified_time":"2024-05-05T15:00:35+00:00","og_image":[{"width":2560,"height":2560,"url":"https:\/\/emanature.com\/wp-content\/uploads\/2024\/05\/huile-vegetale-chanvre-scaled.jpg","type":"image\/jpeg"}],"twitter_card":"summary_large_image","twitter_misc":{"Dur\u00e9e de lecture estim\u00e9e":"1 minute"},"schema":{"@context":"https:\/\/schema.org","@graph":[{"@type":"WebPage","@id":"https:\/\/emanature.com\/index.php\/product\/huile-vegetale-de-chanvre\/","url":"https:\/\/emanature.com\/index.php\/product\/huile-vegetale-de-chanvre\/","name":"Huile v\u00e9g\u00e9tale de Chanvre - emanature.com","isPartOf":{"@id":"https:\/\/emanature.com\/#website"},"primaryImageOfPage":{"@id":"https:\/\/emanature.com\/index.php\/product\/huile-vegetale-de-chanvre\/#primaryimage"},"image":{"@id":"https:\/\/emanature.com\/index.php\/product\/huile-vegetale-de-chanvre\/#primaryimage"},"thumbnailUrl":"https:\/\/emanature.com\/wp-content\/uploads\/2024\/05\/huile-vegetale-chanvre-scaled.jpg","datePublished":"2024-04-10T19:39:57+00:00","dateModified":"2024-05-05T15:00:35+00:00","breadcrumb":{"@id":"https:\/\/emanature.com\/index.php\/product\/huile-vegetale-de-chanvre\/#breadcrumb"},"inLanguage":"fr-FR","potentialAction":[{"@type":"ReadAction","target":["https:\/\/emanature.com\/index.php\/product\/huile-vegetale-de-chanvre\/"]}]},{"@type":"ImageObject","inLanguage":"fr-FR","@id":"https:\/\/emanature.com\/index.php\/product\/huile-vegetale-de-chanvre\/#primaryimage","url":"https:\/\/emanature.com\/wp-content\/uploads\/2024\/05\/huile-vegetale-chanvre-scaled.jpg","contentUrl":"https:\/\/emanature.com\/wp-content\/uploads\/2024\/05\/huile-vegetale-chanvre-scaled.jpg","width":2560,"height":2560},{"@type":"BreadcrumbList","@id":"https:\/\/emanature.com\/index.php\/product\/huile-vegetale-de-chanvre\/#breadcrumb","itemListElement":[{"@type":"ListItem","position":1,"name":"Accueil","item":"https:\/\/emanature.com\/"},{"@type":"ListItem","position":2,"name":"Produits","item":"https:\/\/emanature.com\/index.php\/shop\/"},{"@type":"ListItem","position":3,"name":"Huile v\u00e9g\u00e9tale de Chanvre"}]},{"@type":"WebSite","@id":"https:\/\/emanature.com\/#website","url":"https:\/\/emanature.com\/","name":"emanature.com","description":"Eveillez vos sens, Lib\u00e9rez votre bien-\u00eatre","publisher":{"@id":"https:\/\/emanature.com\/#organization"},"potentialAction":[{"@type":"SearchAction","target":{"@type":"EntryPoint","urlTemplate":"https:\/\/emanature.com\/?s={search_term_string}"},"query-input":"required name=search_term_string"}],"inLanguage":"fr-FR"},{"@type":"Organization","@id":"https:\/\/emanature.com\/#organization","name":"emanature.com","url":"https:\/\/emanature.com\/","logo":{"@type":"ImageObject","inLanguage":"fr-FR","@id":"https:\/\/emanature.com\/#\/schema\/logo\/image\/","url":"https:\/\/emanature.com\/wp-content\/uploads\/2024\/04\/logo-ok-web.svg","contentUrl":"https:\/\/emanature.com\/wp-content\/uploads\/2024\/04\/logo-ok-web.svg","width":571,"height":81,"caption":"emanature.com"},"image":{"@id":"https:\/\/emanature.com\/#\/schema\/logo\/image\/"}}]}},"jetpack_sharing_enabled":true,"_links":{"self":[{"href":"https:\/\/emanature.com\/index.php\/wp-json\/wp\/v2\/product\/316"}],"collection":[{"href":"https:\/\/emanature.com\/index.php\/wp-json\/wp\/v2\/product"}],"about":[{"href":"https:\/\/emanature.com\/index.php\/wp-json\/wp\/v2\/types\/product"}],"wp:featuredmedia":[{"embeddable":true,"href":"https:\/\/emanature.com\/index.php\/wp-json\/wp\/v2\/media\/550"}],"wp:attachment":[{"href":"https:\/\/emanature.com\/index.php\/wp-json\/wp\/v2\/media?parent=316"}],"wp:term":[{"taxonomy":"product_cat","embeddable":true,"href":"https:\/\/emanature.com\/index.php\/wp-json\/wp\/v2\/product_cat?post=316"},{"taxonomy":"product_tag","embeddable":true,"href":"https:\/\/emanature.com\/index.php\/wp-json\/wp\/v2\/product_tag?post=316"}],"curies":[{"name":"wp","href":"https:\/\/api.w.org\/{rel}","templated":true}]}}