{"id":317,"date":"2024-04-10T21:48:25","date_gmt":"2024-04-10T19:48:25","guid":{"rendered":"https:\/\/emanature.com\/?post_type=product&#038;p=317"},"modified":"2024-05-05T17:00:14","modified_gmt":"2024-05-05T15:00:14","slug":"huile-vegetale-de-carotte","status":"publish","type":"product","link":"https:\/\/emanature.com\/index.php\/product\/huile-vegetale-de-carotte\/","title":{"rendered":"Huile v\u00e9g\u00e9tale de Carotte"},"content":{"rendered":"<p class=\"has-text-color has-link-color wp-elements-278410bd44a42d46bcb67a8f7f5a1d6a\" id=\"block-d823196f-a9a2-4c5a-97f8-8775080ea518\" style=\"color:#bd8997;font-size:24px\"><strong>Description<\/strong><\/p><p style=\"font-size:16px\"><strong>Une huile v\u00e9g\u00e9tale vitamin\u00e9e pour dorer la peau !<\/strong> Cette huile tr\u00e8s p\u00e9n\u00e9trante et joliment orange est id\u00e9ale en cosm\u00e9tique pour pr\u00e9parer la peau au bronzage ou pour illuminer le teint.<\/p><p style=\"font-size:16px\">C\u2019est le fameux <strong>beta-carot\u00e8ne<\/strong> qui donne \u00e0 cet extrait lipidique sa belle couleur. Active, elle est pourtant bien tol\u00e9r\u00e9e par tous et <strong>m\u00eame par les peaux grasses qui l\u2019appr\u00e9cient beaucoup.<\/strong> On l\u2019utilise en pr\u00e9paration d\u2019une exposition au soleil, ou tout au long de l\u2019ann\u00e9e pour un soin \u00e9clat hors pair.<\/p><p style=\"font-size:16px\">En effet, l&rsquo;huile de carotte  est une <strong>source tr\u00e8s importante de pro-vitamine A ou p-carot\u00e8ne.<\/strong> A ce titre, il poss\u00e8de un profil <strong>anti-oxydant tr\u00e8s solide,<\/strong> et rend l\u2019huile de carotte indispensable dans la composition de tout bon produit de pr\u00e9paration au bronzage, et surtout de soin apr\u00e8s-soleil.<\/p><p style=\"font-size:16px\">C\u2019est \u00e9galement <strong>une perle cosm\u00e9tique<\/strong> \u00e0 inclure dans les cr\u00e8mes anti-rides ainsi que dans des protocoles de soin de l\u2019acn\u00e9 (la vitamine A est une des substances anti-acn\u00e9 les plus efficaces).<\/p><p class=\"has-text-color has-link-color wp-elements-5b106d50cfb41802f6db6fcafdf1582f\" id=\"block-b2df654f-6725-4a32-8260-bdf71bcdde03\" style=\"color:#bd8997;font-size:24px\"><strong>Utilisation<\/strong><\/p><p style=\"font-size:16px\">\u2022 Renforce la r\u00e9sistance de la peau<br>\u2022 Pr\u00e9pare au bronzage<br>\u2022 Soutient le pouvoir r\u00e9parateur de la peau<br>\u2022 Maintient l\u2019\u00e9lasticit\u00e9 de la peau<br>\u2022 Prot\u00e8ge contre le vieillissement<\/p><p class=\"has-text-color has-link-color wp-elements-ad959e7b226650c46902e70f4d006817\" id=\"block-4d4dc8e8-0c49-4f97-8bf3-eb03cf232a47\" style=\"color:#bd8997;font-size:24px\"><strong>Caract\u00e9ristiques techniques<\/strong><\/p><p style=\"font-size:16px\"><strong>100% huile v\u00e9g\u00e9tale <\/strong>de Carotte<br><strong>Nom botanique <\/strong>: <em>Daucus carota<\/em><br><strong>Partie de la plante :<\/strong> Racines fra\u00eeches<br><strong>M\u00e9thode d\u2019extraction :<\/strong> Mac\u00e9r\u00e2t des racines fra\u00eeches<br><strong>Couleur :<\/strong> Orang\u00e9e<br><strong>Origine :<\/strong> Sisteron, France<\/p><p class=\"has-text-color has-link-color wp-elements-e7d0f7af1d73b6380eae9950942abc1a\" id=\"block-3c704259-176b-4dd7-8b92-30855c6835cb\" style=\"color:#bd8997;font-size:24px\"><strong>Pr\u00e9cautions d\u2019utilisation<\/strong><\/p><p style=\"font-size:16px\">A utiliser avec mesure pour \u00e9viter un brunissement trop marqu\u00e9 ou irr\u00e9gulier de la peau.<\/p><p style=\"font-size:16px\">L\u2019huile d\u2019amande douce n\u2019est pas comestible.<br>Tenir hors de port\u00e9e des jeunes enfants.<br>Ne se substitue pas \u00e0 une alimentation vari\u00e9e et \u00e9quilibr\u00e9e et \u00e0 un mode de vie sain.<br>A conserver \u00e0 l\u2019abri de toute de chaleur et de la lumi\u00e8re.<\/p>","protected":false},"excerpt":{"rendered":"<p>Une huile v\u00e9g\u00e9tale <strong>vitamin\u00e9e pour dorer la peau ! <\/strong>Cette huile tr\u00e8s p\u00e9n\u00e9trante et joliment orange est <strong>id\u00e9ale en cosm\u00e9tique pour pr\u00e9parer la peau au bronzage ou pour illuminer le teint.<\/strong><br \/><strong>Protection solaire, r\u00e9paration de la peau, anti-ride, auto-bronzant naturel,<\/strong> l\u2019huile v\u00e9g\u00e9tale de Carotte  <strong>maintient l\u2019\u00e9lasticit\u00e9 de la peau,<\/strong> combat les radicaux libres et renforce les d\u00e9fenses naturelles.<\/p>\n","protected":false},"featured_media":549,"template":"","meta":[],"product_cat":[21],"product_tag":[],"yoast_head":"<!-- This site is optimized with the Yoast SEO plugin v22.8 - https:\/\/yoast.com\/wordpress\/plugins\/seo\/ -->\n<title>Huile v\u00e9g\u00e9tale de Carotte - emanature.com<\/title>\n<meta name=\"robots\" content=\"index, follow, max-snippet:-1, max-image-preview:large, max-video-preview:-1\" \/>\n<link rel=\"canonical\" href=\"https:\/\/emanature.com\/index.php\/product\/huile-vegetale-de-carotte\/\" \/>\n<meta property=\"og:locale\" content=\"fr_FR\" \/>\n<meta property=\"og:type\" content=\"article\" \/>\n<meta property=\"og:title\" content=\"Huile v\u00e9g\u00e9tale de Carotte - emanature.com\" \/>\n<meta property=\"og:description\" content=\"Une huile v\u00e9g\u00e9tale vitamin\u00e9e pour dorer la peau ! Cette huile tr\u00e8s p\u00e9n\u00e9trante et joliment orange est id\u00e9ale en cosm\u00e9tique pour pr\u00e9parer la peau au bronzage ou pour illuminer le teint.Protection solaire, r\u00e9paration de la peau, anti-ride, auto-bronzant naturel, l\u2019huile v\u00e9g\u00e9tale de Carotte maintient l\u2019\u00e9lasticit\u00e9 de la peau, combat les radicaux libres et renforce les d\u00e9fenses naturelles.\" \/>\n<meta property=\"og:url\" content=\"https:\/\/emanature.com\/index.php\/product\/huile-vegetale-de-carotte\/\" \/>\n<meta property=\"og:site_name\" content=\"emanature.com\" \/>\n<meta property=\"article:modified_time\" content=\"2024-05-05T15:00:14+00:00\" \/>\n<meta property=\"og:image\" content=\"https:\/\/emanature.com\/wp-content\/uploads\/2024\/05\/huile-vegetale-carotte-scaled.jpg\" \/>\n\t<meta property=\"og:image:width\" content=\"2560\" \/>\n\t<meta property=\"og:image:height\" content=\"2560\" \/>\n\t<meta property=\"og:image:type\" content=\"image\/jpeg\" \/>\n<meta name=\"twitter:card\" content=\"summary_large_image\" \/>\n<meta name=\"twitter:label1\" content=\"Dur\u00e9e de lecture estim\u00e9e\" \/>\n\t<meta name=\"twitter:data1\" content=\"2 minutes\" \/>\n<script type=\"application\/ld+json\" class=\"yoast-schema-graph\">{\"@context\":\"https:\/\/schema.org\",\"@graph\":[{\"@type\":\"WebPage\",\"@id\":\"https:\/\/emanature.com\/index.php\/product\/huile-vegetale-de-carotte\/\",\"url\":\"https:\/\/emanature.com\/index.php\/product\/huile-vegetale-de-carotte\/\",\"name\":\"Huile v\u00e9g\u00e9tale de Carotte - emanature.com\",\"isPartOf\":{\"@id\":\"https:\/\/emanature.com\/#website\"},\"primaryImageOfPage\":{\"@id\":\"https:\/\/emanature.com\/index.php\/product\/huile-vegetale-de-carotte\/#primaryimage\"},\"image\":{\"@id\":\"https:\/\/emanature.com\/index.php\/product\/huile-vegetale-de-carotte\/#primaryimage\"},\"thumbnailUrl\":\"https:\/\/emanature.com\/wp-content\/uploads\/2024\/05\/huile-vegetale-carotte-scaled.jpg\",\"datePublished\":\"2024-04-10T19:48:25+00:00\",\"dateModified\":\"2024-05-05T15:00:14+00:00\",\"breadcrumb\":{\"@id\":\"https:\/\/emanature.com\/index.php\/product\/huile-vegetale-de-carotte\/#breadcrumb\"},\"inLanguage\":\"fr-FR\",\"potentialAction\":[{\"@type\":\"ReadAction\",\"target\":[\"https:\/\/emanature.com\/index.php\/product\/huile-vegetale-de-carotte\/\"]}]},{\"@type\":\"ImageObject\",\"inLanguage\":\"fr-FR\",\"@id\":\"https:\/\/emanature.com\/index.php\/product\/huile-vegetale-de-carotte\/#primaryimage\",\"url\":\"https:\/\/emanature.com\/wp-content\/uploads\/2024\/05\/huile-vegetale-carotte-scaled.jpg\",\"contentUrl\":\"https:\/\/emanature.com\/wp-content\/uploads\/2024\/05\/huile-vegetale-carotte-scaled.jpg\",\"width\":2560,\"height\":2560},{\"@type\":\"BreadcrumbList\",\"@id\":\"https:\/\/emanature.com\/index.php\/product\/huile-vegetale-de-carotte\/#breadcrumb\",\"itemListElement\":[{\"@type\":\"ListItem\",\"position\":1,\"name\":\"Accueil\",\"item\":\"https:\/\/emanature.com\/\"},{\"@type\":\"ListItem\",\"position\":2,\"name\":\"Produits\",\"item\":\"https:\/\/emanature.com\/index.php\/shop\/\"},{\"@type\":\"ListItem\",\"position\":3,\"name\":\"Huile v\u00e9g\u00e9tale de Carotte\"}]},{\"@type\":\"WebSite\",\"@id\":\"https:\/\/emanature.com\/#website\",\"url\":\"https:\/\/emanature.com\/\",\"name\":\"emanature.com\",\"description\":\"Eveillez vos sens, Lib\u00e9rez votre bien-\u00eatre\",\"publisher\":{\"@id\":\"https:\/\/emanature.com\/#organization\"},\"potentialAction\":[{\"@type\":\"SearchAction\",\"target\":{\"@type\":\"EntryPoint\",\"urlTemplate\":\"https:\/\/emanature.com\/?s={search_term_string}\"},\"query-input\":\"required name=search_term_string\"}],\"inLanguage\":\"fr-FR\"},{\"@type\":\"Organization\",\"@id\":\"https:\/\/emanature.com\/#organization\",\"name\":\"emanature.com\",\"url\":\"https:\/\/emanature.com\/\",\"logo\":{\"@type\":\"ImageObject\",\"inLanguage\":\"fr-FR\",\"@id\":\"https:\/\/emanature.com\/#\/schema\/logo\/image\/\",\"url\":\"https:\/\/emanature.com\/wp-content\/uploads\/2024\/04\/logo-ok-web.svg\",\"contentUrl\":\"https:\/\/emanature.com\/wp-content\/uploads\/2024\/04\/logo-ok-web.svg\",\"width\":571,\"height\":81,\"caption\":\"emanature.com\"},\"image\":{\"@id\":\"https:\/\/emanature.com\/#\/schema\/logo\/image\/\"}}]}<\/script>\n<!-- \/ Yoast SEO plugin. -->","yoast_head_json":{"title":"Huile v\u00e9g\u00e9tale de Carotte - emanature.com","robots":{"index":"index","follow":"follow","max-snippet":"max-snippet:-1","max-image-preview":"max-image-preview:large","max-video-preview":"max-video-preview:-1"},"canonical":"https:\/\/emanature.com\/index.php\/product\/huile-vegetale-de-carotte\/","og_locale":"fr_FR","og_type":"article","og_title":"Huile v\u00e9g\u00e9tale de Carotte - emanature.com","og_description":"Une huile v\u00e9g\u00e9tale vitamin\u00e9e pour dorer la peau ! Cette huile tr\u00e8s p\u00e9n\u00e9trante et joliment orange est id\u00e9ale en cosm\u00e9tique pour pr\u00e9parer la peau au bronzage ou pour illuminer le teint.Protection solaire, r\u00e9paration de la peau, anti-ride, auto-bronzant naturel, l\u2019huile v\u00e9g\u00e9tale de Carotte maintient l\u2019\u00e9lasticit\u00e9 de la peau, combat les radicaux libres et renforce les d\u00e9fenses naturelles.","og_url":"https:\/\/emanature.com\/index.php\/product\/huile-vegetale-de-carotte\/","og_site_name":"emanature.com","article_modified_time":"2024-05-05T15:00:14+00:00","og_image":[{"width":2560,"height":2560,"url":"https:\/\/emanature.com\/wp-content\/uploads\/2024\/05\/huile-vegetale-carotte-scaled.jpg","type":"image\/jpeg"}],"twitter_card":"summary_large_image","twitter_misc":{"Dur\u00e9e de lecture estim\u00e9e":"2 minutes"},"schema":{"@context":"https:\/\/schema.org","@graph":[{"@type":"WebPage","@id":"https:\/\/emanature.com\/index.php\/product\/huile-vegetale-de-carotte\/","url":"https:\/\/emanature.com\/index.php\/product\/huile-vegetale-de-carotte\/","name":"Huile v\u00e9g\u00e9tale de Carotte - emanature.com","isPartOf":{"@id":"https:\/\/emanature.com\/#website"},"primaryImageOfPage":{"@id":"https:\/\/emanature.com\/index.php\/product\/huile-vegetale-de-carotte\/#primaryimage"},"image":{"@id":"https:\/\/emanature.com\/index.php\/product\/huile-vegetale-de-carotte\/#primaryimage"},"thumbnailUrl":"https:\/\/emanature.com\/wp-content\/uploads\/2024\/05\/huile-vegetale-carotte-scaled.jpg","datePublished":"2024-04-10T19:48:25+00:00","dateModified":"2024-05-05T15:00:14+00:00","breadcrumb":{"@id":"https:\/\/emanature.com\/index.php\/product\/huile-vegetale-de-carotte\/#breadcrumb"},"inLanguage":"fr-FR","potentialAction":[{"@type":"ReadAction","target":["https:\/\/emanature.com\/index.php\/product\/huile-vegetale-de-carotte\/"]}]},{"@type":"ImageObject","inLanguage":"fr-FR","@id":"https:\/\/emanature.com\/index.php\/product\/huile-vegetale-de-carotte\/#primaryimage","url":"https:\/\/emanature.com\/wp-content\/uploads\/2024\/05\/huile-vegetale-carotte-scaled.jpg","contentUrl":"https:\/\/emanature.com\/wp-content\/uploads\/2024\/05\/huile-vegetale-carotte-scaled.jpg","width":2560,"height":2560},{"@type":"BreadcrumbList","@id":"https:\/\/emanature.com\/index.php\/product\/huile-vegetale-de-carotte\/#breadcrumb","itemListElement":[{"@type":"ListItem","position":1,"name":"Accueil","item":"https:\/\/emanature.com\/"},{"@type":"ListItem","position":2,"name":"Produits","item":"https:\/\/emanature.com\/index.php\/shop\/"},{"@type":"ListItem","position":3,"name":"Huile v\u00e9g\u00e9tale de Carotte"}]},{"@type":"WebSite","@id":"https:\/\/emanature.com\/#website","url":"https:\/\/emanature.com\/","name":"emanature.com","description":"Eveillez vos sens, Lib\u00e9rez votre bien-\u00eatre","publisher":{"@id":"https:\/\/emanature.com\/#organization"},"potentialAction":[{"@type":"SearchAction","target":{"@type":"EntryPoint","urlTemplate":"https:\/\/emanature.com\/?s={search_term_string}"},"query-input":"required name=search_term_string"}],"inLanguage":"fr-FR"},{"@type":"Organization","@id":"https:\/\/emanature.com\/#organization","name":"emanature.com","url":"https:\/\/emanature.com\/","logo":{"@type":"ImageObject","inLanguage":"fr-FR","@id":"https:\/\/emanature.com\/#\/schema\/logo\/image\/","url":"https:\/\/emanature.com\/wp-content\/uploads\/2024\/04\/logo-ok-web.svg","contentUrl":"https:\/\/emanature.com\/wp-content\/uploads\/2024\/04\/logo-ok-web.svg","width":571,"height":81,"caption":"emanature.com"},"image":{"@id":"https:\/\/emanature.com\/#\/schema\/logo\/image\/"}}]}},"jetpack_sharing_enabled":true,"_links":{"self":[{"href":"https:\/\/emanature.com\/index.php\/wp-json\/wp\/v2\/product\/317"}],"collection":[{"href":"https:\/\/emanature.com\/index.php\/wp-json\/wp\/v2\/product"}],"about":[{"href":"https:\/\/emanature.com\/index.php\/wp-json\/wp\/v2\/types\/product"}],"wp:featuredmedia":[{"embeddable":true,"href":"https:\/\/emanature.com\/index.php\/wp-json\/wp\/v2\/media\/549"}],"wp:attachment":[{"href":"https:\/\/emanature.com\/index.php\/wp-json\/wp\/v2\/media?parent=317"}],"wp:term":[{"taxonomy":"product_cat","embeddable":true,"href":"https:\/\/emanature.com\/index.php\/wp-json\/wp\/v2\/product_cat?post=317"},{"taxonomy":"product_tag","embeddable":true,"href":"https:\/\/emanature.com\/index.php\/wp-json\/wp\/v2\/product_tag?post=317"}],"curies":[{"name":"wp","href":"https:\/\/api.w.org\/{rel}","templated":true}]}}