{"id":320,"date":"2024-04-10T22:11:30","date_gmt":"2024-04-10T20:11:30","guid":{"rendered":"https:\/\/emanature.com\/?post_type=product&#038;p=320"},"modified":"2024-05-05T16:59:25","modified_gmt":"2024-05-05T14:59:25","slug":"huile-vegetale-de-bourrache-2","status":"publish","type":"product","link":"https:\/\/emanature.com\/index.php\/product\/huile-vegetale-de-bourrache-2\/","title":{"rendered":"Huile v\u00e9g\u00e9tale de Bourrache"},"content":{"rendered":"<p class=\"has-text-color has-link-color wp-elements-278410bd44a42d46bcb67a8f7f5a1d6a\" id=\"block-d823196f-a9a2-4c5a-97f8-8775080ea518\" style=\"color:#bd8997;font-size:24px\"><strong>Description<\/strong><\/p><p style=\"font-size:16px\"><strong>Tr\u00e8s riche en vitamines A-D-E-K ,<\/strong> s\u2019utilise pour <strong>r\u00e9g\u00e9n\u00e9rer et nourrir la peau et la rendre douce et lisse<\/strong>. Source d\u2019acides gras essentiels om\u00e9ga 3-6-9, elle <strong>r\u00e9gule le cholest\u00e9rol et troubles pr\u00e9menstruels ou cardio-vasculaires.<\/strong><\/p><p style=\"font-size:16px\">La bourrache ou bourrache officinale est une <strong>grande plante annuelle \u00e0 fleurs bleues et \u00e9toil\u00e9es. <\/strong>On la retrouve principalement en Europe. Les tiges sont recouvertes d\u2019un duvet de petits poils. Ce sont ses graines qui sont riches en acides gras essentiels. On retrouve ces m\u00eames acides gras essentiels dans la constitution des omega 6. L\u2019 huile v\u00e9g\u00e9tale de bourrache est obtenue par la pression \u00e0 froid des graines.<\/p><p class=\"has-text-color has-link-color wp-elements-5b106d50cfb41802f6db6fcafdf1582f\" id=\"block-b2df654f-6725-4a32-8260-bdf71bcdde03\" style=\"color:#bd8997;font-size:24px\"><strong>Utilisation<\/strong><\/p><p style=\"font-size:16px\">\u2022 R\u00e9paratrice<br>\u2022 Calmante<br>\u2022 Assouplissante<br>\u2022 Peaux fragiles, sensibles<br>\u2022 Peaux \u00e0 tendance atopique<\/p><p class=\"has-text-color has-link-color wp-elements-ad959e7b226650c46902e70f4d006817\" id=\"block-4d4dc8e8-0c49-4f97-8bf3-eb03cf232a47\" style=\"color:#bd8997;font-size:24px\"><strong>Caract\u00e9ristiques techniques<\/strong><\/p><p style=\"font-size:16px\"><strong>100% huile v\u00e9g\u00e9tale <\/strong>de bourrache<br><strong>Nom botanique <\/strong>: <em>Persea americana Mill.<\/em> <br><strong>Partie de la plante :<\/strong> Graine<br><strong>M\u00e9thode d\u2019extraction :<\/strong> Noyau<br><strong>Couleur :<\/strong> Jaune p\u00e2le<br><strong>Origine :<\/strong> Castel Bevons, France<\/p><p class=\"has-text-color has-link-color wp-elements-e7d0f7af1d73b6380eae9950942abc1a\" id=\"block-3c704259-176b-4dd7-8b92-30855c6835cb\" style=\"color:#bd8997;font-size:24px\"><strong>Pr\u00e9cautions d\u2019utilisation<\/strong><\/p><p style=\"font-size:16px\">L\u2019huile de bourrache n\u2019est pas comestible.<br>Tenir hors de port\u00e9e des jeunes enfants.<br>Ne se substitue pas \u00e0 une alimentation vari\u00e9e et \u00e9quilibr\u00e9e et \u00e0 un mode de vie sain.<br>A conserver \u00e0 l\u2019abri de toute de chaleur et de la lumi\u00e8re.<\/p>","protected":false},"excerpt":{"rendered":"<p>Reconnue pour ses <strong>propri\u00e9t\u00e9s revitalisantes et protectrices,<\/strong> cette huile de qualit\u00e9 est id\u00e9ale pour <strong>pr\u00e9parer des soins anti-\u00e2ge<\/strong>. Elle s&rsquo;utilise aussi dans la composition\u00a0de soins des <strong>ongles cassants, des cheveux secs et des vergetures.<\/strong><\/p>\n<p><strong>Tr\u00e8s riche en vitamines A-D-E-K,<\/strong> l\u2019huile de Bourrache s\u2019utilise pour <strong>r\u00e9g\u00e9n\u00e9rer et nourrir la peau et la rendre douce et lisse.<\/strong> Elle aide \u00e0 <strong>r\u00e9guler le cholest\u00e9rol et troubles pr\u00e9menstruels ou cardio-vasculaires.<\/strong><\/p>\n","protected":false},"featured_media":546,"template":"","meta":[],"product_cat":[21],"product_tag":[],"yoast_head":"<!-- This site is optimized with the Yoast SEO plugin v22.8 - https:\/\/yoast.com\/wordpress\/plugins\/seo\/ -->\n<title>Huile v\u00e9g\u00e9tale de Bourrache - emanature.com<\/title>\n<meta name=\"robots\" content=\"index, follow, max-snippet:-1, max-image-preview:large, max-video-preview:-1\" \/>\n<link rel=\"canonical\" href=\"https:\/\/emanature.com\/index.php\/product\/huile-vegetale-de-bourrache-2\/\" \/>\n<meta property=\"og:locale\" content=\"fr_FR\" \/>\n<meta property=\"og:type\" content=\"article\" \/>\n<meta property=\"og:title\" content=\"Huile v\u00e9g\u00e9tale de Bourrache - emanature.com\" \/>\n<meta property=\"og:description\" content=\"Reconnue pour ses propri\u00e9t\u00e9s revitalisantes et protectrices, cette huile de qualit\u00e9 est id\u00e9ale pour pr\u00e9parer des soins anti-\u00e2ge. Elle s&#039;utilise aussi dans la composition\u00a0de soins des ongles cassants, des cheveux secs et des vergetures.Tr\u00e8s riche en vitamines A-D-E-K, l\u2019huile de Bourrache s\u2019utilise pour r\u00e9g\u00e9n\u00e9rer et nourrir la peau et la rendre douce et lisse. Elle aide \u00e0 r\u00e9guler le cholest\u00e9rol et troubles pr\u00e9menstruels ou cardio-vasculaires.\" \/>\n<meta property=\"og:url\" content=\"https:\/\/emanature.com\/index.php\/product\/huile-vegetale-de-bourrache-2\/\" \/>\n<meta property=\"og:site_name\" content=\"emanature.com\" \/>\n<meta property=\"article:modified_time\" content=\"2024-05-05T14:59:25+00:00\" \/>\n<meta property=\"og:image\" content=\"https:\/\/emanature.com\/wp-content\/uploads\/2024\/05\/huile-vegetale-bourrache-scaled.jpg\" \/>\n\t<meta property=\"og:image:width\" content=\"2560\" \/>\n\t<meta property=\"og:image:height\" content=\"2560\" \/>\n\t<meta property=\"og:image:type\" content=\"image\/jpeg\" \/>\n<meta name=\"twitter:card\" content=\"summary_large_image\" \/>\n<meta name=\"twitter:label1\" content=\"Dur\u00e9e de lecture estim\u00e9e\" \/>\n\t<meta name=\"twitter:data1\" content=\"1 minute\" \/>\n<script type=\"application\/ld+json\" class=\"yoast-schema-graph\">{\"@context\":\"https:\/\/schema.org\",\"@graph\":[{\"@type\":\"WebPage\",\"@id\":\"https:\/\/emanature.com\/index.php\/product\/huile-vegetale-de-bourrache-2\/\",\"url\":\"https:\/\/emanature.com\/index.php\/product\/huile-vegetale-de-bourrache-2\/\",\"name\":\"Huile v\u00e9g\u00e9tale de Bourrache - emanature.com\",\"isPartOf\":{\"@id\":\"https:\/\/emanature.com\/#website\"},\"primaryImageOfPage\":{\"@id\":\"https:\/\/emanature.com\/index.php\/product\/huile-vegetale-de-bourrache-2\/#primaryimage\"},\"image\":{\"@id\":\"https:\/\/emanature.com\/index.php\/product\/huile-vegetale-de-bourrache-2\/#primaryimage\"},\"thumbnailUrl\":\"https:\/\/emanature.com\/wp-content\/uploads\/2024\/05\/huile-vegetale-bourrache-scaled.jpg\",\"datePublished\":\"2024-04-10T20:11:30+00:00\",\"dateModified\":\"2024-05-05T14:59:25+00:00\",\"breadcrumb\":{\"@id\":\"https:\/\/emanature.com\/index.php\/product\/huile-vegetale-de-bourrache-2\/#breadcrumb\"},\"inLanguage\":\"fr-FR\",\"potentialAction\":[{\"@type\":\"ReadAction\",\"target\":[\"https:\/\/emanature.com\/index.php\/product\/huile-vegetale-de-bourrache-2\/\"]}]},{\"@type\":\"ImageObject\",\"inLanguage\":\"fr-FR\",\"@id\":\"https:\/\/emanature.com\/index.php\/product\/huile-vegetale-de-bourrache-2\/#primaryimage\",\"url\":\"https:\/\/emanature.com\/wp-content\/uploads\/2024\/05\/huile-vegetale-bourrache-scaled.jpg\",\"contentUrl\":\"https:\/\/emanature.com\/wp-content\/uploads\/2024\/05\/huile-vegetale-bourrache-scaled.jpg\",\"width\":2560,\"height\":2560},{\"@type\":\"BreadcrumbList\",\"@id\":\"https:\/\/emanature.com\/index.php\/product\/huile-vegetale-de-bourrache-2\/#breadcrumb\",\"itemListElement\":[{\"@type\":\"ListItem\",\"position\":1,\"name\":\"Accueil\",\"item\":\"https:\/\/emanature.com\/\"},{\"@type\":\"ListItem\",\"position\":2,\"name\":\"Produits\",\"item\":\"https:\/\/emanature.com\/index.php\/shop\/\"},{\"@type\":\"ListItem\",\"position\":3,\"name\":\"Huile v\u00e9g\u00e9tale de Bourrache\"}]},{\"@type\":\"WebSite\",\"@id\":\"https:\/\/emanature.com\/#website\",\"url\":\"https:\/\/emanature.com\/\",\"name\":\"emanature.com\",\"description\":\"Eveillez vos sens, Lib\u00e9rez votre bien-\u00eatre\",\"publisher\":{\"@id\":\"https:\/\/emanature.com\/#organization\"},\"potentialAction\":[{\"@type\":\"SearchAction\",\"target\":{\"@type\":\"EntryPoint\",\"urlTemplate\":\"https:\/\/emanature.com\/?s={search_term_string}\"},\"query-input\":\"required name=search_term_string\"}],\"inLanguage\":\"fr-FR\"},{\"@type\":\"Organization\",\"@id\":\"https:\/\/emanature.com\/#organization\",\"name\":\"emanature.com\",\"url\":\"https:\/\/emanature.com\/\",\"logo\":{\"@type\":\"ImageObject\",\"inLanguage\":\"fr-FR\",\"@id\":\"https:\/\/emanature.com\/#\/schema\/logo\/image\/\",\"url\":\"https:\/\/emanature.com\/wp-content\/uploads\/2024\/04\/logo-ok-web.svg\",\"contentUrl\":\"https:\/\/emanature.com\/wp-content\/uploads\/2024\/04\/logo-ok-web.svg\",\"width\":571,\"height\":81,\"caption\":\"emanature.com\"},\"image\":{\"@id\":\"https:\/\/emanature.com\/#\/schema\/logo\/image\/\"}}]}<\/script>\n<!-- \/ Yoast SEO plugin. -->","yoast_head_json":{"title":"Huile v\u00e9g\u00e9tale de Bourrache - emanature.com","robots":{"index":"index","follow":"follow","max-snippet":"max-snippet:-1","max-image-preview":"max-image-preview:large","max-video-preview":"max-video-preview:-1"},"canonical":"https:\/\/emanature.com\/index.php\/product\/huile-vegetale-de-bourrache-2\/","og_locale":"fr_FR","og_type":"article","og_title":"Huile v\u00e9g\u00e9tale de Bourrache - emanature.com","og_description":"Reconnue pour ses propri\u00e9t\u00e9s revitalisantes et protectrices, cette huile de qualit\u00e9 est id\u00e9ale pour pr\u00e9parer des soins anti-\u00e2ge. Elle s'utilise aussi dans la composition\u00a0de soins des ongles cassants, des cheveux secs et des vergetures.Tr\u00e8s riche en vitamines A-D-E-K, l\u2019huile de Bourrache s\u2019utilise pour r\u00e9g\u00e9n\u00e9rer et nourrir la peau et la rendre douce et lisse. Elle aide \u00e0 r\u00e9guler le cholest\u00e9rol et troubles pr\u00e9menstruels ou cardio-vasculaires.","og_url":"https:\/\/emanature.com\/index.php\/product\/huile-vegetale-de-bourrache-2\/","og_site_name":"emanature.com","article_modified_time":"2024-05-05T14:59:25+00:00","og_image":[{"width":2560,"height":2560,"url":"https:\/\/emanature.com\/wp-content\/uploads\/2024\/05\/huile-vegetale-bourrache-scaled.jpg","type":"image\/jpeg"}],"twitter_card":"summary_large_image","twitter_misc":{"Dur\u00e9e de lecture estim\u00e9e":"1 minute"},"schema":{"@context":"https:\/\/schema.org","@graph":[{"@type":"WebPage","@id":"https:\/\/emanature.com\/index.php\/product\/huile-vegetale-de-bourrache-2\/","url":"https:\/\/emanature.com\/index.php\/product\/huile-vegetale-de-bourrache-2\/","name":"Huile v\u00e9g\u00e9tale de Bourrache - emanature.com","isPartOf":{"@id":"https:\/\/emanature.com\/#website"},"primaryImageOfPage":{"@id":"https:\/\/emanature.com\/index.php\/product\/huile-vegetale-de-bourrache-2\/#primaryimage"},"image":{"@id":"https:\/\/emanature.com\/index.php\/product\/huile-vegetale-de-bourrache-2\/#primaryimage"},"thumbnailUrl":"https:\/\/emanature.com\/wp-content\/uploads\/2024\/05\/huile-vegetale-bourrache-scaled.jpg","datePublished":"2024-04-10T20:11:30+00:00","dateModified":"2024-05-05T14:59:25+00:00","breadcrumb":{"@id":"https:\/\/emanature.com\/index.php\/product\/huile-vegetale-de-bourrache-2\/#breadcrumb"},"inLanguage":"fr-FR","potentialAction":[{"@type":"ReadAction","target":["https:\/\/emanature.com\/index.php\/product\/huile-vegetale-de-bourrache-2\/"]}]},{"@type":"ImageObject","inLanguage":"fr-FR","@id":"https:\/\/emanature.com\/index.php\/product\/huile-vegetale-de-bourrache-2\/#primaryimage","url":"https:\/\/emanature.com\/wp-content\/uploads\/2024\/05\/huile-vegetale-bourrache-scaled.jpg","contentUrl":"https:\/\/emanature.com\/wp-content\/uploads\/2024\/05\/huile-vegetale-bourrache-scaled.jpg","width":2560,"height":2560},{"@type":"BreadcrumbList","@id":"https:\/\/emanature.com\/index.php\/product\/huile-vegetale-de-bourrache-2\/#breadcrumb","itemListElement":[{"@type":"ListItem","position":1,"name":"Accueil","item":"https:\/\/emanature.com\/"},{"@type":"ListItem","position":2,"name":"Produits","item":"https:\/\/emanature.com\/index.php\/shop\/"},{"@type":"ListItem","position":3,"name":"Huile v\u00e9g\u00e9tale de Bourrache"}]},{"@type":"WebSite","@id":"https:\/\/emanature.com\/#website","url":"https:\/\/emanature.com\/","name":"emanature.com","description":"Eveillez vos sens, Lib\u00e9rez votre bien-\u00eatre","publisher":{"@id":"https:\/\/emanature.com\/#organization"},"potentialAction":[{"@type":"SearchAction","target":{"@type":"EntryPoint","urlTemplate":"https:\/\/emanature.com\/?s={search_term_string}"},"query-input":"required name=search_term_string"}],"inLanguage":"fr-FR"},{"@type":"Organization","@id":"https:\/\/emanature.com\/#organization","name":"emanature.com","url":"https:\/\/emanature.com\/","logo":{"@type":"ImageObject","inLanguage":"fr-FR","@id":"https:\/\/emanature.com\/#\/schema\/logo\/image\/","url":"https:\/\/emanature.com\/wp-content\/uploads\/2024\/04\/logo-ok-web.svg","contentUrl":"https:\/\/emanature.com\/wp-content\/uploads\/2024\/04\/logo-ok-web.svg","width":571,"height":81,"caption":"emanature.com"},"image":{"@id":"https:\/\/emanature.com\/#\/schema\/logo\/image\/"}}]}},"jetpack_sharing_enabled":true,"_links":{"self":[{"href":"https:\/\/emanature.com\/index.php\/wp-json\/wp\/v2\/product\/320"}],"collection":[{"href":"https:\/\/emanature.com\/index.php\/wp-json\/wp\/v2\/product"}],"about":[{"href":"https:\/\/emanature.com\/index.php\/wp-json\/wp\/v2\/types\/product"}],"wp:featuredmedia":[{"embeddable":true,"href":"https:\/\/emanature.com\/index.php\/wp-json\/wp\/v2\/media\/546"}],"wp:attachment":[{"href":"https:\/\/emanature.com\/index.php\/wp-json\/wp\/v2\/media?parent=320"}],"wp:term":[{"taxonomy":"product_cat","embeddable":true,"href":"https:\/\/emanature.com\/index.php\/wp-json\/wp\/v2\/product_cat?post=320"},{"taxonomy":"product_tag","embeddable":true,"href":"https:\/\/emanature.com\/index.php\/wp-json\/wp\/v2\/product_tag?post=320"}],"curies":[{"name":"wp","href":"https:\/\/api.w.org\/{rel}","templated":true}]}}