{"id":322,"date":"2024-04-12T19:25:27","date_gmt":"2024-04-12T17:25:27","guid":{"rendered":"https:\/\/emanature.com\/?post_type=product&#038;p=322"},"modified":"2024-05-05T16:58:45","modified_gmt":"2024-05-05T14:58:45","slug":"huile-vegetale-de-calendula","status":"publish","type":"product","link":"https:\/\/emanature.com\/index.php\/product\/huile-vegetale-de-calendula\/","title":{"rendered":"Huile v\u00e9g\u00e9tale de Calendula"},"content":{"rendered":"<p class=\"has-text-color has-link-color wp-elements-278410bd44a42d46bcb67a8f7f5a1d6a\" id=\"block-d823196f-a9a2-4c5a-97f8-8775080ea518\" style=\"color:#bd8997;font-size:24px\"><strong>Description<\/strong><\/p><p style=\"font-size:16px\"><strong>La plus douce des huiles v\u00e9g\u00e9tales,<\/strong> aux vertus apaisante \u00e0 utiliser en cas de d\u00e9mangeaisons, elle soutient le pouvoir <strong>r\u00e9parateur des peaux fragiles.<\/strong> Ce sont surtout les insaponifiables et phytost\u00e9rols contenus dans cet extrait lipidique qui en font une huile calmante. <strong>Le calendula est un tr\u00e8s bon ami de B\u00e9b\u00e9 et des peaux sensibles,<\/strong> pour apaiser le feu, ou calmer la peau qui tiraille.<\/p><p style=\"font-size:16px\"><strong>Id\u00e9ale&nbsp;pour hydrater et adoucir la peau, pour stimuler la microcirculation,<\/strong> ainsi que pour favoriser la <strong>r\u00e9g\u00e9n\u00e9ration spontan\u00e9e de l&rsquo;\u00e9piderme.<\/strong>&nbsp; Le calendula est une plante que l\u2019on trouve principalement sur le pourtour m\u00e9diterran\u00e9en. Ses fleurs sont jaunes orang\u00e9es et persistent une grande partie de l\u2019ann\u00e9e.<\/p><p style=\"font-size:16px\"><strong>Le calendula officinal est aussi appel\u00e9 \u00a0\u00bbsouci officinal\u00a0\u00bb.<\/strong> C&rsquo;est une plante herbac\u00e9e du pourtour m\u00e9diterran\u00e9en. Ses fleurs sont jaunes-orang\u00e9es et persistent une grande partie de l&rsquo;ann\u00e9e. C&rsquo;est par la mac\u00e9ration de ses fleurs que l&rsquo;on obtient le&nbsp;<strong>mac\u00e9r\u00e2t de calendula<\/strong>.<\/p><p class=\"has-text-color has-link-color wp-elements-5b106d50cfb41802f6db6fcafdf1582f\" id=\"block-b2df654f-6725-4a32-8260-bdf71bcdde03\" style=\"color:#bd8997;font-size:24px\"><strong>Utilisation<\/strong><\/p><p style=\"font-size:16px\">\u2022 Apaisant<br>\u2022 R\u00e9g\u00e9n\u00e9rant<br>\u2022 Calme les d\u00e9mangeaisons<br>\u2022 Adoucissant<\/p><p class=\"has-text-color has-link-color wp-elements-ad959e7b226650c46902e70f4d006817\" id=\"block-4d4dc8e8-0c49-4f97-8bf3-eb03cf232a47\" style=\"color:#bd8997;font-size:24px\"><strong>Caract\u00e9ristiques techniques<\/strong><\/p><p style=\"font-size:16px\"><strong>100% huile v\u00e9g\u00e9tale <\/strong>de calendula<br><strong>Nom botanique <\/strong>: <em>Calendula officinalis <\/em><br><strong>Partie de la plante :<\/strong> Fleur<br><strong>M\u00e9thode d\u2019extraction :<\/strong> Mac\u00e9ration des fleurs dans une huile v\u00e9g\u00e9tale<br><strong>Couleur :<\/strong> Jaune orang\u00e9<br><strong>Origine :<\/strong> Le Poet, France<\/p><p class=\"has-text-color has-link-color wp-elements-e7d0f7af1d73b6380eae9950942abc1a\" id=\"block-3c704259-176b-4dd7-8b92-30855c6835cb\" style=\"color:#bd8997;font-size:24px\"><strong>Pr\u00e9cautions d\u2019utilisation<\/strong><\/p><p style=\"font-size:16px\">L\u2019huile de calendula n\u2019est pas comestible.<br>Tenir hors de port\u00e9e des jeunes enfants.<br>Ne se substitue pas \u00e0 une alimentation vari\u00e9e et \u00e9quilibr\u00e9e et \u00e0 un mode de vie sain.<br>A conserver \u00e0 l\u2019abri de toute de chaleur et de la lumi\u00e8re.<\/p>","protected":false},"excerpt":{"rendered":"<p>Recommand\u00e9 pour les <strong>peaux sensibles et rugueuses,<\/strong> ce mac\u00e9r\u00e2t de fleurs de Calendula, <strong>apaisant et revitalisant<\/strong> est l&rsquo;ingr\u00e9dient parfait pour prendre <strong>soin des peaux\u00a0sujettes \u00e0 inconfort ou tiraillements.<\/strong> Id\u00e9al\u00a0pour <strong>hydrater et adoucir la peau, pour stimuler la microcirculation,<\/strong> ainsi que pour favoriser la <strong>r\u00e9g\u00e9n\u00e9ration spontan\u00e9e de l&rsquo;\u00e9piderme.\u00a0<\/strong><\/p>\n","protected":false},"featured_media":548,"template":"","meta":[],"product_cat":[21],"product_tag":[],"yoast_head":"<!-- This site is optimized with the Yoast SEO plugin v22.8 - https:\/\/yoast.com\/wordpress\/plugins\/seo\/ -->\n<title>Huile v\u00e9g\u00e9tale de Calendula - emanature.com<\/title>\n<meta name=\"robots\" content=\"index, follow, max-snippet:-1, max-image-preview:large, max-video-preview:-1\" \/>\n<link rel=\"canonical\" href=\"https:\/\/emanature.com\/index.php\/product\/huile-vegetale-de-calendula\/\" \/>\n<meta property=\"og:locale\" content=\"fr_FR\" \/>\n<meta property=\"og:type\" content=\"article\" \/>\n<meta property=\"og:title\" content=\"Huile v\u00e9g\u00e9tale de Calendula - emanature.com\" \/>\n<meta property=\"og:description\" content=\"Recommand\u00e9 pour les peaux sensibles et rugueuses, ce mac\u00e9r\u00e2t de fleurs de Calendula, apaisant et revitalisant est l&#039;ingr\u00e9dient parfait pour prendre soin des peaux\u00a0sujettes \u00e0 inconfort ou tiraillements. Id\u00e9al\u00a0pour hydrater et adoucir la peau, pour stimuler la microcirculation, ainsi que pour favoriser la r\u00e9g\u00e9n\u00e9ration spontan\u00e9e de l&#039;\u00e9piderme.\u00a0\" \/>\n<meta property=\"og:url\" content=\"https:\/\/emanature.com\/index.php\/product\/huile-vegetale-de-calendula\/\" \/>\n<meta property=\"og:site_name\" content=\"emanature.com\" \/>\n<meta property=\"article:modified_time\" content=\"2024-05-05T14:58:45+00:00\" \/>\n<meta property=\"og:image\" content=\"https:\/\/emanature.com\/wp-content\/uploads\/2024\/05\/huile-vegetale-calendula-scaled.jpg\" \/>\n\t<meta property=\"og:image:width\" content=\"2560\" \/>\n\t<meta property=\"og:image:height\" content=\"2560\" \/>\n\t<meta property=\"og:image:type\" content=\"image\/jpeg\" \/>\n<meta name=\"twitter:card\" content=\"summary_large_image\" \/>\n<meta name=\"twitter:label1\" content=\"Dur\u00e9e de lecture estim\u00e9e\" \/>\n\t<meta name=\"twitter:data1\" content=\"1 minute\" \/>\n<script type=\"application\/ld+json\" class=\"yoast-schema-graph\">{\"@context\":\"https:\/\/schema.org\",\"@graph\":[{\"@type\":\"WebPage\",\"@id\":\"https:\/\/emanature.com\/index.php\/product\/huile-vegetale-de-calendula\/\",\"url\":\"https:\/\/emanature.com\/index.php\/product\/huile-vegetale-de-calendula\/\",\"name\":\"Huile v\u00e9g\u00e9tale de Calendula - emanature.com\",\"isPartOf\":{\"@id\":\"https:\/\/emanature.com\/#website\"},\"primaryImageOfPage\":{\"@id\":\"https:\/\/emanature.com\/index.php\/product\/huile-vegetale-de-calendula\/#primaryimage\"},\"image\":{\"@id\":\"https:\/\/emanature.com\/index.php\/product\/huile-vegetale-de-calendula\/#primaryimage\"},\"thumbnailUrl\":\"https:\/\/emanature.com\/wp-content\/uploads\/2024\/05\/huile-vegetale-calendula-scaled.jpg\",\"datePublished\":\"2024-04-12T17:25:27+00:00\",\"dateModified\":\"2024-05-05T14:58:45+00:00\",\"breadcrumb\":{\"@id\":\"https:\/\/emanature.com\/index.php\/product\/huile-vegetale-de-calendula\/#breadcrumb\"},\"inLanguage\":\"fr-FR\",\"potentialAction\":[{\"@type\":\"ReadAction\",\"target\":[\"https:\/\/emanature.com\/index.php\/product\/huile-vegetale-de-calendula\/\"]}]},{\"@type\":\"ImageObject\",\"inLanguage\":\"fr-FR\",\"@id\":\"https:\/\/emanature.com\/index.php\/product\/huile-vegetale-de-calendula\/#primaryimage\",\"url\":\"https:\/\/emanature.com\/wp-content\/uploads\/2024\/05\/huile-vegetale-calendula-scaled.jpg\",\"contentUrl\":\"https:\/\/emanature.com\/wp-content\/uploads\/2024\/05\/huile-vegetale-calendula-scaled.jpg\",\"width\":2560,\"height\":2560},{\"@type\":\"BreadcrumbList\",\"@id\":\"https:\/\/emanature.com\/index.php\/product\/huile-vegetale-de-calendula\/#breadcrumb\",\"itemListElement\":[{\"@type\":\"ListItem\",\"position\":1,\"name\":\"Accueil\",\"item\":\"https:\/\/emanature.com\/\"},{\"@type\":\"ListItem\",\"position\":2,\"name\":\"Produits\",\"item\":\"https:\/\/emanature.com\/index.php\/shop\/\"},{\"@type\":\"ListItem\",\"position\":3,\"name\":\"Huile v\u00e9g\u00e9tale de Calendula\"}]},{\"@type\":\"WebSite\",\"@id\":\"https:\/\/emanature.com\/#website\",\"url\":\"https:\/\/emanature.com\/\",\"name\":\"emanature.com\",\"description\":\"Eveillez vos sens, Lib\u00e9rez votre bien-\u00eatre\",\"publisher\":{\"@id\":\"https:\/\/emanature.com\/#organization\"},\"potentialAction\":[{\"@type\":\"SearchAction\",\"target\":{\"@type\":\"EntryPoint\",\"urlTemplate\":\"https:\/\/emanature.com\/?s={search_term_string}\"},\"query-input\":\"required name=search_term_string\"}],\"inLanguage\":\"fr-FR\"},{\"@type\":\"Organization\",\"@id\":\"https:\/\/emanature.com\/#organization\",\"name\":\"emanature.com\",\"url\":\"https:\/\/emanature.com\/\",\"logo\":{\"@type\":\"ImageObject\",\"inLanguage\":\"fr-FR\",\"@id\":\"https:\/\/emanature.com\/#\/schema\/logo\/image\/\",\"url\":\"https:\/\/emanature.com\/wp-content\/uploads\/2024\/04\/logo-ok-web.svg\",\"contentUrl\":\"https:\/\/emanature.com\/wp-content\/uploads\/2024\/04\/logo-ok-web.svg\",\"width\":571,\"height\":81,\"caption\":\"emanature.com\"},\"image\":{\"@id\":\"https:\/\/emanature.com\/#\/schema\/logo\/image\/\"}}]}<\/script>\n<!-- \/ Yoast SEO plugin. -->","yoast_head_json":{"title":"Huile v\u00e9g\u00e9tale de Calendula - emanature.com","robots":{"index":"index","follow":"follow","max-snippet":"max-snippet:-1","max-image-preview":"max-image-preview:large","max-video-preview":"max-video-preview:-1"},"canonical":"https:\/\/emanature.com\/index.php\/product\/huile-vegetale-de-calendula\/","og_locale":"fr_FR","og_type":"article","og_title":"Huile v\u00e9g\u00e9tale de Calendula - emanature.com","og_description":"Recommand\u00e9 pour les peaux sensibles et rugueuses, ce mac\u00e9r\u00e2t de fleurs de Calendula, apaisant et revitalisant est l'ingr\u00e9dient parfait pour prendre soin des peaux\u00a0sujettes \u00e0 inconfort ou tiraillements. Id\u00e9al\u00a0pour hydrater et adoucir la peau, pour stimuler la microcirculation, ainsi que pour favoriser la r\u00e9g\u00e9n\u00e9ration spontan\u00e9e de l'\u00e9piderme.\u00a0","og_url":"https:\/\/emanature.com\/index.php\/product\/huile-vegetale-de-calendula\/","og_site_name":"emanature.com","article_modified_time":"2024-05-05T14:58:45+00:00","og_image":[{"width":2560,"height":2560,"url":"https:\/\/emanature.com\/wp-content\/uploads\/2024\/05\/huile-vegetale-calendula-scaled.jpg","type":"image\/jpeg"}],"twitter_card":"summary_large_image","twitter_misc":{"Dur\u00e9e de lecture estim\u00e9e":"1 minute"},"schema":{"@context":"https:\/\/schema.org","@graph":[{"@type":"WebPage","@id":"https:\/\/emanature.com\/index.php\/product\/huile-vegetale-de-calendula\/","url":"https:\/\/emanature.com\/index.php\/product\/huile-vegetale-de-calendula\/","name":"Huile v\u00e9g\u00e9tale de Calendula - emanature.com","isPartOf":{"@id":"https:\/\/emanature.com\/#website"},"primaryImageOfPage":{"@id":"https:\/\/emanature.com\/index.php\/product\/huile-vegetale-de-calendula\/#primaryimage"},"image":{"@id":"https:\/\/emanature.com\/index.php\/product\/huile-vegetale-de-calendula\/#primaryimage"},"thumbnailUrl":"https:\/\/emanature.com\/wp-content\/uploads\/2024\/05\/huile-vegetale-calendula-scaled.jpg","datePublished":"2024-04-12T17:25:27+00:00","dateModified":"2024-05-05T14:58:45+00:00","breadcrumb":{"@id":"https:\/\/emanature.com\/index.php\/product\/huile-vegetale-de-calendula\/#breadcrumb"},"inLanguage":"fr-FR","potentialAction":[{"@type":"ReadAction","target":["https:\/\/emanature.com\/index.php\/product\/huile-vegetale-de-calendula\/"]}]},{"@type":"ImageObject","inLanguage":"fr-FR","@id":"https:\/\/emanature.com\/index.php\/product\/huile-vegetale-de-calendula\/#primaryimage","url":"https:\/\/emanature.com\/wp-content\/uploads\/2024\/05\/huile-vegetale-calendula-scaled.jpg","contentUrl":"https:\/\/emanature.com\/wp-content\/uploads\/2024\/05\/huile-vegetale-calendula-scaled.jpg","width":2560,"height":2560},{"@type":"BreadcrumbList","@id":"https:\/\/emanature.com\/index.php\/product\/huile-vegetale-de-calendula\/#breadcrumb","itemListElement":[{"@type":"ListItem","position":1,"name":"Accueil","item":"https:\/\/emanature.com\/"},{"@type":"ListItem","position":2,"name":"Produits","item":"https:\/\/emanature.com\/index.php\/shop\/"},{"@type":"ListItem","position":3,"name":"Huile v\u00e9g\u00e9tale de Calendula"}]},{"@type":"WebSite","@id":"https:\/\/emanature.com\/#website","url":"https:\/\/emanature.com\/","name":"emanature.com","description":"Eveillez vos sens, Lib\u00e9rez votre bien-\u00eatre","publisher":{"@id":"https:\/\/emanature.com\/#organization"},"potentialAction":[{"@type":"SearchAction","target":{"@type":"EntryPoint","urlTemplate":"https:\/\/emanature.com\/?s={search_term_string}"},"query-input":"required name=search_term_string"}],"inLanguage":"fr-FR"},{"@type":"Organization","@id":"https:\/\/emanature.com\/#organization","name":"emanature.com","url":"https:\/\/emanature.com\/","logo":{"@type":"ImageObject","inLanguage":"fr-FR","@id":"https:\/\/emanature.com\/#\/schema\/logo\/image\/","url":"https:\/\/emanature.com\/wp-content\/uploads\/2024\/04\/logo-ok-web.svg","contentUrl":"https:\/\/emanature.com\/wp-content\/uploads\/2024\/04\/logo-ok-web.svg","width":571,"height":81,"caption":"emanature.com"},"image":{"@id":"https:\/\/emanature.com\/#\/schema\/logo\/image\/"}}]}},"jetpack_sharing_enabled":true,"_links":{"self":[{"href":"https:\/\/emanature.com\/index.php\/wp-json\/wp\/v2\/product\/322"}],"collection":[{"href":"https:\/\/emanature.com\/index.php\/wp-json\/wp\/v2\/product"}],"about":[{"href":"https:\/\/emanature.com\/index.php\/wp-json\/wp\/v2\/types\/product"}],"wp:featuredmedia":[{"embeddable":true,"href":"https:\/\/emanature.com\/index.php\/wp-json\/wp\/v2\/media\/548"}],"wp:attachment":[{"href":"https:\/\/emanature.com\/index.php\/wp-json\/wp\/v2\/media?parent=322"}],"wp:term":[{"taxonomy":"product_cat","embeddable":true,"href":"https:\/\/emanature.com\/index.php\/wp-json\/wp\/v2\/product_cat?post=322"},{"taxonomy":"product_tag","embeddable":true,"href":"https:\/\/emanature.com\/index.php\/wp-json\/wp\/v2\/product_tag?post=322"}],"curies":[{"name":"wp","href":"https:\/\/api.w.org\/{rel}","templated":true}]}}