{"id":323,"date":"2024-04-12T19:36:31","date_gmt":"2024-04-12T17:36:31","guid":{"rendered":"https:\/\/emanature.com\/?post_type=product&#038;p=323"},"modified":"2024-05-05T16:58:27","modified_gmt":"2024-05-05T14:58:27","slug":"huile-vegetale-de-germe-de-ble","status":"publish","type":"product","link":"https:\/\/emanature.com\/index.php\/product\/huile-vegetale-de-germe-de-ble\/","title":{"rendered":"Huile v\u00e9g\u00e9tale de Germe de Bl\u00e9"},"content":{"rendered":"<p class=\"has-text-color has-link-color wp-elements-278410bd44a42d46bcb67a8f7f5a1d6a\" id=\"block-d823196f-a9a2-4c5a-97f8-8775080ea518\" style=\"color:#bd8997;font-size:24px\"><strong>Description<\/strong><\/p><p style=\"font-size:16px\">L&rsquo;huile v\u00e9g\u00e9tale de germe de bl\u00e9 est <strong>particuli\u00e8rement riche en om\u00e9ga 6 et en vitamine E.<\/strong> Sa richesse en carot\u00e9no\u00efdes lui conf\u00e8re de <strong>puissantes propri\u00e9t\u00e9s antioxydantes et r\u00e9g\u00e9n\u00e9rantes<\/strong> ce qui en fait un ingr\u00e9dient indispensable pour tous les soins de beaut\u00e9. Emolliente, <strong>elle nourrit, adoucit et hydrate en profondeur la peau et les cheveux. <\/strong>Elle aide \u00e9galement \u00e0 lutter contre la chute des cheveux.<\/p><p style=\"font-size:16px\">Tr\u00e8s nourrissante, elle <strong>calme les rougeurs et les petites br\u00fblures.<\/strong> Riche en carot\u00e9no\u00efdes, elle peut \u00eatre utilis\u00e9e dans tous les <strong>soins pr\u00e9parant la peau \u00e0 l&rsquo;exposition du soleil.<\/strong> R\u00e9g\u00e9n\u00e9rante, elle laisse la <strong>peau douce, souple et lisse.<\/strong> Assez grasse, il est conseill\u00e9 de l&rsquo;utiliser sur le visage en association avec des huiles v\u00e9g\u00e9tales plus fluides comme le jojoba ou la noisette.<\/p><p class=\"has-text-color has-link-color wp-elements-5b106d50cfb41802f6db6fcafdf1582f\" id=\"block-b2df654f-6725-4a32-8260-bdf71bcdde03\" style=\"color:#bd8997;font-size:24px\"><strong>Utilisation<\/strong><\/p><p style=\"font-size:16px\">\u2022 R\u00e9g\u00e9n\u00e9rante<br>\u2022 Protectrice<br>\u2022 Anti-\u00e2ge<br>\u2022 Raffermissante<\/p><p class=\"has-text-color has-link-color wp-elements-ad959e7b226650c46902e70f4d006817\" id=\"block-4d4dc8e8-0c49-4f97-8bf3-eb03cf232a47\" style=\"color:#bd8997;font-size:24px\"><strong>Caract\u00e9ristiques techniques<\/strong><\/p><p style=\"font-size:16px\"><strong>100% huile v\u00e9g\u00e9tale <\/strong>de germe de bl\u00e9<br><strong>Nom botanique <\/strong>: <em>Triticum Vulgare <\/em><br><strong>Partie de la plante :<\/strong> Germe<br><strong>M\u00e9thode d\u2019extraction :<\/strong> Pression \u00e0 froid<br><strong>Couleur :<\/strong> Jaune<br><strong>Origine :<\/strong> Chabottes, France<\/p><p class=\"has-text-color has-link-color wp-elements-e7d0f7af1d73b6380eae9950942abc1a\" id=\"block-3c704259-176b-4dd7-8b92-30855c6835cb\" style=\"color:#bd8997;font-size:24px\"><strong>Pr\u00e9cautions d\u2019utilisation<\/strong><\/p><p>L\u2019huile de germe de bl\u00e9 n\u2019est pas comestible.<br>Tenir hors de port\u00e9e des jeunes enfants.<br>Ne se substitue pas \u00e0 une alimentation vari\u00e9e et \u00e9quilibr\u00e9e et \u00e0 un mode de vie sain.<br>A conserver \u00e0 l\u2019abri de toute de chaleur et de la lumi\u00e8re.<\/p>","protected":false},"excerpt":{"rendered":"<p><strong>Source d&rsquo;antioxydants puissants,<\/strong> cette huile est un ingr\u00e9dient redoutable pour <strong>lutter contre les signes du vieillissement de la peau.<\/strong> Elle est pr\u00e9cieuse pour composer\u00a0des <strong>soins pour les peaux s\u00e8ches, desquam\u00e9es ou tiraill\u00e9es<\/strong>.<\/p>\n","protected":false},"featured_media":552,"template":"","meta":[],"product_cat":[21],"product_tag":[],"yoast_head":"<!-- This site is optimized with the Yoast SEO plugin v22.8 - https:\/\/yoast.com\/wordpress\/plugins\/seo\/ -->\n<title>Huile v\u00e9g\u00e9tale de Germe de Bl\u00e9 - emanature.com<\/title>\n<meta name=\"robots\" content=\"index, follow, max-snippet:-1, max-image-preview:large, max-video-preview:-1\" \/>\n<link rel=\"canonical\" href=\"https:\/\/emanature.com\/index.php\/product\/huile-vegetale-de-germe-de-ble\/\" \/>\n<meta property=\"og:locale\" content=\"fr_FR\" \/>\n<meta property=\"og:type\" content=\"article\" \/>\n<meta property=\"og:title\" content=\"Huile v\u00e9g\u00e9tale de Germe de Bl\u00e9 - emanature.com\" \/>\n<meta property=\"og:description\" content=\"Source d&#039;antioxydants puissants, cette huile est un ingr\u00e9dient redoutable pour lutter contre les signes du vieillissement de la peau. Elle est pr\u00e9cieuse pour composer\u00a0des soins pour les peaux s\u00e8ches, desquam\u00e9es ou tiraill\u00e9es.\" \/>\n<meta property=\"og:url\" content=\"https:\/\/emanature.com\/index.php\/product\/huile-vegetale-de-germe-de-ble\/\" \/>\n<meta property=\"og:site_name\" content=\"emanature.com\" \/>\n<meta property=\"article:modified_time\" content=\"2024-05-05T14:58:27+00:00\" \/>\n<meta property=\"og:image\" content=\"https:\/\/emanature.com\/wp-content\/uploads\/2024\/05\/huile-vegetale-millepertuis-scaled.jpg\" \/>\n\t<meta property=\"og:image:width\" content=\"2560\" \/>\n\t<meta property=\"og:image:height\" content=\"2560\" \/>\n\t<meta property=\"og:image:type\" content=\"image\/jpeg\" \/>\n<meta name=\"twitter:card\" content=\"summary_large_image\" \/>\n<meta name=\"twitter:label1\" content=\"Dur\u00e9e de lecture estim\u00e9e\" \/>\n\t<meta name=\"twitter:data1\" content=\"1 minute\" \/>\n<script type=\"application\/ld+json\" class=\"yoast-schema-graph\">{\"@context\":\"https:\/\/schema.org\",\"@graph\":[{\"@type\":\"WebPage\",\"@id\":\"https:\/\/emanature.com\/index.php\/product\/huile-vegetale-de-germe-de-ble\/\",\"url\":\"https:\/\/emanature.com\/index.php\/product\/huile-vegetale-de-germe-de-ble\/\",\"name\":\"Huile v\u00e9g\u00e9tale de Germe de Bl\u00e9 - emanature.com\",\"isPartOf\":{\"@id\":\"https:\/\/emanature.com\/#website\"},\"primaryImageOfPage\":{\"@id\":\"https:\/\/emanature.com\/index.php\/product\/huile-vegetale-de-germe-de-ble\/#primaryimage\"},\"image\":{\"@id\":\"https:\/\/emanature.com\/index.php\/product\/huile-vegetale-de-germe-de-ble\/#primaryimage\"},\"thumbnailUrl\":\"https:\/\/emanature.com\/wp-content\/uploads\/2024\/05\/huile-vegetale-millepertuis-scaled.jpg\",\"datePublished\":\"2024-04-12T17:36:31+00:00\",\"dateModified\":\"2024-05-05T14:58:27+00:00\",\"breadcrumb\":{\"@id\":\"https:\/\/emanature.com\/index.php\/product\/huile-vegetale-de-germe-de-ble\/#breadcrumb\"},\"inLanguage\":\"fr-FR\",\"potentialAction\":[{\"@type\":\"ReadAction\",\"target\":[\"https:\/\/emanature.com\/index.php\/product\/huile-vegetale-de-germe-de-ble\/\"]}]},{\"@type\":\"ImageObject\",\"inLanguage\":\"fr-FR\",\"@id\":\"https:\/\/emanature.com\/index.php\/product\/huile-vegetale-de-germe-de-ble\/#primaryimage\",\"url\":\"https:\/\/emanature.com\/wp-content\/uploads\/2024\/05\/huile-vegetale-millepertuis-scaled.jpg\",\"contentUrl\":\"https:\/\/emanature.com\/wp-content\/uploads\/2024\/05\/huile-vegetale-millepertuis-scaled.jpg\",\"width\":2560,\"height\":2560},{\"@type\":\"BreadcrumbList\",\"@id\":\"https:\/\/emanature.com\/index.php\/product\/huile-vegetale-de-germe-de-ble\/#breadcrumb\",\"itemListElement\":[{\"@type\":\"ListItem\",\"position\":1,\"name\":\"Accueil\",\"item\":\"https:\/\/emanature.com\/\"},{\"@type\":\"ListItem\",\"position\":2,\"name\":\"Produits\",\"item\":\"https:\/\/emanature.com\/index.php\/shop\/\"},{\"@type\":\"ListItem\",\"position\":3,\"name\":\"Huile v\u00e9g\u00e9tale de Germe de Bl\u00e9\"}]},{\"@type\":\"WebSite\",\"@id\":\"https:\/\/emanature.com\/#website\",\"url\":\"https:\/\/emanature.com\/\",\"name\":\"emanature.com\",\"description\":\"Eveillez vos sens, Lib\u00e9rez votre bien-\u00eatre\",\"publisher\":{\"@id\":\"https:\/\/emanature.com\/#organization\"},\"potentialAction\":[{\"@type\":\"SearchAction\",\"target\":{\"@type\":\"EntryPoint\",\"urlTemplate\":\"https:\/\/emanature.com\/?s={search_term_string}\"},\"query-input\":\"required name=search_term_string\"}],\"inLanguage\":\"fr-FR\"},{\"@type\":\"Organization\",\"@id\":\"https:\/\/emanature.com\/#organization\",\"name\":\"emanature.com\",\"url\":\"https:\/\/emanature.com\/\",\"logo\":{\"@type\":\"ImageObject\",\"inLanguage\":\"fr-FR\",\"@id\":\"https:\/\/emanature.com\/#\/schema\/logo\/image\/\",\"url\":\"https:\/\/emanature.com\/wp-content\/uploads\/2024\/04\/logo-ok-web.svg\",\"contentUrl\":\"https:\/\/emanature.com\/wp-content\/uploads\/2024\/04\/logo-ok-web.svg\",\"width\":571,\"height\":81,\"caption\":\"emanature.com\"},\"image\":{\"@id\":\"https:\/\/emanature.com\/#\/schema\/logo\/image\/\"}}]}<\/script>\n<!-- \/ Yoast SEO plugin. -->","yoast_head_json":{"title":"Huile v\u00e9g\u00e9tale de Germe de Bl\u00e9 - emanature.com","robots":{"index":"index","follow":"follow","max-snippet":"max-snippet:-1","max-image-preview":"max-image-preview:large","max-video-preview":"max-video-preview:-1"},"canonical":"https:\/\/emanature.com\/index.php\/product\/huile-vegetale-de-germe-de-ble\/","og_locale":"fr_FR","og_type":"article","og_title":"Huile v\u00e9g\u00e9tale de Germe de Bl\u00e9 - emanature.com","og_description":"Source d'antioxydants puissants, cette huile est un ingr\u00e9dient redoutable pour lutter contre les signes du vieillissement de la peau. Elle est pr\u00e9cieuse pour composer\u00a0des soins pour les peaux s\u00e8ches, desquam\u00e9es ou tiraill\u00e9es.","og_url":"https:\/\/emanature.com\/index.php\/product\/huile-vegetale-de-germe-de-ble\/","og_site_name":"emanature.com","article_modified_time":"2024-05-05T14:58:27+00:00","og_image":[{"width":2560,"height":2560,"url":"https:\/\/emanature.com\/wp-content\/uploads\/2024\/05\/huile-vegetale-millepertuis-scaled.jpg","type":"image\/jpeg"}],"twitter_card":"summary_large_image","twitter_misc":{"Dur\u00e9e de lecture estim\u00e9e":"1 minute"},"schema":{"@context":"https:\/\/schema.org","@graph":[{"@type":"WebPage","@id":"https:\/\/emanature.com\/index.php\/product\/huile-vegetale-de-germe-de-ble\/","url":"https:\/\/emanature.com\/index.php\/product\/huile-vegetale-de-germe-de-ble\/","name":"Huile v\u00e9g\u00e9tale de Germe de Bl\u00e9 - emanature.com","isPartOf":{"@id":"https:\/\/emanature.com\/#website"},"primaryImageOfPage":{"@id":"https:\/\/emanature.com\/index.php\/product\/huile-vegetale-de-germe-de-ble\/#primaryimage"},"image":{"@id":"https:\/\/emanature.com\/index.php\/product\/huile-vegetale-de-germe-de-ble\/#primaryimage"},"thumbnailUrl":"https:\/\/emanature.com\/wp-content\/uploads\/2024\/05\/huile-vegetale-millepertuis-scaled.jpg","datePublished":"2024-04-12T17:36:31+00:00","dateModified":"2024-05-05T14:58:27+00:00","breadcrumb":{"@id":"https:\/\/emanature.com\/index.php\/product\/huile-vegetale-de-germe-de-ble\/#breadcrumb"},"inLanguage":"fr-FR","potentialAction":[{"@type":"ReadAction","target":["https:\/\/emanature.com\/index.php\/product\/huile-vegetale-de-germe-de-ble\/"]}]},{"@type":"ImageObject","inLanguage":"fr-FR","@id":"https:\/\/emanature.com\/index.php\/product\/huile-vegetale-de-germe-de-ble\/#primaryimage","url":"https:\/\/emanature.com\/wp-content\/uploads\/2024\/05\/huile-vegetale-millepertuis-scaled.jpg","contentUrl":"https:\/\/emanature.com\/wp-content\/uploads\/2024\/05\/huile-vegetale-millepertuis-scaled.jpg","width":2560,"height":2560},{"@type":"BreadcrumbList","@id":"https:\/\/emanature.com\/index.php\/product\/huile-vegetale-de-germe-de-ble\/#breadcrumb","itemListElement":[{"@type":"ListItem","position":1,"name":"Accueil","item":"https:\/\/emanature.com\/"},{"@type":"ListItem","position":2,"name":"Produits","item":"https:\/\/emanature.com\/index.php\/shop\/"},{"@type":"ListItem","position":3,"name":"Huile v\u00e9g\u00e9tale de Germe de Bl\u00e9"}]},{"@type":"WebSite","@id":"https:\/\/emanature.com\/#website","url":"https:\/\/emanature.com\/","name":"emanature.com","description":"Eveillez vos sens, Lib\u00e9rez votre bien-\u00eatre","publisher":{"@id":"https:\/\/emanature.com\/#organization"},"potentialAction":[{"@type":"SearchAction","target":{"@type":"EntryPoint","urlTemplate":"https:\/\/emanature.com\/?s={search_term_string}"},"query-input":"required name=search_term_string"}],"inLanguage":"fr-FR"},{"@type":"Organization","@id":"https:\/\/emanature.com\/#organization","name":"emanature.com","url":"https:\/\/emanature.com\/","logo":{"@type":"ImageObject","inLanguage":"fr-FR","@id":"https:\/\/emanature.com\/#\/schema\/logo\/image\/","url":"https:\/\/emanature.com\/wp-content\/uploads\/2024\/04\/logo-ok-web.svg","contentUrl":"https:\/\/emanature.com\/wp-content\/uploads\/2024\/04\/logo-ok-web.svg","width":571,"height":81,"caption":"emanature.com"},"image":{"@id":"https:\/\/emanature.com\/#\/schema\/logo\/image\/"}}]}},"jetpack_sharing_enabled":true,"_links":{"self":[{"href":"https:\/\/emanature.com\/index.php\/wp-json\/wp\/v2\/product\/323"}],"collection":[{"href":"https:\/\/emanature.com\/index.php\/wp-json\/wp\/v2\/product"}],"about":[{"href":"https:\/\/emanature.com\/index.php\/wp-json\/wp\/v2\/types\/product"}],"wp:featuredmedia":[{"embeddable":true,"href":"https:\/\/emanature.com\/index.php\/wp-json\/wp\/v2\/media\/552"}],"wp:attachment":[{"href":"https:\/\/emanature.com\/index.php\/wp-json\/wp\/v2\/media?parent=323"}],"wp:term":[{"taxonomy":"product_cat","embeddable":true,"href":"https:\/\/emanature.com\/index.php\/wp-json\/wp\/v2\/product_cat?post=323"},{"taxonomy":"product_tag","embeddable":true,"href":"https:\/\/emanature.com\/index.php\/wp-json\/wp\/v2\/product_tag?post=323"}],"curies":[{"name":"wp","href":"https:\/\/api.w.org\/{rel}","templated":true}]}}