{"id":332,"date":"2024-04-21T18:36:01","date_gmt":"2024-04-21T16:36:01","guid":{"rendered":"https:\/\/emanature.com\/?post_type=product&#038;p=332"},"modified":"2024-05-05T16:57:38","modified_gmt":"2024-05-05T14:57:38","slug":"huile-vegetalede-roquette","status":"publish","type":"product","link":"https:\/\/emanature.com\/index.php\/product\/huile-vegetalede-roquette\/","title":{"rendered":"Huile v\u00e9g\u00e9tale de Roquette"},"content":{"rendered":"<p class=\"has-text-color has-link-color wp-elements-278410bd44a42d46bcb67a8f7f5a1d6a\" id=\"block-d823196f-a9a2-4c5a-97f8-8775080ea518\" style=\"color:#bd8997;font-size:24px\"><strong>Description<\/strong><\/p><p style=\"font-size:16px\">L&rsquo;huile de roquette est le soin chouchou des cheveux ! <strong>Elle favorise la pousse, fortifie et prot\u00e8ge la fibre capillaire. <\/strong>\u00c9galement nourrissante, elle <strong>r\u00e9pare les peaux s\u00e8ches.<\/strong> C&rsquo;est aussi une huile <strong>parfaite pour les massages. <\/strong><\/p><p style=\"font-size:16px\">Riche en acide \u00e9rucique, elle apporte <strong>brillance et vigueur \u00e0 la chevelure<\/strong> et <strong>adoucit les cheveux secs et ab\u00eem\u00e9s<\/strong>.<\/p><p style=\"font-size:16px\">L&rsquo;huile v\u00e9g\u00e9tale de roquette est extraite \u00e0 partir des graines de la plante de roquette. Connue pour ses <strong>propri\u00e9t\u00e9s nourrissantes et r\u00e9g\u00e9n\u00e9rantes, <\/strong>cette huile naturelle est de plus en plus populaire dans les produits de beaut\u00e9 et de soins personnels. <\/p><p class=\"has-text-color has-link-color wp-elements-5b106d50cfb41802f6db6fcafdf1582f\" id=\"block-b2df654f-6725-4a32-8260-bdf71bcdde03\" style=\"color:#bd8997;font-size:24px\"><strong>Utilisation<\/strong><\/p><p style=\"font-size:16px\">\u2022 Cheveux ab\u00eem\u00e9s<br>\u2022 Chute de cheveux<br>\u2022 Booster la pousse des cheveux<br>\u2022 Nourrissante et assouplissante<\/p><p class=\"has-text-color has-link-color wp-elements-ad959e7b226650c46902e70f4d006817\" id=\"block-4d4dc8e8-0c49-4f97-8bf3-eb03cf232a47\" style=\"color:#bd8997;font-size:24px\"><strong>Caract\u00e9ristiques techniques<\/strong><\/p><p style=\"font-size:16px\"><strong>100% huile v\u00e9g\u00e9tale <\/strong>de roquette<br><strong>Nom botanique <\/strong>: <em>Taramira<\/em> <br><strong>Partie de la plante :<\/strong> Graines<br><strong>M\u00e9thode d\u2019extraction :<\/strong> Pression \u00e0 froid<br><strong>Couleur :<\/strong> Vert pale<br><strong>Origine :<\/strong> Les Barrets, France<\/p><p class=\"has-text-color has-link-color wp-elements-e7d0f7af1d73b6380eae9950942abc1a\" id=\"block-3c704259-176b-4dd7-8b92-30855c6835cb\" style=\"color:#bd8997;font-size:24px\"><strong>Pr\u00e9cautions d\u2019utilisation<\/strong><\/p><p style=\"font-size:16px\">Tenir hors de port\u00e9e des jeunes enfants.<br>Ne se substitue pas \u00e0 une alimentation vari\u00e9e et \u00e9quilibr\u00e9e et \u00e0 un mode de vie sain.<br>A conserver \u00e0 l\u2019abri de toute de chaleur et de la lumi\u00e8re.<\/p>","protected":false},"excerpt":{"rendered":"<p>Traditionnellement utilis\u00e9e pour <strong>lutter contre la chute des cheveux et stimuler la repousse,<\/strong> l&rsquo;huile de Roquette vierge est <strong>id\u00e9ale pour fortifier et embellir les\u00a0cheveux.<\/strong> Riche en acide \u00e9rucique, elle apporte <strong>brillance et vigueur \u00e0 la chevelure et adoucit\u00a0les cheveux secs et ab\u00eem\u00e9s.<\/strong><br \/>Elle est \u00e9galement incontournable pour composer la fameuse <strong>\u00ab\u00a0huile de serpent\u00a0\u00bb, <\/strong>m\u00e9lange d&rsquo;huiles v\u00e9g\u00e9tales tr\u00e8s appr\u00e9ci\u00e9\u00a0pour le soin des cheveux.<\/p>\n","protected":false},"featured_media":553,"template":"","meta":[],"product_cat":[21],"product_tag":[],"yoast_head":"<!-- This site is optimized with the Yoast SEO plugin v22.8 - https:\/\/yoast.com\/wordpress\/plugins\/seo\/ -->\n<title>Huile v\u00e9g\u00e9tale de Roquette - emanature.com<\/title>\n<meta name=\"robots\" content=\"index, follow, max-snippet:-1, max-image-preview:large, max-video-preview:-1\" \/>\n<link rel=\"canonical\" href=\"https:\/\/emanature.com\/index.php\/product\/huile-vegetalede-roquette\/\" \/>\n<meta property=\"og:locale\" content=\"fr_FR\" \/>\n<meta property=\"og:type\" content=\"article\" \/>\n<meta property=\"og:title\" content=\"Huile v\u00e9g\u00e9tale de Roquette - emanature.com\" \/>\n<meta property=\"og:description\" content=\"Traditionnellement utilis\u00e9e pour lutter contre la chute des cheveux et stimuler la repousse, l&#039;huile de Roquette vierge est id\u00e9ale pour fortifier et embellir les\u00a0cheveux. Riche en acide \u00e9rucique, elle apporte brillance et vigueur \u00e0 la chevelure et adoucit\u00a0les cheveux secs et ab\u00eem\u00e9s.Elle est \u00e9galement incontournable pour composer la fameuse &quot;huile de serpent&quot;, m\u00e9lange d&#039;huiles v\u00e9g\u00e9tales tr\u00e8s appr\u00e9ci\u00e9\u00a0pour le soin des cheveux.\" \/>\n<meta property=\"og:url\" content=\"https:\/\/emanature.com\/index.php\/product\/huile-vegetalede-roquette\/\" \/>\n<meta property=\"og:site_name\" content=\"emanature.com\" \/>\n<meta property=\"article:modified_time\" content=\"2024-05-05T14:57:38+00:00\" \/>\n<meta property=\"og:image\" content=\"https:\/\/emanature.com\/wp-content\/uploads\/2024\/05\/huile-vegetale-roquette-scaled.jpg\" \/>\n\t<meta property=\"og:image:width\" content=\"2560\" \/>\n\t<meta property=\"og:image:height\" content=\"2560\" \/>\n\t<meta property=\"og:image:type\" content=\"image\/jpeg\" \/>\n<meta name=\"twitter:card\" content=\"summary_large_image\" \/>\n<meta name=\"twitter:label1\" content=\"Dur\u00e9e de lecture estim\u00e9e\" \/>\n\t<meta name=\"twitter:data1\" content=\"1 minute\" \/>\n<script type=\"application\/ld+json\" class=\"yoast-schema-graph\">{\"@context\":\"https:\/\/schema.org\",\"@graph\":[{\"@type\":\"WebPage\",\"@id\":\"https:\/\/emanature.com\/index.php\/product\/huile-vegetalede-roquette\/\",\"url\":\"https:\/\/emanature.com\/index.php\/product\/huile-vegetalede-roquette\/\",\"name\":\"Huile v\u00e9g\u00e9tale de Roquette - emanature.com\",\"isPartOf\":{\"@id\":\"https:\/\/emanature.com\/#website\"},\"primaryImageOfPage\":{\"@id\":\"https:\/\/emanature.com\/index.php\/product\/huile-vegetalede-roquette\/#primaryimage\"},\"image\":{\"@id\":\"https:\/\/emanature.com\/index.php\/product\/huile-vegetalede-roquette\/#primaryimage\"},\"thumbnailUrl\":\"https:\/\/emanature.com\/wp-content\/uploads\/2024\/05\/huile-vegetale-roquette-scaled.jpg\",\"datePublished\":\"2024-04-21T16:36:01+00:00\",\"dateModified\":\"2024-05-05T14:57:38+00:00\",\"breadcrumb\":{\"@id\":\"https:\/\/emanature.com\/index.php\/product\/huile-vegetalede-roquette\/#breadcrumb\"},\"inLanguage\":\"fr-FR\",\"potentialAction\":[{\"@type\":\"ReadAction\",\"target\":[\"https:\/\/emanature.com\/index.php\/product\/huile-vegetalede-roquette\/\"]}]},{\"@type\":\"ImageObject\",\"inLanguage\":\"fr-FR\",\"@id\":\"https:\/\/emanature.com\/index.php\/product\/huile-vegetalede-roquette\/#primaryimage\",\"url\":\"https:\/\/emanature.com\/wp-content\/uploads\/2024\/05\/huile-vegetale-roquette-scaled.jpg\",\"contentUrl\":\"https:\/\/emanature.com\/wp-content\/uploads\/2024\/05\/huile-vegetale-roquette-scaled.jpg\",\"width\":2560,\"height\":2560},{\"@type\":\"BreadcrumbList\",\"@id\":\"https:\/\/emanature.com\/index.php\/product\/huile-vegetalede-roquette\/#breadcrumb\",\"itemListElement\":[{\"@type\":\"ListItem\",\"position\":1,\"name\":\"Accueil\",\"item\":\"https:\/\/emanature.com\/\"},{\"@type\":\"ListItem\",\"position\":2,\"name\":\"Produits\",\"item\":\"https:\/\/emanature.com\/index.php\/shop\/\"},{\"@type\":\"ListItem\",\"position\":3,\"name\":\"Huile v\u00e9g\u00e9tale de Roquette\"}]},{\"@type\":\"WebSite\",\"@id\":\"https:\/\/emanature.com\/#website\",\"url\":\"https:\/\/emanature.com\/\",\"name\":\"emanature.com\",\"description\":\"Eveillez vos sens, Lib\u00e9rez votre bien-\u00eatre\",\"publisher\":{\"@id\":\"https:\/\/emanature.com\/#organization\"},\"potentialAction\":[{\"@type\":\"SearchAction\",\"target\":{\"@type\":\"EntryPoint\",\"urlTemplate\":\"https:\/\/emanature.com\/?s={search_term_string}\"},\"query-input\":\"required name=search_term_string\"}],\"inLanguage\":\"fr-FR\"},{\"@type\":\"Organization\",\"@id\":\"https:\/\/emanature.com\/#organization\",\"name\":\"emanature.com\",\"url\":\"https:\/\/emanature.com\/\",\"logo\":{\"@type\":\"ImageObject\",\"inLanguage\":\"fr-FR\",\"@id\":\"https:\/\/emanature.com\/#\/schema\/logo\/image\/\",\"url\":\"https:\/\/emanature.com\/wp-content\/uploads\/2024\/04\/logo-ok-web.svg\",\"contentUrl\":\"https:\/\/emanature.com\/wp-content\/uploads\/2024\/04\/logo-ok-web.svg\",\"width\":571,\"height\":81,\"caption\":\"emanature.com\"},\"image\":{\"@id\":\"https:\/\/emanature.com\/#\/schema\/logo\/image\/\"}}]}<\/script>\n<!-- \/ Yoast SEO plugin. -->","yoast_head_json":{"title":"Huile v\u00e9g\u00e9tale de Roquette - emanature.com","robots":{"index":"index","follow":"follow","max-snippet":"max-snippet:-1","max-image-preview":"max-image-preview:large","max-video-preview":"max-video-preview:-1"},"canonical":"https:\/\/emanature.com\/index.php\/product\/huile-vegetalede-roquette\/","og_locale":"fr_FR","og_type":"article","og_title":"Huile v\u00e9g\u00e9tale de Roquette - emanature.com","og_description":"Traditionnellement utilis\u00e9e pour lutter contre la chute des cheveux et stimuler la repousse, l'huile de Roquette vierge est id\u00e9ale pour fortifier et embellir les\u00a0cheveux. Riche en acide \u00e9rucique, elle apporte brillance et vigueur \u00e0 la chevelure et adoucit\u00a0les cheveux secs et ab\u00eem\u00e9s.Elle est \u00e9galement incontournable pour composer la fameuse \"huile de serpent\", m\u00e9lange d'huiles v\u00e9g\u00e9tales tr\u00e8s appr\u00e9ci\u00e9\u00a0pour le soin des cheveux.","og_url":"https:\/\/emanature.com\/index.php\/product\/huile-vegetalede-roquette\/","og_site_name":"emanature.com","article_modified_time":"2024-05-05T14:57:38+00:00","og_image":[{"width":2560,"height":2560,"url":"https:\/\/emanature.com\/wp-content\/uploads\/2024\/05\/huile-vegetale-roquette-scaled.jpg","type":"image\/jpeg"}],"twitter_card":"summary_large_image","twitter_misc":{"Dur\u00e9e de lecture estim\u00e9e":"1 minute"},"schema":{"@context":"https:\/\/schema.org","@graph":[{"@type":"WebPage","@id":"https:\/\/emanature.com\/index.php\/product\/huile-vegetalede-roquette\/","url":"https:\/\/emanature.com\/index.php\/product\/huile-vegetalede-roquette\/","name":"Huile v\u00e9g\u00e9tale de Roquette - emanature.com","isPartOf":{"@id":"https:\/\/emanature.com\/#website"},"primaryImageOfPage":{"@id":"https:\/\/emanature.com\/index.php\/product\/huile-vegetalede-roquette\/#primaryimage"},"image":{"@id":"https:\/\/emanature.com\/index.php\/product\/huile-vegetalede-roquette\/#primaryimage"},"thumbnailUrl":"https:\/\/emanature.com\/wp-content\/uploads\/2024\/05\/huile-vegetale-roquette-scaled.jpg","datePublished":"2024-04-21T16:36:01+00:00","dateModified":"2024-05-05T14:57:38+00:00","breadcrumb":{"@id":"https:\/\/emanature.com\/index.php\/product\/huile-vegetalede-roquette\/#breadcrumb"},"inLanguage":"fr-FR","potentialAction":[{"@type":"ReadAction","target":["https:\/\/emanature.com\/index.php\/product\/huile-vegetalede-roquette\/"]}]},{"@type":"ImageObject","inLanguage":"fr-FR","@id":"https:\/\/emanature.com\/index.php\/product\/huile-vegetalede-roquette\/#primaryimage","url":"https:\/\/emanature.com\/wp-content\/uploads\/2024\/05\/huile-vegetale-roquette-scaled.jpg","contentUrl":"https:\/\/emanature.com\/wp-content\/uploads\/2024\/05\/huile-vegetale-roquette-scaled.jpg","width":2560,"height":2560},{"@type":"BreadcrumbList","@id":"https:\/\/emanature.com\/index.php\/product\/huile-vegetalede-roquette\/#breadcrumb","itemListElement":[{"@type":"ListItem","position":1,"name":"Accueil","item":"https:\/\/emanature.com\/"},{"@type":"ListItem","position":2,"name":"Produits","item":"https:\/\/emanature.com\/index.php\/shop\/"},{"@type":"ListItem","position":3,"name":"Huile v\u00e9g\u00e9tale de Roquette"}]},{"@type":"WebSite","@id":"https:\/\/emanature.com\/#website","url":"https:\/\/emanature.com\/","name":"emanature.com","description":"Eveillez vos sens, Lib\u00e9rez votre bien-\u00eatre","publisher":{"@id":"https:\/\/emanature.com\/#organization"},"potentialAction":[{"@type":"SearchAction","target":{"@type":"EntryPoint","urlTemplate":"https:\/\/emanature.com\/?s={search_term_string}"},"query-input":"required name=search_term_string"}],"inLanguage":"fr-FR"},{"@type":"Organization","@id":"https:\/\/emanature.com\/#organization","name":"emanature.com","url":"https:\/\/emanature.com\/","logo":{"@type":"ImageObject","inLanguage":"fr-FR","@id":"https:\/\/emanature.com\/#\/schema\/logo\/image\/","url":"https:\/\/emanature.com\/wp-content\/uploads\/2024\/04\/logo-ok-web.svg","contentUrl":"https:\/\/emanature.com\/wp-content\/uploads\/2024\/04\/logo-ok-web.svg","width":571,"height":81,"caption":"emanature.com"},"image":{"@id":"https:\/\/emanature.com\/#\/schema\/logo\/image\/"}}]}},"jetpack_sharing_enabled":true,"_links":{"self":[{"href":"https:\/\/emanature.com\/index.php\/wp-json\/wp\/v2\/product\/332"}],"collection":[{"href":"https:\/\/emanature.com\/index.php\/wp-json\/wp\/v2\/product"}],"about":[{"href":"https:\/\/emanature.com\/index.php\/wp-json\/wp\/v2\/types\/product"}],"wp:featuredmedia":[{"embeddable":true,"href":"https:\/\/emanature.com\/index.php\/wp-json\/wp\/v2\/media\/553"}],"wp:attachment":[{"href":"https:\/\/emanature.com\/index.php\/wp-json\/wp\/v2\/media?parent=332"}],"wp:term":[{"taxonomy":"product_cat","embeddable":true,"href":"https:\/\/emanature.com\/index.php\/wp-json\/wp\/v2\/product_cat?post=332"},{"taxonomy":"product_tag","embeddable":true,"href":"https:\/\/emanature.com\/index.php\/wp-json\/wp\/v2\/product_tag?post=332"}],"curies":[{"name":"wp","href":"https:\/\/api.w.org\/{rel}","templated":true}]}}