{"id":333,"date":"2024-04-21T18:43:38","date_gmt":"2024-04-21T16:43:38","guid":{"rendered":"https:\/\/emanature.com\/?post_type=product&#038;p=333"},"modified":"2024-05-05T16:57:07","modified_gmt":"2024-05-05T14:57:07","slug":"hydrolat-de-camomille","status":"publish","type":"product","link":"https:\/\/emanature.com\/index.php\/product\/hydrolat-de-camomille\/","title":{"rendered":"Hydrolat de Camomille"},"content":{"rendered":"<p class=\"has-text-color has-link-color wp-elements-278410bd44a42d46bcb67a8f7f5a1d6a\" id=\"block-d823196f-a9a2-4c5a-97f8-8775080ea518\" style=\"color:#bd8997;font-size:24px\"><strong>Description<\/strong><\/p><p style=\"font-size:16px\">L\u2019hydrolat de camomille est <strong>obtenu par la distillation par entrainement \u00e0 la vapeur des fleurs de camomille,<\/strong> il peut donc \u00eatre appel\u00e9 aussi \u00abeau florale de camomille\u00bb. Son parfum est proche du miel, <strong>rafraichissant, doux et donc fruit\u00e9.<\/strong><\/p><p style=\"font-size:16px\">La camomille vient du nom grec \u00abkhamaim\u00ealon\u00bb qui signifie \u00abpomme du sol\u00bb car elle d\u00e9gage un parfum de pomme lorsque l\u2019on marche dessus. On retrouve la camomille assez souvent le long des chemins plus particuli\u00e8rement sur les sols pauvres et secs. Cette plante vivace est souvent associ\u00e9e \u00e0 la tisane de camomille.<\/p><p style=\"font-size:16px\">L\u2019hydrolat de camomille permet une <strong>approche plus douce des propri\u00e9t\u00e9s de la plante<\/strong> que l\u2019huile essentielle de camomille.<\/p><p class=\"has-text-color has-link-color wp-elements-5b106d50cfb41802f6db6fcafdf1582f\" id=\"block-b2df654f-6725-4a32-8260-bdf71bcdde03\" style=\"color:#bd8997;font-size:24px\"><strong>Utilisation<\/strong><\/p><p style=\"font-size:16px\">\u2022 Astringent<br>\u2022 R\u00e9\u00e9quilibrant<br>\u2022 Peaux sujettes aux allergies<br>\u2022 Antioxydant<\/p><p class=\"has-text-color has-link-color wp-elements-ad959e7b226650c46902e70f4d006817\" id=\"block-4d4dc8e8-0c49-4f97-8bf3-eb03cf232a47\" style=\"color:#bd8997;font-size:24px\"><strong>Caract\u00e9ristiques techniques<\/strong><\/p><p style=\"font-size:16px\"><strong>100% hydrolat <\/strong>de camomille<br><strong>Nom botanique <\/strong>: <em>Chamaemelum nobilis<\/em><br><strong>Partie de la plante :<\/strong> Fleurs<br><strong>M\u00e9thode d\u2019extraction :<\/strong> Distillation par entra\u00eenement \u00e0 la vapeur d&rsquo;eau<br><strong>Origine :<\/strong> Saint-Jean, France<\/p><p class=\"has-text-color has-link-color wp-elements-2de29c3b2a1bd3079b6d6eefc50034e0\" id=\"block-3c704259-176b-4dd7-8b92-30855c6835cb\" style=\"color:#bd8997;font-size:24px\"><strong>Conseils de conservation<\/strong><\/p><p style=\"font-size:16px\">Les hydrolats sont des mati\u00e8res tr\u00e8s fraiches et tr\u00e8s sensibles. Nous vous recommandons de prendre certaines pr\u00e9cautions afin d&rsquo;assurer leur bonne conservation : Refermez vos flacons rapidement apr\u00e8s utilisation, conservez-les \u00e0 l&rsquo;abri de la lumi\u00e8re et de la chaleur (de pr\u00e9f\u00e9rence au r\u00e9frig\u00e9rateur). Utilisez-les dans les 6 mois apr\u00e8s ouverture.<\/p>","protected":false},"excerpt":{"rendered":"<p>Cet hydrolat est connu pour <strong>revitaliser, soulager et purifier l&rsquo;\u00e9piderme.<\/strong> Il est ainsi utilis\u00e9 pour composer des <strong>soins apaisants pour les peaux d\u00e9licates<\/strong> mais aussi pour\u00a0<strong>les dents sensibles. <\/strong>Il est \u00e9galement r\u00e9put\u00e9 pour <strong>apaiser les personnes tendues.\u00a0<\/strong><\/p>\n","protected":false},"featured_media":506,"template":"","meta":[],"product_cat":[25],"product_tag":[],"yoast_head":"<!-- This site is optimized with the Yoast SEO plugin v22.8 - https:\/\/yoast.com\/wordpress\/plugins\/seo\/ -->\n<title>Hydrolat de Camomille - emanature.com<\/title>\n<meta name=\"robots\" content=\"index, follow, max-snippet:-1, max-image-preview:large, max-video-preview:-1\" \/>\n<link rel=\"canonical\" href=\"https:\/\/emanature.com\/index.php\/product\/hydrolat-de-camomille\/\" \/>\n<meta property=\"og:locale\" content=\"fr_FR\" \/>\n<meta property=\"og:type\" content=\"article\" \/>\n<meta property=\"og:title\" content=\"Hydrolat de Camomille - emanature.com\" \/>\n<meta property=\"og:description\" content=\"Cet hydrolat est connu pour revitaliser, soulager et purifier l&#039;\u00e9piderme. Il est ainsi utilis\u00e9 pour composer des soins apaisants pour les peaux d\u00e9licates mais aussi pour\u00a0les dents sensibles. Il est \u00e9galement r\u00e9put\u00e9 pour apaiser les personnes tendues.\u00a0\" \/>\n<meta property=\"og:url\" content=\"https:\/\/emanature.com\/index.php\/product\/hydrolat-de-camomille\/\" \/>\n<meta property=\"og:site_name\" content=\"emanature.com\" \/>\n<meta property=\"article:modified_time\" content=\"2024-05-05T14:57:07+00:00\" \/>\n<meta property=\"og:image\" content=\"https:\/\/emanature.com\/wp-content\/uploads\/2024\/05\/hydrolat-camomille-scaled.jpg\" \/>\n\t<meta property=\"og:image:width\" content=\"2560\" \/>\n\t<meta property=\"og:image:height\" content=\"2560\" \/>\n\t<meta property=\"og:image:type\" content=\"image\/jpeg\" \/>\n<meta name=\"twitter:card\" content=\"summary_large_image\" \/>\n<meta name=\"twitter:label1\" content=\"Dur\u00e9e de lecture estim\u00e9e\" \/>\n\t<meta name=\"twitter:data1\" content=\"1 minute\" \/>\n<script type=\"application\/ld+json\" class=\"yoast-schema-graph\">{\"@context\":\"https:\/\/schema.org\",\"@graph\":[{\"@type\":\"WebPage\",\"@id\":\"https:\/\/emanature.com\/index.php\/product\/hydrolat-de-camomille\/\",\"url\":\"https:\/\/emanature.com\/index.php\/product\/hydrolat-de-camomille\/\",\"name\":\"Hydrolat de Camomille - emanature.com\",\"isPartOf\":{\"@id\":\"https:\/\/emanature.com\/#website\"},\"primaryImageOfPage\":{\"@id\":\"https:\/\/emanature.com\/index.php\/product\/hydrolat-de-camomille\/#primaryimage\"},\"image\":{\"@id\":\"https:\/\/emanature.com\/index.php\/product\/hydrolat-de-camomille\/#primaryimage\"},\"thumbnailUrl\":\"https:\/\/emanature.com\/wp-content\/uploads\/2024\/05\/hydrolat-camomille-scaled.jpg\",\"datePublished\":\"2024-04-21T16:43:38+00:00\",\"dateModified\":\"2024-05-05T14:57:07+00:00\",\"breadcrumb\":{\"@id\":\"https:\/\/emanature.com\/index.php\/product\/hydrolat-de-camomille\/#breadcrumb\"},\"inLanguage\":\"fr-FR\",\"potentialAction\":[{\"@type\":\"ReadAction\",\"target\":[\"https:\/\/emanature.com\/index.php\/product\/hydrolat-de-camomille\/\"]}]},{\"@type\":\"ImageObject\",\"inLanguage\":\"fr-FR\",\"@id\":\"https:\/\/emanature.com\/index.php\/product\/hydrolat-de-camomille\/#primaryimage\",\"url\":\"https:\/\/emanature.com\/wp-content\/uploads\/2024\/05\/hydrolat-camomille-scaled.jpg\",\"contentUrl\":\"https:\/\/emanature.com\/wp-content\/uploads\/2024\/05\/hydrolat-camomille-scaled.jpg\",\"width\":2560,\"height\":2560},{\"@type\":\"BreadcrumbList\",\"@id\":\"https:\/\/emanature.com\/index.php\/product\/hydrolat-de-camomille\/#breadcrumb\",\"itemListElement\":[{\"@type\":\"ListItem\",\"position\":1,\"name\":\"Accueil\",\"item\":\"https:\/\/emanature.com\/\"},{\"@type\":\"ListItem\",\"position\":2,\"name\":\"Produits\",\"item\":\"https:\/\/emanature.com\/index.php\/shop\/\"},{\"@type\":\"ListItem\",\"position\":3,\"name\":\"Hydrolat de Camomille\"}]},{\"@type\":\"WebSite\",\"@id\":\"https:\/\/emanature.com\/#website\",\"url\":\"https:\/\/emanature.com\/\",\"name\":\"emanature.com\",\"description\":\"Eveillez vos sens, Lib\u00e9rez votre bien-\u00eatre\",\"publisher\":{\"@id\":\"https:\/\/emanature.com\/#organization\"},\"potentialAction\":[{\"@type\":\"SearchAction\",\"target\":{\"@type\":\"EntryPoint\",\"urlTemplate\":\"https:\/\/emanature.com\/?s={search_term_string}\"},\"query-input\":\"required name=search_term_string\"}],\"inLanguage\":\"fr-FR\"},{\"@type\":\"Organization\",\"@id\":\"https:\/\/emanature.com\/#organization\",\"name\":\"emanature.com\",\"url\":\"https:\/\/emanature.com\/\",\"logo\":{\"@type\":\"ImageObject\",\"inLanguage\":\"fr-FR\",\"@id\":\"https:\/\/emanature.com\/#\/schema\/logo\/image\/\",\"url\":\"https:\/\/emanature.com\/wp-content\/uploads\/2024\/04\/logo-ok-web.svg\",\"contentUrl\":\"https:\/\/emanature.com\/wp-content\/uploads\/2024\/04\/logo-ok-web.svg\",\"width\":571,\"height\":81,\"caption\":\"emanature.com\"},\"image\":{\"@id\":\"https:\/\/emanature.com\/#\/schema\/logo\/image\/\"}}]}<\/script>\n<!-- \/ Yoast SEO plugin. -->","yoast_head_json":{"title":"Hydrolat de Camomille - emanature.com","robots":{"index":"index","follow":"follow","max-snippet":"max-snippet:-1","max-image-preview":"max-image-preview:large","max-video-preview":"max-video-preview:-1"},"canonical":"https:\/\/emanature.com\/index.php\/product\/hydrolat-de-camomille\/","og_locale":"fr_FR","og_type":"article","og_title":"Hydrolat de Camomille - emanature.com","og_description":"Cet hydrolat est connu pour revitaliser, soulager et purifier l'\u00e9piderme. Il est ainsi utilis\u00e9 pour composer des soins apaisants pour les peaux d\u00e9licates mais aussi pour\u00a0les dents sensibles. Il est \u00e9galement r\u00e9put\u00e9 pour apaiser les personnes tendues.\u00a0","og_url":"https:\/\/emanature.com\/index.php\/product\/hydrolat-de-camomille\/","og_site_name":"emanature.com","article_modified_time":"2024-05-05T14:57:07+00:00","og_image":[{"width":2560,"height":2560,"url":"https:\/\/emanature.com\/wp-content\/uploads\/2024\/05\/hydrolat-camomille-scaled.jpg","type":"image\/jpeg"}],"twitter_card":"summary_large_image","twitter_misc":{"Dur\u00e9e de lecture estim\u00e9e":"1 minute"},"schema":{"@context":"https:\/\/schema.org","@graph":[{"@type":"WebPage","@id":"https:\/\/emanature.com\/index.php\/product\/hydrolat-de-camomille\/","url":"https:\/\/emanature.com\/index.php\/product\/hydrolat-de-camomille\/","name":"Hydrolat de Camomille - emanature.com","isPartOf":{"@id":"https:\/\/emanature.com\/#website"},"primaryImageOfPage":{"@id":"https:\/\/emanature.com\/index.php\/product\/hydrolat-de-camomille\/#primaryimage"},"image":{"@id":"https:\/\/emanature.com\/index.php\/product\/hydrolat-de-camomille\/#primaryimage"},"thumbnailUrl":"https:\/\/emanature.com\/wp-content\/uploads\/2024\/05\/hydrolat-camomille-scaled.jpg","datePublished":"2024-04-21T16:43:38+00:00","dateModified":"2024-05-05T14:57:07+00:00","breadcrumb":{"@id":"https:\/\/emanature.com\/index.php\/product\/hydrolat-de-camomille\/#breadcrumb"},"inLanguage":"fr-FR","potentialAction":[{"@type":"ReadAction","target":["https:\/\/emanature.com\/index.php\/product\/hydrolat-de-camomille\/"]}]},{"@type":"ImageObject","inLanguage":"fr-FR","@id":"https:\/\/emanature.com\/index.php\/product\/hydrolat-de-camomille\/#primaryimage","url":"https:\/\/emanature.com\/wp-content\/uploads\/2024\/05\/hydrolat-camomille-scaled.jpg","contentUrl":"https:\/\/emanature.com\/wp-content\/uploads\/2024\/05\/hydrolat-camomille-scaled.jpg","width":2560,"height":2560},{"@type":"BreadcrumbList","@id":"https:\/\/emanature.com\/index.php\/product\/hydrolat-de-camomille\/#breadcrumb","itemListElement":[{"@type":"ListItem","position":1,"name":"Accueil","item":"https:\/\/emanature.com\/"},{"@type":"ListItem","position":2,"name":"Produits","item":"https:\/\/emanature.com\/index.php\/shop\/"},{"@type":"ListItem","position":3,"name":"Hydrolat de Camomille"}]},{"@type":"WebSite","@id":"https:\/\/emanature.com\/#website","url":"https:\/\/emanature.com\/","name":"emanature.com","description":"Eveillez vos sens, Lib\u00e9rez votre bien-\u00eatre","publisher":{"@id":"https:\/\/emanature.com\/#organization"},"potentialAction":[{"@type":"SearchAction","target":{"@type":"EntryPoint","urlTemplate":"https:\/\/emanature.com\/?s={search_term_string}"},"query-input":"required name=search_term_string"}],"inLanguage":"fr-FR"},{"@type":"Organization","@id":"https:\/\/emanature.com\/#organization","name":"emanature.com","url":"https:\/\/emanature.com\/","logo":{"@type":"ImageObject","inLanguage":"fr-FR","@id":"https:\/\/emanature.com\/#\/schema\/logo\/image\/","url":"https:\/\/emanature.com\/wp-content\/uploads\/2024\/04\/logo-ok-web.svg","contentUrl":"https:\/\/emanature.com\/wp-content\/uploads\/2024\/04\/logo-ok-web.svg","width":571,"height":81,"caption":"emanature.com"},"image":{"@id":"https:\/\/emanature.com\/#\/schema\/logo\/image\/"}}]}},"jetpack_sharing_enabled":true,"_links":{"self":[{"href":"https:\/\/emanature.com\/index.php\/wp-json\/wp\/v2\/product\/333"}],"collection":[{"href":"https:\/\/emanature.com\/index.php\/wp-json\/wp\/v2\/product"}],"about":[{"href":"https:\/\/emanature.com\/index.php\/wp-json\/wp\/v2\/types\/product"}],"wp:featuredmedia":[{"embeddable":true,"href":"https:\/\/emanature.com\/index.php\/wp-json\/wp\/v2\/media\/506"}],"wp:attachment":[{"href":"https:\/\/emanature.com\/index.php\/wp-json\/wp\/v2\/media?parent=333"}],"wp:term":[{"taxonomy":"product_cat","embeddable":true,"href":"https:\/\/emanature.com\/index.php\/wp-json\/wp\/v2\/product_cat?post=333"},{"taxonomy":"product_tag","embeddable":true,"href":"https:\/\/emanature.com\/index.php\/wp-json\/wp\/v2\/product_tag?post=333"}],"curies":[{"name":"wp","href":"https:\/\/api.w.org\/{rel}","templated":true}]}}