{"id":334,"date":"2024-04-21T18:56:53","date_gmt":"2024-04-21T16:56:53","guid":{"rendered":"https:\/\/emanature.com\/index.php\/product\/huile-vegetalede-rose-copy\/"},"modified":"2024-05-05T16:56:41","modified_gmt":"2024-05-05T14:56:41","slug":"huile-vegetalede-rose-copy","status":"publish","type":"product","link":"https:\/\/emanature.com\/index.php\/product\/huile-vegetalede-rose-copy\/","title":{"rendered":"Huile v\u00e9g\u00e9tale de Rose"},"content":{"rendered":"<p class=\"has-text-color has-link-color wp-elements-278410bd44a42d46bcb67a8f7f5a1d6a\" id=\"block-d823196f-a9a2-4c5a-97f8-8775080ea518\" style=\"color:#bd8997;font-size:24px\"><strong>Description<\/strong><\/p><p style=\"font-size:16px\"><strong>L&rsquo;allier des peaux sensibles et matures.<\/strong> Tr\u00e8s <strong>riche en acide gras essentiels,<\/strong>&nbsp;c&rsquo; est une huile v\u00e9g\u00e9tale de beaut\u00e9 <strong>indispensable pour les peaux s\u00e8ches, sensibles et matures. <\/strong>Anti-\u00e2ge,&nbsp;elle <strong>nourrit en profondeur la peau<\/strong> pour lui redonner \u00e9lasticit\u00e9 et souplesse. <strong>R\u00e9g\u00e9n\u00e9rante et lissante<\/strong>, elle est aussi reconnue pour ses bienfaits sur les&nbsp;<strong>vergetures<\/strong>&nbsp;et les probl\u00e8mes de<strong>&nbsp;rougeurs.<\/strong><\/p><p style=\"font-size:16px\">C\u2019est l\u2019huile v\u00e9g\u00e9tale de pr\u00e9dilection des <strong>peaux matures, <\/strong>et pour cause ! En aidant \u00e0 favoriser la <strong>r\u00e9g\u00e9n\u00e9ration cutan\u00e9e,<\/strong> l&rsquo;Huile V\u00e9g\u00e9tale de Rose \u201clifte\u201d la peau. Ses <strong>vertus r\u00e9paratrices<\/strong> la rendent id\u00e9ale pour les peaux ayant subi des dommages caus\u00e9s par le soleil ou la pollution.<\/p><p style=\"font-size:16px\">L\u2019Huile V\u00e9g\u00e9tale de Rose musqu\u00e9e est le compagnon des peaux ab\u00eem\u00e9es. Ses propri\u00e9t\u00e9s <strong>apaisent les rougeurs de la peau. <\/strong>Elle est \u00e9galement efficace pour <strong>att\u00e9nuer les cicatrices, les taches brunes et les vergetures.<\/strong><\/p><p class=\"has-text-color has-link-color wp-elements-5b106d50cfb41802f6db6fcafdf1582f\" id=\"block-b2df654f-6725-4a32-8260-bdf71bcdde03\" style=\"color:#bd8997;font-size:24px\"><strong>Utilisation<\/strong><\/p><p style=\"font-size:16px\">\u2022 Estompe les taches brunes<br>\u2022 Stimule la circulation sanguine<br>\u2022 Adoucissante<\/p><p class=\"has-text-color has-link-color wp-elements-ad959e7b226650c46902e70f4d006817\" id=\"block-4d4dc8e8-0c49-4f97-8bf3-eb03cf232a47\" style=\"color:#bd8997;font-size:24px\"><strong>Caract\u00e9ristiques techniques<\/strong><\/p><p style=\"font-size:16px\"><strong>100% huile v\u00e9g\u00e9tale <\/strong>de rose<br><strong>Nom botanique <\/strong>: <em>Rosa rubiginosa <\/em><br><strong>Partie de la plante :<\/strong> Graines<br><strong>M\u00e9thode d\u2019extraction :<\/strong> Pression \u00e0 froid<br><strong>Couleur :<\/strong> Jaune pale<br><strong>Origine :<\/strong> La Motte-de-Caire, France<\/p><p class=\"has-text-color has-link-color wp-elements-e7d0f7af1d73b6380eae9950942abc1a\" id=\"block-3c704259-176b-4dd7-8b92-30855c6835cb\" style=\"color:#bd8997;font-size:24px\"><strong>Pr\u00e9cautions d\u2019utilisation<\/strong><\/p><p style=\"font-size:16px\">L\u2019huile de rose n\u2019est pas comestible.<br>Tenir hors de port\u00e9e des jeunes enfants.<br>Ne se substitue pas \u00e0 une alimentation vari\u00e9e et \u00e9quilibr\u00e9e et \u00e0 un mode de vie sain.<br>A conserver \u00e0 l\u2019abri de toute de chaleur et de la lumi\u00e8re.<\/p>","protected":false},"excerpt":{"rendered":"<p><strong>Riche en carot\u00e9no\u00efdes,<\/strong> cette huile est connue pour son <strong>action anti-\u00e2ge exceptionnelle.<\/strong> C&rsquo;est l&rsquo;actif id\u00e9al pour nourrir les <strong>peaux s\u00e8ches et sensibles,<\/strong> lutter contre les\u00a0rides et prendre <strong>soin des peaux \u00e0 vergetures et cicatrices. <\/strong>Elle est particuli\u00e8rement r\u00e9put\u00e9e pour<strong> am\u00e9liorer l&rsquo;aspect des peaux marqu\u00e9es par le temps ou le soleil.<\/strong><\/p>\n","protected":false},"featured_media":554,"template":"","meta":[],"product_cat":[21],"product_tag":[],"yoast_head":"<!-- This site is optimized with the Yoast SEO plugin v22.8 - https:\/\/yoast.com\/wordpress\/plugins\/seo\/ -->\n<title>Huile v\u00e9g\u00e9tale de Rose - emanature.com<\/title>\n<meta name=\"robots\" content=\"index, follow, max-snippet:-1, max-image-preview:large, max-video-preview:-1\" \/>\n<link rel=\"canonical\" href=\"https:\/\/emanature.com\/index.php\/product\/huile-vegetalede-rose-copy\/\" \/>\n<meta property=\"og:locale\" content=\"fr_FR\" \/>\n<meta property=\"og:type\" content=\"article\" \/>\n<meta property=\"og:title\" content=\"Huile v\u00e9g\u00e9tale de Rose - emanature.com\" \/>\n<meta property=\"og:description\" content=\"Riche en carot\u00e9no\u00efdes, cette huile est connue pour son action anti-\u00e2ge exceptionnelle. C&#039;est l&#039;actif id\u00e9al pour nourrir les peaux s\u00e8ches et sensibles, lutter contre les\u00a0rides et prendre soin des peaux \u00e0 vergetures et cicatrices. Elle est particuli\u00e8rement r\u00e9put\u00e9e pour am\u00e9liorer l&#039;aspect des peaux marqu\u00e9es par le temps ou le soleil.\" \/>\n<meta property=\"og:url\" content=\"https:\/\/emanature.com\/index.php\/product\/huile-vegetalede-rose-copy\/\" \/>\n<meta property=\"og:site_name\" content=\"emanature.com\" \/>\n<meta property=\"article:modified_time\" content=\"2024-05-05T14:56:41+00:00\" \/>\n<meta property=\"og:image\" content=\"https:\/\/emanature.com\/wp-content\/uploads\/2024\/05\/huile-vegetale-rose-scaled.jpg\" \/>\n\t<meta property=\"og:image:width\" content=\"2560\" \/>\n\t<meta property=\"og:image:height\" content=\"2560\" \/>\n\t<meta property=\"og:image:type\" content=\"image\/jpeg\" \/>\n<meta name=\"twitter:card\" content=\"summary_large_image\" \/>\n<meta name=\"twitter:label1\" content=\"Dur\u00e9e de lecture estim\u00e9e\" \/>\n\t<meta name=\"twitter:data1\" content=\"1 minute\" \/>\n<script type=\"application\/ld+json\" class=\"yoast-schema-graph\">{\"@context\":\"https:\/\/schema.org\",\"@graph\":[{\"@type\":\"WebPage\",\"@id\":\"https:\/\/emanature.com\/index.php\/product\/huile-vegetalede-rose-copy\/\",\"url\":\"https:\/\/emanature.com\/index.php\/product\/huile-vegetalede-rose-copy\/\",\"name\":\"Huile v\u00e9g\u00e9tale de Rose - emanature.com\",\"isPartOf\":{\"@id\":\"https:\/\/emanature.com\/#website\"},\"primaryImageOfPage\":{\"@id\":\"https:\/\/emanature.com\/index.php\/product\/huile-vegetalede-rose-copy\/#primaryimage\"},\"image\":{\"@id\":\"https:\/\/emanature.com\/index.php\/product\/huile-vegetalede-rose-copy\/#primaryimage\"},\"thumbnailUrl\":\"https:\/\/emanature.com\/wp-content\/uploads\/2024\/05\/huile-vegetale-rose-scaled.jpg\",\"datePublished\":\"2024-04-21T16:56:53+00:00\",\"dateModified\":\"2024-05-05T14:56:41+00:00\",\"breadcrumb\":{\"@id\":\"https:\/\/emanature.com\/index.php\/product\/huile-vegetalede-rose-copy\/#breadcrumb\"},\"inLanguage\":\"fr-FR\",\"potentialAction\":[{\"@type\":\"ReadAction\",\"target\":[\"https:\/\/emanature.com\/index.php\/product\/huile-vegetalede-rose-copy\/\"]}]},{\"@type\":\"ImageObject\",\"inLanguage\":\"fr-FR\",\"@id\":\"https:\/\/emanature.com\/index.php\/product\/huile-vegetalede-rose-copy\/#primaryimage\",\"url\":\"https:\/\/emanature.com\/wp-content\/uploads\/2024\/05\/huile-vegetale-rose-scaled.jpg\",\"contentUrl\":\"https:\/\/emanature.com\/wp-content\/uploads\/2024\/05\/huile-vegetale-rose-scaled.jpg\",\"width\":2560,\"height\":2560},{\"@type\":\"BreadcrumbList\",\"@id\":\"https:\/\/emanature.com\/index.php\/product\/huile-vegetalede-rose-copy\/#breadcrumb\",\"itemListElement\":[{\"@type\":\"ListItem\",\"position\":1,\"name\":\"Accueil\",\"item\":\"https:\/\/emanature.com\/\"},{\"@type\":\"ListItem\",\"position\":2,\"name\":\"Produits\",\"item\":\"https:\/\/emanature.com\/index.php\/shop\/\"},{\"@type\":\"ListItem\",\"position\":3,\"name\":\"Huile v\u00e9g\u00e9tale de Rose\"}]},{\"@type\":\"WebSite\",\"@id\":\"https:\/\/emanature.com\/#website\",\"url\":\"https:\/\/emanature.com\/\",\"name\":\"emanature.com\",\"description\":\"Eveillez vos sens, Lib\u00e9rez votre bien-\u00eatre\",\"publisher\":{\"@id\":\"https:\/\/emanature.com\/#organization\"},\"potentialAction\":[{\"@type\":\"SearchAction\",\"target\":{\"@type\":\"EntryPoint\",\"urlTemplate\":\"https:\/\/emanature.com\/?s={search_term_string}\"},\"query-input\":\"required name=search_term_string\"}],\"inLanguage\":\"fr-FR\"},{\"@type\":\"Organization\",\"@id\":\"https:\/\/emanature.com\/#organization\",\"name\":\"emanature.com\",\"url\":\"https:\/\/emanature.com\/\",\"logo\":{\"@type\":\"ImageObject\",\"inLanguage\":\"fr-FR\",\"@id\":\"https:\/\/emanature.com\/#\/schema\/logo\/image\/\",\"url\":\"https:\/\/emanature.com\/wp-content\/uploads\/2024\/04\/logo-ok-web.svg\",\"contentUrl\":\"https:\/\/emanature.com\/wp-content\/uploads\/2024\/04\/logo-ok-web.svg\",\"width\":571,\"height\":81,\"caption\":\"emanature.com\"},\"image\":{\"@id\":\"https:\/\/emanature.com\/#\/schema\/logo\/image\/\"}}]}<\/script>\n<!-- \/ Yoast SEO plugin. -->","yoast_head_json":{"title":"Huile v\u00e9g\u00e9tale de Rose - emanature.com","robots":{"index":"index","follow":"follow","max-snippet":"max-snippet:-1","max-image-preview":"max-image-preview:large","max-video-preview":"max-video-preview:-1"},"canonical":"https:\/\/emanature.com\/index.php\/product\/huile-vegetalede-rose-copy\/","og_locale":"fr_FR","og_type":"article","og_title":"Huile v\u00e9g\u00e9tale de Rose - emanature.com","og_description":"Riche en carot\u00e9no\u00efdes, cette huile est connue pour son action anti-\u00e2ge exceptionnelle. C'est l'actif id\u00e9al pour nourrir les peaux s\u00e8ches et sensibles, lutter contre les\u00a0rides et prendre soin des peaux \u00e0 vergetures et cicatrices. Elle est particuli\u00e8rement r\u00e9put\u00e9e pour am\u00e9liorer l'aspect des peaux marqu\u00e9es par le temps ou le soleil.","og_url":"https:\/\/emanature.com\/index.php\/product\/huile-vegetalede-rose-copy\/","og_site_name":"emanature.com","article_modified_time":"2024-05-05T14:56:41+00:00","og_image":[{"width":2560,"height":2560,"url":"https:\/\/emanature.com\/wp-content\/uploads\/2024\/05\/huile-vegetale-rose-scaled.jpg","type":"image\/jpeg"}],"twitter_card":"summary_large_image","twitter_misc":{"Dur\u00e9e de lecture estim\u00e9e":"1 minute"},"schema":{"@context":"https:\/\/schema.org","@graph":[{"@type":"WebPage","@id":"https:\/\/emanature.com\/index.php\/product\/huile-vegetalede-rose-copy\/","url":"https:\/\/emanature.com\/index.php\/product\/huile-vegetalede-rose-copy\/","name":"Huile v\u00e9g\u00e9tale de Rose - emanature.com","isPartOf":{"@id":"https:\/\/emanature.com\/#website"},"primaryImageOfPage":{"@id":"https:\/\/emanature.com\/index.php\/product\/huile-vegetalede-rose-copy\/#primaryimage"},"image":{"@id":"https:\/\/emanature.com\/index.php\/product\/huile-vegetalede-rose-copy\/#primaryimage"},"thumbnailUrl":"https:\/\/emanature.com\/wp-content\/uploads\/2024\/05\/huile-vegetale-rose-scaled.jpg","datePublished":"2024-04-21T16:56:53+00:00","dateModified":"2024-05-05T14:56:41+00:00","breadcrumb":{"@id":"https:\/\/emanature.com\/index.php\/product\/huile-vegetalede-rose-copy\/#breadcrumb"},"inLanguage":"fr-FR","potentialAction":[{"@type":"ReadAction","target":["https:\/\/emanature.com\/index.php\/product\/huile-vegetalede-rose-copy\/"]}]},{"@type":"ImageObject","inLanguage":"fr-FR","@id":"https:\/\/emanature.com\/index.php\/product\/huile-vegetalede-rose-copy\/#primaryimage","url":"https:\/\/emanature.com\/wp-content\/uploads\/2024\/05\/huile-vegetale-rose-scaled.jpg","contentUrl":"https:\/\/emanature.com\/wp-content\/uploads\/2024\/05\/huile-vegetale-rose-scaled.jpg","width":2560,"height":2560},{"@type":"BreadcrumbList","@id":"https:\/\/emanature.com\/index.php\/product\/huile-vegetalede-rose-copy\/#breadcrumb","itemListElement":[{"@type":"ListItem","position":1,"name":"Accueil","item":"https:\/\/emanature.com\/"},{"@type":"ListItem","position":2,"name":"Produits","item":"https:\/\/emanature.com\/index.php\/shop\/"},{"@type":"ListItem","position":3,"name":"Huile v\u00e9g\u00e9tale de Rose"}]},{"@type":"WebSite","@id":"https:\/\/emanature.com\/#website","url":"https:\/\/emanature.com\/","name":"emanature.com","description":"Eveillez vos sens, Lib\u00e9rez votre bien-\u00eatre","publisher":{"@id":"https:\/\/emanature.com\/#organization"},"potentialAction":[{"@type":"SearchAction","target":{"@type":"EntryPoint","urlTemplate":"https:\/\/emanature.com\/?s={search_term_string}"},"query-input":"required name=search_term_string"}],"inLanguage":"fr-FR"},{"@type":"Organization","@id":"https:\/\/emanature.com\/#organization","name":"emanature.com","url":"https:\/\/emanature.com\/","logo":{"@type":"ImageObject","inLanguage":"fr-FR","@id":"https:\/\/emanature.com\/#\/schema\/logo\/image\/","url":"https:\/\/emanature.com\/wp-content\/uploads\/2024\/04\/logo-ok-web.svg","contentUrl":"https:\/\/emanature.com\/wp-content\/uploads\/2024\/04\/logo-ok-web.svg","width":571,"height":81,"caption":"emanature.com"},"image":{"@id":"https:\/\/emanature.com\/#\/schema\/logo\/image\/"}}]}},"jetpack_sharing_enabled":true,"_links":{"self":[{"href":"https:\/\/emanature.com\/index.php\/wp-json\/wp\/v2\/product\/334"}],"collection":[{"href":"https:\/\/emanature.com\/index.php\/wp-json\/wp\/v2\/product"}],"about":[{"href":"https:\/\/emanature.com\/index.php\/wp-json\/wp\/v2\/types\/product"}],"wp:featuredmedia":[{"embeddable":true,"href":"https:\/\/emanature.com\/index.php\/wp-json\/wp\/v2\/media\/554"}],"wp:attachment":[{"href":"https:\/\/emanature.com\/index.php\/wp-json\/wp\/v2\/media?parent=334"}],"wp:term":[{"taxonomy":"product_cat","embeddable":true,"href":"https:\/\/emanature.com\/index.php\/wp-json\/wp\/v2\/product_cat?post=334"},{"taxonomy":"product_tag","embeddable":true,"href":"https:\/\/emanature.com\/index.php\/wp-json\/wp\/v2\/product_tag?post=334"}],"curies":[{"name":"wp","href":"https:\/\/api.w.org\/{rel}","templated":true}]}}