{"id":337,"date":"2024-04-21T19:53:00","date_gmt":"2024-04-21T17:53:00","guid":{"rendered":"https:\/\/emanature.com\/?post_type=product&#038;p=337"},"modified":"2024-05-05T14:53:14","modified_gmt":"2024-05-05T12:53:14","slug":"hydrolat-dimmortelle","status":"publish","type":"product","link":"https:\/\/emanature.com\/index.php\/product\/hydrolat-dimmortelle\/","title":{"rendered":"Hydrolat d&rsquo;Immortelle"},"content":{"rendered":"<p class=\"has-text-color has-link-color wp-elements-278410bd44a42d46bcb67a8f7f5a1d6a\" id=\"block-d823196f-a9a2-4c5a-97f8-8775080ea518\" style=\"color:#bd8997;font-size:24px\"><strong>Description<\/strong><\/p><p style=\"font-size:16px\">En soin de la peau : l\u2019hydrolat d\u2019Immortelle est un<strong> tonique circulatoire, <\/strong>il aide \u00e0 soutenir la microcirculation cutan\u00e9e <strong>en cas d\u2019h\u00e9matomes et de bosses, les cernes. <\/strong>Les <strong>peaux r\u00e9actives, sensibles et couperos\u00e9es<\/strong> l&rsquo;aimeront pour son <strong>effet att\u00e9nuation des rougeurs.<\/strong><\/p><p style=\"font-size:16px\">Tr\u00e8s r\u00e9put\u00e9 pour ses <strong>propri\u00e9t\u00e9s et apaisantes,<\/strong> cet hydrolat s&rsquo;utilise pour pr\u00e9parer de s<strong>oins pour les peaux d\u00e9licates et sujettes aux rougeurs, <\/strong>mais aussi des&nbsp;soins jambes l\u00e9g\u00e8res. C&rsquo;est \u00e9galement un actif id\u00e9al pour les peaux matures.<\/p><p style=\"font-size:16px\">L\u2019hydrolat d&rsquo;Immortelle, est&nbsp;<strong>rare et pr\u00e9cieux.&nbsp;<\/strong>D&rsquo;une efficacit\u00e9 redoutable et d&rsquo;une<strong>&nbsp;odeur intense et enivrante<\/strong>, il&nbsp;est r\u00e9put\u00e9 pour&nbsp;<strong>r\u00e9gulariser les&nbsp;troubles cutan\u00e9s,<\/strong>&nbsp;<strong>r\u00e9g\u00e9n\u00e9rer, purifier et apaiser<\/strong>&nbsp;les peaux fragilis\u00e9es.&nbsp;On l&rsquo;utilise \u00e9galement&nbsp;dans les soins anti-\u00e2ge pour&nbsp;<strong>raffermir la peau et lutter contre le rel\u00e2chement cutan\u00e9<\/strong>.<\/p><p class=\"has-text-color has-link-color wp-elements-5b106d50cfb41802f6db6fcafdf1582f\" id=\"block-b2df654f-6725-4a32-8260-bdf71bcdde03\" style=\"color:#bd8997;font-size:24px\"><strong>Utilisation<\/strong><\/p><p style=\"font-size:16px\">\u2022 Tonique<br>\u2022 Apaisant<br>\u2022 Revitalisant<br>\u2022 Circulation<\/p><p class=\"has-text-color has-link-color wp-elements-ad959e7b226650c46902e70f4d006817\" id=\"block-4d4dc8e8-0c49-4f97-8bf3-eb03cf232a47\" style=\"color:#bd8997;font-size:24px\"><strong>Caract\u00e9ristiques techniques<\/strong><\/p><p style=\"font-size:16px\"><strong>100% hydrolat <\/strong>d&rsquo;immortelle<br><strong>Nom botanique <\/strong>: <em>Helichrysum italicum flower<\/em><br><strong>Partie de la plante :<\/strong> Sommit\u00e9s fleuries<br><strong>M\u00e9thode d\u2019extraction :<\/strong> Distillation par entra\u00eenement \u00e0 la vapeur d&rsquo;eau<br><strong>Origine :<\/strong> Sigoyen, France<\/p><p class=\"has-text-color has-link-color wp-elements-2de29c3b2a1bd3079b6d6eefc50034e0\" id=\"block-3c704259-176b-4dd7-8b92-30855c6835cb\" style=\"color:#bd8997;font-size:24px\"><strong>Conseils de conservation<\/strong><\/p><p style=\"font-size:16px\">Les hydrolats sont des mati\u00e8res tr\u00e8s fraiches et tr\u00e8s sensibles.<br>Nous vous recommandons de prendre certaines pr\u00e9cautions afin d&rsquo;assurer leur bonne conservation : Refermez vos flacons rapidement apr\u00e8s utilisation, conservez-les \u00e0 l&rsquo;abri de la lumi\u00e8re et de la chaleur (de pr\u00e9f\u00e9rence au r\u00e9frig\u00e9rateur).<br>Utilisez-les dans les 6 mois apr\u00e8s ouverture.<\/p>","protected":false},"excerpt":{"rendered":"<p>En soin de la peau : l\u2019hydrolat d\u2019Immortelle est un tonique circulatoire, il aide \u00e0 soutenir la microcirculation cutan\u00e9e en cas d\u2019h\u00e9matomes et de bosses, les cernes. Les peaux r\u00e9actives, sensibles et couperos\u00e9es l&rsquo;aimeront pour son effet att\u00e9nuation des rougeurs.Prenez soin de votre peau avec l\u2019hydrolat d\u2019Immortelle, il att\u00e9nue les rougeurs et convient aux peaux sensibles.<br \/>Prenez soin de votre peau avec l\u2019hydrolat d\u2019Immortelle, il att\u00e9nue les rougeurs et convient aux peaux sensibles.<\/p>\n","protected":false},"featured_media":513,"template":"","meta":[],"product_cat":[25],"product_tag":[],"yoast_head":"<!-- This site is optimized with the Yoast SEO plugin v22.8 - https:\/\/yoast.com\/wordpress\/plugins\/seo\/ -->\n<title>Hydrolat d&#039;Immortelle - emanature.com<\/title>\n<meta name=\"robots\" content=\"index, follow, max-snippet:-1, max-image-preview:large, max-video-preview:-1\" \/>\n<link rel=\"canonical\" href=\"https:\/\/emanature.com\/index.php\/product\/hydrolat-dimmortelle\/\" \/>\n<meta property=\"og:locale\" content=\"fr_FR\" \/>\n<meta property=\"og:type\" content=\"article\" \/>\n<meta property=\"og:title\" content=\"Hydrolat d&#039;Immortelle - emanature.com\" \/>\n<meta property=\"og:description\" content=\"En soin de la peau : l\u2019hydrolat d\u2019Immortelle est un tonique circulatoire, il aide \u00e0 soutenir la microcirculation cutan\u00e9e en cas d\u2019h\u00e9matomes et de bosses, les cernes. Les peaux r\u00e9actives, sensibles et couperos\u00e9es l&#039;aimeront pour son effet att\u00e9nuation des rougeurs.Prenez soin de votre peau avec l\u2019hydrolat d\u2019Immortelle, il att\u00e9nue les rougeurs et convient aux peaux sensibles.Prenez soin de votre peau avec l\u2019hydrolat d\u2019Immortelle, il att\u00e9nue les rougeurs et convient aux peaux sensibles.\" \/>\n<meta property=\"og:url\" content=\"https:\/\/emanature.com\/index.php\/product\/hydrolat-dimmortelle\/\" \/>\n<meta property=\"og:site_name\" content=\"emanature.com\" \/>\n<meta property=\"article:modified_time\" content=\"2024-05-05T12:53:14+00:00\" \/>\n<meta property=\"og:image\" content=\"https:\/\/emanature.com\/wp-content\/uploads\/2024\/05\/hydrolat-immortelle-scaled.jpg\" \/>\n\t<meta property=\"og:image:width\" content=\"2560\" \/>\n\t<meta property=\"og:image:height\" content=\"2560\" \/>\n\t<meta property=\"og:image:type\" content=\"image\/jpeg\" \/>\n<meta name=\"twitter:card\" content=\"summary_large_image\" \/>\n<meta name=\"twitter:label1\" content=\"Dur\u00e9e de lecture estim\u00e9e\" \/>\n\t<meta name=\"twitter:data1\" content=\"1 minute\" \/>\n<script type=\"application\/ld+json\" class=\"yoast-schema-graph\">{\"@context\":\"https:\/\/schema.org\",\"@graph\":[{\"@type\":\"WebPage\",\"@id\":\"https:\/\/emanature.com\/index.php\/product\/hydrolat-dimmortelle\/\",\"url\":\"https:\/\/emanature.com\/index.php\/product\/hydrolat-dimmortelle\/\",\"name\":\"Hydrolat d'Immortelle - emanature.com\",\"isPartOf\":{\"@id\":\"https:\/\/emanature.com\/#website\"},\"primaryImageOfPage\":{\"@id\":\"https:\/\/emanature.com\/index.php\/product\/hydrolat-dimmortelle\/#primaryimage\"},\"image\":{\"@id\":\"https:\/\/emanature.com\/index.php\/product\/hydrolat-dimmortelle\/#primaryimage\"},\"thumbnailUrl\":\"https:\/\/emanature.com\/wp-content\/uploads\/2024\/05\/hydrolat-immortelle-scaled.jpg\",\"datePublished\":\"2024-04-21T17:53:00+00:00\",\"dateModified\":\"2024-05-05T12:53:14+00:00\",\"breadcrumb\":{\"@id\":\"https:\/\/emanature.com\/index.php\/product\/hydrolat-dimmortelle\/#breadcrumb\"},\"inLanguage\":\"fr-FR\",\"potentialAction\":[{\"@type\":\"ReadAction\",\"target\":[\"https:\/\/emanature.com\/index.php\/product\/hydrolat-dimmortelle\/\"]}]},{\"@type\":\"ImageObject\",\"inLanguage\":\"fr-FR\",\"@id\":\"https:\/\/emanature.com\/index.php\/product\/hydrolat-dimmortelle\/#primaryimage\",\"url\":\"https:\/\/emanature.com\/wp-content\/uploads\/2024\/05\/hydrolat-immortelle-scaled.jpg\",\"contentUrl\":\"https:\/\/emanature.com\/wp-content\/uploads\/2024\/05\/hydrolat-immortelle-scaled.jpg\",\"width\":2560,\"height\":2560},{\"@type\":\"BreadcrumbList\",\"@id\":\"https:\/\/emanature.com\/index.php\/product\/hydrolat-dimmortelle\/#breadcrumb\",\"itemListElement\":[{\"@type\":\"ListItem\",\"position\":1,\"name\":\"Accueil\",\"item\":\"https:\/\/emanature.com\/\"},{\"@type\":\"ListItem\",\"position\":2,\"name\":\"Produits\",\"item\":\"https:\/\/emanature.com\/index.php\/shop\/\"},{\"@type\":\"ListItem\",\"position\":3,\"name\":\"Hydrolat d&rsquo;Immortelle\"}]},{\"@type\":\"WebSite\",\"@id\":\"https:\/\/emanature.com\/#website\",\"url\":\"https:\/\/emanature.com\/\",\"name\":\"emanature.com\",\"description\":\"Eveillez vos sens, Lib\u00e9rez votre bien-\u00eatre\",\"publisher\":{\"@id\":\"https:\/\/emanature.com\/#organization\"},\"potentialAction\":[{\"@type\":\"SearchAction\",\"target\":{\"@type\":\"EntryPoint\",\"urlTemplate\":\"https:\/\/emanature.com\/?s={search_term_string}\"},\"query-input\":\"required name=search_term_string\"}],\"inLanguage\":\"fr-FR\"},{\"@type\":\"Organization\",\"@id\":\"https:\/\/emanature.com\/#organization\",\"name\":\"emanature.com\",\"url\":\"https:\/\/emanature.com\/\",\"logo\":{\"@type\":\"ImageObject\",\"inLanguage\":\"fr-FR\",\"@id\":\"https:\/\/emanature.com\/#\/schema\/logo\/image\/\",\"url\":\"https:\/\/emanature.com\/wp-content\/uploads\/2024\/04\/logo-ok-web.svg\",\"contentUrl\":\"https:\/\/emanature.com\/wp-content\/uploads\/2024\/04\/logo-ok-web.svg\",\"width\":571,\"height\":81,\"caption\":\"emanature.com\"},\"image\":{\"@id\":\"https:\/\/emanature.com\/#\/schema\/logo\/image\/\"}}]}<\/script>\n<!-- \/ Yoast SEO plugin. -->","yoast_head_json":{"title":"Hydrolat d'Immortelle - emanature.com","robots":{"index":"index","follow":"follow","max-snippet":"max-snippet:-1","max-image-preview":"max-image-preview:large","max-video-preview":"max-video-preview:-1"},"canonical":"https:\/\/emanature.com\/index.php\/product\/hydrolat-dimmortelle\/","og_locale":"fr_FR","og_type":"article","og_title":"Hydrolat d'Immortelle - emanature.com","og_description":"En soin de la peau : l\u2019hydrolat d\u2019Immortelle est un tonique circulatoire, il aide \u00e0 soutenir la microcirculation cutan\u00e9e en cas d\u2019h\u00e9matomes et de bosses, les cernes. Les peaux r\u00e9actives, sensibles et couperos\u00e9es l'aimeront pour son effet att\u00e9nuation des rougeurs.Prenez soin de votre peau avec l\u2019hydrolat d\u2019Immortelle, il att\u00e9nue les rougeurs et convient aux peaux sensibles.Prenez soin de votre peau avec l\u2019hydrolat d\u2019Immortelle, il att\u00e9nue les rougeurs et convient aux peaux sensibles.","og_url":"https:\/\/emanature.com\/index.php\/product\/hydrolat-dimmortelle\/","og_site_name":"emanature.com","article_modified_time":"2024-05-05T12:53:14+00:00","og_image":[{"width":2560,"height":2560,"url":"https:\/\/emanature.com\/wp-content\/uploads\/2024\/05\/hydrolat-immortelle-scaled.jpg","type":"image\/jpeg"}],"twitter_card":"summary_large_image","twitter_misc":{"Dur\u00e9e de lecture estim\u00e9e":"1 minute"},"schema":{"@context":"https:\/\/schema.org","@graph":[{"@type":"WebPage","@id":"https:\/\/emanature.com\/index.php\/product\/hydrolat-dimmortelle\/","url":"https:\/\/emanature.com\/index.php\/product\/hydrolat-dimmortelle\/","name":"Hydrolat d'Immortelle - emanature.com","isPartOf":{"@id":"https:\/\/emanature.com\/#website"},"primaryImageOfPage":{"@id":"https:\/\/emanature.com\/index.php\/product\/hydrolat-dimmortelle\/#primaryimage"},"image":{"@id":"https:\/\/emanature.com\/index.php\/product\/hydrolat-dimmortelle\/#primaryimage"},"thumbnailUrl":"https:\/\/emanature.com\/wp-content\/uploads\/2024\/05\/hydrolat-immortelle-scaled.jpg","datePublished":"2024-04-21T17:53:00+00:00","dateModified":"2024-05-05T12:53:14+00:00","breadcrumb":{"@id":"https:\/\/emanature.com\/index.php\/product\/hydrolat-dimmortelle\/#breadcrumb"},"inLanguage":"fr-FR","potentialAction":[{"@type":"ReadAction","target":["https:\/\/emanature.com\/index.php\/product\/hydrolat-dimmortelle\/"]}]},{"@type":"ImageObject","inLanguage":"fr-FR","@id":"https:\/\/emanature.com\/index.php\/product\/hydrolat-dimmortelle\/#primaryimage","url":"https:\/\/emanature.com\/wp-content\/uploads\/2024\/05\/hydrolat-immortelle-scaled.jpg","contentUrl":"https:\/\/emanature.com\/wp-content\/uploads\/2024\/05\/hydrolat-immortelle-scaled.jpg","width":2560,"height":2560},{"@type":"BreadcrumbList","@id":"https:\/\/emanature.com\/index.php\/product\/hydrolat-dimmortelle\/#breadcrumb","itemListElement":[{"@type":"ListItem","position":1,"name":"Accueil","item":"https:\/\/emanature.com\/"},{"@type":"ListItem","position":2,"name":"Produits","item":"https:\/\/emanature.com\/index.php\/shop\/"},{"@type":"ListItem","position":3,"name":"Hydrolat d&rsquo;Immortelle"}]},{"@type":"WebSite","@id":"https:\/\/emanature.com\/#website","url":"https:\/\/emanature.com\/","name":"emanature.com","description":"Eveillez vos sens, Lib\u00e9rez votre bien-\u00eatre","publisher":{"@id":"https:\/\/emanature.com\/#organization"},"potentialAction":[{"@type":"SearchAction","target":{"@type":"EntryPoint","urlTemplate":"https:\/\/emanature.com\/?s={search_term_string}"},"query-input":"required name=search_term_string"}],"inLanguage":"fr-FR"},{"@type":"Organization","@id":"https:\/\/emanature.com\/#organization","name":"emanature.com","url":"https:\/\/emanature.com\/","logo":{"@type":"ImageObject","inLanguage":"fr-FR","@id":"https:\/\/emanature.com\/#\/schema\/logo\/image\/","url":"https:\/\/emanature.com\/wp-content\/uploads\/2024\/04\/logo-ok-web.svg","contentUrl":"https:\/\/emanature.com\/wp-content\/uploads\/2024\/04\/logo-ok-web.svg","width":571,"height":81,"caption":"emanature.com"},"image":{"@id":"https:\/\/emanature.com\/#\/schema\/logo\/image\/"}}]}},"jetpack_sharing_enabled":true,"_links":{"self":[{"href":"https:\/\/emanature.com\/index.php\/wp-json\/wp\/v2\/product\/337"}],"collection":[{"href":"https:\/\/emanature.com\/index.php\/wp-json\/wp\/v2\/product"}],"about":[{"href":"https:\/\/emanature.com\/index.php\/wp-json\/wp\/v2\/types\/product"}],"wp:featuredmedia":[{"embeddable":true,"href":"https:\/\/emanature.com\/index.php\/wp-json\/wp\/v2\/media\/513"}],"wp:attachment":[{"href":"https:\/\/emanature.com\/index.php\/wp-json\/wp\/v2\/media?parent=337"}],"wp:term":[{"taxonomy":"product_cat","embeddable":true,"href":"https:\/\/emanature.com\/index.php\/wp-json\/wp\/v2\/product_cat?post=337"},{"taxonomy":"product_tag","embeddable":true,"href":"https:\/\/emanature.com\/index.php\/wp-json\/wp\/v2\/product_tag?post=337"}],"curies":[{"name":"wp","href":"https:\/\/api.w.org\/{rel}","templated":true}]}}