{"id":339,"date":"2024-04-21T20:08:25","date_gmt":"2024-04-21T18:08:25","guid":{"rendered":"https:\/\/emanature.com\/?post_type=product&#038;p=339"},"modified":"2024-05-05T14:52:39","modified_gmt":"2024-05-05T12:52:39","slug":"hydrolat-de-romarin","status":"publish","type":"product","link":"https:\/\/emanature.com\/index.php\/product\/hydrolat-de-romarin\/","title":{"rendered":"Hydrolat de Romarin"},"content":{"rendered":"<p class=\"has-text-color has-link-color wp-elements-278410bd44a42d46bcb67a8f7f5a1d6a\" id=\"block-d823196f-a9a2-4c5a-97f8-8775080ea518\" style=\"color:#bd8997;font-size:24px\"><strong>Description<\/strong><\/p><p style=\"font-size:16px\">Qualitatif et s\u00fbr pour le soin de la peau et des cheveux car moins concentr\u00e9 que l&rsquo;huile essentielle, l&rsquo;hydrolat de romarin constitue un soin \u00e0 part enti\u00e8re.&nbsp;<strong>Antioxydant et tonique<\/strong>, il convient parfaitement aux&nbsp;<strong>peaux matures<\/strong>. \u00c9galement&nbsp;<strong>r\u00e9gulateur et purifiant<\/strong>, il est aussi pr\u00e9cieux pour les&nbsp;<strong>peaux \u00e0 probl\u00e8mes<\/strong>. Au vu de ces qualit\u00e9s, il est aussi int\u00e9ressant pour la&nbsp;<strong>beaut\u00e9 des cheveux<\/strong>&nbsp;et le soin des&nbsp;<strong>cuirs chevelus gras<\/strong>.<\/p><p style=\"font-size:16px\">Sa fragrance, \u00e0 la fois douce et fra\u00eeche, <strong>redonne vitalit\u00e9 \u00e0 la peau et \u00e0 la chevelure, <\/strong>en toute simplicit\u00e9.<\/p><p style=\"font-size:16px\">Tr\u00e8s aromatique, l&rsquo;hydrolat de Romarin est \u00e9galement un ingr\u00e9dient de choix pour&nbsp;<strong>parfumer les plats et boissons<\/strong>&nbsp;tout en vous permettant de profiter de ses bienfaits sur l&rsquo;organisme. Utilis\u00e9 dans le cadre d&rsquo;une&nbsp;<strong>cure saisonni\u00e8re d\u00e9tox<\/strong>, il contribue notamment \u00e0&nbsp;<strong>l&rsquo;\u00e9vacuation des toxines<\/strong>&nbsp;et au bon fonctionnement de la sph\u00e8re h\u00e9pato-biliaire.<\/p><p class=\"has-text-color has-link-color wp-elements-5b106d50cfb41802f6db6fcafdf1582f\" id=\"block-b2df654f-6725-4a32-8260-bdf71bcdde03\" style=\"color:#bd8997;font-size:24px\"><strong>Utilisation<\/strong><\/p><p style=\"font-size:16px\">\u2022 Antioxydant<br>\u2022 Tonique<br>\u2022 Purifiant<br>\u2022 R\u00e9gulateur<br>\u2022 Detox<\/p><p class=\"has-text-color has-link-color wp-elements-ad959e7b226650c46902e70f4d006817\" id=\"block-4d4dc8e8-0c49-4f97-8bf3-eb03cf232a47\" style=\"color:#bd8997;font-size:24px\"><strong>Caract\u00e9ristiques techniques<\/strong><\/p><p style=\"font-size:16px\"><strong>100% hydrolat <\/strong>de romarin<br><strong>Nom botanique <\/strong>: <em><em>Rosmarinus officinalis<\/em><\/em><br><strong>Partie de la plante :<\/strong> feuilles<br><strong>M\u00e9thode d\u2019extraction :<\/strong> Distillation par entra\u00eenement \u00e0 la vapeur d&rsquo;eau<br><strong>Origine :<\/strong> Le Poet, France<\/p><p class=\"has-text-color has-link-color wp-elements-2de29c3b2a1bd3079b6d6eefc50034e0\" id=\"block-3c704259-176b-4dd7-8b92-30855c6835cb\" style=\"color:#bd8997;font-size:24px\"><strong>Conseils de conservation<\/strong><\/p><p style=\"font-size:16px\">Les hydrolats sont des mati\u00e8res tr\u00e8s fraiches et tr\u00e8s sensibles.<br>Nous vous recommandons de prendre certaines pr\u00e9cautions afin d&rsquo;assurer leur bonne conservation : Refermez vos flacons rapidement apr\u00e8s utilisation, conservez-les \u00e0 l&rsquo;abri de la lumi\u00e8re et de la chaleur (de pr\u00e9f\u00e9rence au r\u00e9frig\u00e9rateur).<br>Utilisez-les dans les 6 mois apr\u00e8s ouverture.<\/p>","protected":false},"excerpt":{"rendered":"<p><strong>Purifiant et r\u00e9gulateur, <\/strong>l&rsquo;hydrolat de Romarin est connu comme <strong>actif pour les peaux \u00e0 imperfections, les peaux grasses et les peaux sujettes \u00e0 l&rsquo;acn\u00e9.<\/strong> Il\u00a0s&rsquo;utilise aussi dans les <strong>pr\u00e9parations pour soins capillaires<\/strong> en vue de pr\u00e9venir la chute des cheveux et <strong>lutter contre\u00a0les pellicules.<\/strong><\/p>\n<p><strong>Tr\u00e8s aromatique,<\/strong> l&rsquo;hydrolat de Romarin constitue aussi un \u00e9l\u00e9ment de choix pour <strong>agr\u00e9menter vos plats ou vos boissons bien-\u00eatre.<\/strong><\/p>\n","protected":false},"featured_media":514,"template":"","meta":[],"product_cat":[25],"product_tag":[],"yoast_head":"<!-- This site is optimized with the Yoast SEO plugin v22.8 - https:\/\/yoast.com\/wordpress\/plugins\/seo\/ -->\n<title>Hydrolat de Romarin - emanature.com<\/title>\n<meta name=\"robots\" content=\"index, follow, max-snippet:-1, max-image-preview:large, max-video-preview:-1\" \/>\n<link rel=\"canonical\" href=\"https:\/\/emanature.com\/index.php\/product\/hydrolat-de-romarin\/\" \/>\n<meta property=\"og:locale\" content=\"fr_FR\" \/>\n<meta property=\"og:type\" content=\"article\" \/>\n<meta property=\"og:title\" content=\"Hydrolat de Romarin - emanature.com\" \/>\n<meta property=\"og:description\" content=\"Purifiant et r\u00e9gulateur, l&#039;hydrolat de Romarin est connu comme actif pour les peaux \u00e0 imperfections, les peaux grasses et les peaux sujettes \u00e0 l&#039;acn\u00e9. Il\u00a0s&#039;utilise aussi dans les pr\u00e9parations pour soins capillaires en vue de pr\u00e9venir la chute des cheveux et lutter contre\u00a0les pellicules.Tr\u00e8s aromatique, l&#039;hydrolat de Romarin constitue aussi un \u00e9l\u00e9ment de choix pour agr\u00e9menter vos plats ou vos boissons bien-\u00eatre.\" \/>\n<meta property=\"og:url\" content=\"https:\/\/emanature.com\/index.php\/product\/hydrolat-de-romarin\/\" \/>\n<meta property=\"og:site_name\" content=\"emanature.com\" \/>\n<meta property=\"article:modified_time\" content=\"2024-05-05T12:52:39+00:00\" \/>\n<meta property=\"og:image\" content=\"https:\/\/emanature.com\/wp-content\/uploads\/2024\/05\/hydrolat-romarin-scaled.jpg\" \/>\n\t<meta property=\"og:image:width\" content=\"2560\" \/>\n\t<meta property=\"og:image:height\" content=\"2560\" \/>\n\t<meta property=\"og:image:type\" content=\"image\/jpeg\" \/>\n<meta name=\"twitter:card\" content=\"summary_large_image\" \/>\n<meta name=\"twitter:label1\" content=\"Dur\u00e9e de lecture estim\u00e9e\" \/>\n\t<meta name=\"twitter:data1\" content=\"1 minute\" \/>\n<script type=\"application\/ld+json\" class=\"yoast-schema-graph\">{\"@context\":\"https:\/\/schema.org\",\"@graph\":[{\"@type\":\"WebPage\",\"@id\":\"https:\/\/emanature.com\/index.php\/product\/hydrolat-de-romarin\/\",\"url\":\"https:\/\/emanature.com\/index.php\/product\/hydrolat-de-romarin\/\",\"name\":\"Hydrolat de Romarin - emanature.com\",\"isPartOf\":{\"@id\":\"https:\/\/emanature.com\/#website\"},\"primaryImageOfPage\":{\"@id\":\"https:\/\/emanature.com\/index.php\/product\/hydrolat-de-romarin\/#primaryimage\"},\"image\":{\"@id\":\"https:\/\/emanature.com\/index.php\/product\/hydrolat-de-romarin\/#primaryimage\"},\"thumbnailUrl\":\"https:\/\/emanature.com\/wp-content\/uploads\/2024\/05\/hydrolat-romarin-scaled.jpg\",\"datePublished\":\"2024-04-21T18:08:25+00:00\",\"dateModified\":\"2024-05-05T12:52:39+00:00\",\"breadcrumb\":{\"@id\":\"https:\/\/emanature.com\/index.php\/product\/hydrolat-de-romarin\/#breadcrumb\"},\"inLanguage\":\"fr-FR\",\"potentialAction\":[{\"@type\":\"ReadAction\",\"target\":[\"https:\/\/emanature.com\/index.php\/product\/hydrolat-de-romarin\/\"]}]},{\"@type\":\"ImageObject\",\"inLanguage\":\"fr-FR\",\"@id\":\"https:\/\/emanature.com\/index.php\/product\/hydrolat-de-romarin\/#primaryimage\",\"url\":\"https:\/\/emanature.com\/wp-content\/uploads\/2024\/05\/hydrolat-romarin-scaled.jpg\",\"contentUrl\":\"https:\/\/emanature.com\/wp-content\/uploads\/2024\/05\/hydrolat-romarin-scaled.jpg\",\"width\":2560,\"height\":2560},{\"@type\":\"BreadcrumbList\",\"@id\":\"https:\/\/emanature.com\/index.php\/product\/hydrolat-de-romarin\/#breadcrumb\",\"itemListElement\":[{\"@type\":\"ListItem\",\"position\":1,\"name\":\"Accueil\",\"item\":\"https:\/\/emanature.com\/\"},{\"@type\":\"ListItem\",\"position\":2,\"name\":\"Produits\",\"item\":\"https:\/\/emanature.com\/index.php\/shop\/\"},{\"@type\":\"ListItem\",\"position\":3,\"name\":\"Hydrolat de Romarin\"}]},{\"@type\":\"WebSite\",\"@id\":\"https:\/\/emanature.com\/#website\",\"url\":\"https:\/\/emanature.com\/\",\"name\":\"emanature.com\",\"description\":\"Eveillez vos sens, Lib\u00e9rez votre bien-\u00eatre\",\"publisher\":{\"@id\":\"https:\/\/emanature.com\/#organization\"},\"potentialAction\":[{\"@type\":\"SearchAction\",\"target\":{\"@type\":\"EntryPoint\",\"urlTemplate\":\"https:\/\/emanature.com\/?s={search_term_string}\"},\"query-input\":\"required name=search_term_string\"}],\"inLanguage\":\"fr-FR\"},{\"@type\":\"Organization\",\"@id\":\"https:\/\/emanature.com\/#organization\",\"name\":\"emanature.com\",\"url\":\"https:\/\/emanature.com\/\",\"logo\":{\"@type\":\"ImageObject\",\"inLanguage\":\"fr-FR\",\"@id\":\"https:\/\/emanature.com\/#\/schema\/logo\/image\/\",\"url\":\"https:\/\/emanature.com\/wp-content\/uploads\/2024\/04\/logo-ok-web.svg\",\"contentUrl\":\"https:\/\/emanature.com\/wp-content\/uploads\/2024\/04\/logo-ok-web.svg\",\"width\":571,\"height\":81,\"caption\":\"emanature.com\"},\"image\":{\"@id\":\"https:\/\/emanature.com\/#\/schema\/logo\/image\/\"}}]}<\/script>\n<!-- \/ Yoast SEO plugin. -->","yoast_head_json":{"title":"Hydrolat de Romarin - emanature.com","robots":{"index":"index","follow":"follow","max-snippet":"max-snippet:-1","max-image-preview":"max-image-preview:large","max-video-preview":"max-video-preview:-1"},"canonical":"https:\/\/emanature.com\/index.php\/product\/hydrolat-de-romarin\/","og_locale":"fr_FR","og_type":"article","og_title":"Hydrolat de Romarin - emanature.com","og_description":"Purifiant et r\u00e9gulateur, l'hydrolat de Romarin est connu comme actif pour les peaux \u00e0 imperfections, les peaux grasses et les peaux sujettes \u00e0 l'acn\u00e9. Il\u00a0s'utilise aussi dans les pr\u00e9parations pour soins capillaires en vue de pr\u00e9venir la chute des cheveux et lutter contre\u00a0les pellicules.Tr\u00e8s aromatique, l'hydrolat de Romarin constitue aussi un \u00e9l\u00e9ment de choix pour agr\u00e9menter vos plats ou vos boissons bien-\u00eatre.","og_url":"https:\/\/emanature.com\/index.php\/product\/hydrolat-de-romarin\/","og_site_name":"emanature.com","article_modified_time":"2024-05-05T12:52:39+00:00","og_image":[{"width":2560,"height":2560,"url":"https:\/\/emanature.com\/wp-content\/uploads\/2024\/05\/hydrolat-romarin-scaled.jpg","type":"image\/jpeg"}],"twitter_card":"summary_large_image","twitter_misc":{"Dur\u00e9e de lecture estim\u00e9e":"1 minute"},"schema":{"@context":"https:\/\/schema.org","@graph":[{"@type":"WebPage","@id":"https:\/\/emanature.com\/index.php\/product\/hydrolat-de-romarin\/","url":"https:\/\/emanature.com\/index.php\/product\/hydrolat-de-romarin\/","name":"Hydrolat de Romarin - emanature.com","isPartOf":{"@id":"https:\/\/emanature.com\/#website"},"primaryImageOfPage":{"@id":"https:\/\/emanature.com\/index.php\/product\/hydrolat-de-romarin\/#primaryimage"},"image":{"@id":"https:\/\/emanature.com\/index.php\/product\/hydrolat-de-romarin\/#primaryimage"},"thumbnailUrl":"https:\/\/emanature.com\/wp-content\/uploads\/2024\/05\/hydrolat-romarin-scaled.jpg","datePublished":"2024-04-21T18:08:25+00:00","dateModified":"2024-05-05T12:52:39+00:00","breadcrumb":{"@id":"https:\/\/emanature.com\/index.php\/product\/hydrolat-de-romarin\/#breadcrumb"},"inLanguage":"fr-FR","potentialAction":[{"@type":"ReadAction","target":["https:\/\/emanature.com\/index.php\/product\/hydrolat-de-romarin\/"]}]},{"@type":"ImageObject","inLanguage":"fr-FR","@id":"https:\/\/emanature.com\/index.php\/product\/hydrolat-de-romarin\/#primaryimage","url":"https:\/\/emanature.com\/wp-content\/uploads\/2024\/05\/hydrolat-romarin-scaled.jpg","contentUrl":"https:\/\/emanature.com\/wp-content\/uploads\/2024\/05\/hydrolat-romarin-scaled.jpg","width":2560,"height":2560},{"@type":"BreadcrumbList","@id":"https:\/\/emanature.com\/index.php\/product\/hydrolat-de-romarin\/#breadcrumb","itemListElement":[{"@type":"ListItem","position":1,"name":"Accueil","item":"https:\/\/emanature.com\/"},{"@type":"ListItem","position":2,"name":"Produits","item":"https:\/\/emanature.com\/index.php\/shop\/"},{"@type":"ListItem","position":3,"name":"Hydrolat de Romarin"}]},{"@type":"WebSite","@id":"https:\/\/emanature.com\/#website","url":"https:\/\/emanature.com\/","name":"emanature.com","description":"Eveillez vos sens, Lib\u00e9rez votre bien-\u00eatre","publisher":{"@id":"https:\/\/emanature.com\/#organization"},"potentialAction":[{"@type":"SearchAction","target":{"@type":"EntryPoint","urlTemplate":"https:\/\/emanature.com\/?s={search_term_string}"},"query-input":"required name=search_term_string"}],"inLanguage":"fr-FR"},{"@type":"Organization","@id":"https:\/\/emanature.com\/#organization","name":"emanature.com","url":"https:\/\/emanature.com\/","logo":{"@type":"ImageObject","inLanguage":"fr-FR","@id":"https:\/\/emanature.com\/#\/schema\/logo\/image\/","url":"https:\/\/emanature.com\/wp-content\/uploads\/2024\/04\/logo-ok-web.svg","contentUrl":"https:\/\/emanature.com\/wp-content\/uploads\/2024\/04\/logo-ok-web.svg","width":571,"height":81,"caption":"emanature.com"},"image":{"@id":"https:\/\/emanature.com\/#\/schema\/logo\/image\/"}}]}},"jetpack_sharing_enabled":true,"_links":{"self":[{"href":"https:\/\/emanature.com\/index.php\/wp-json\/wp\/v2\/product\/339"}],"collection":[{"href":"https:\/\/emanature.com\/index.php\/wp-json\/wp\/v2\/product"}],"about":[{"href":"https:\/\/emanature.com\/index.php\/wp-json\/wp\/v2\/types\/product"}],"wp:featuredmedia":[{"embeddable":true,"href":"https:\/\/emanature.com\/index.php\/wp-json\/wp\/v2\/media\/514"}],"wp:attachment":[{"href":"https:\/\/emanature.com\/index.php\/wp-json\/wp\/v2\/media?parent=339"}],"wp:term":[{"taxonomy":"product_cat","embeddable":true,"href":"https:\/\/emanature.com\/index.php\/wp-json\/wp\/v2\/product_cat?post=339"},{"taxonomy":"product_tag","embeddable":true,"href":"https:\/\/emanature.com\/index.php\/wp-json\/wp\/v2\/product_tag?post=339"}],"curies":[{"name":"wp","href":"https:\/\/api.w.org\/{rel}","templated":true}]}}