{"id":346,"date":"2024-04-21T20:53:52","date_gmt":"2024-04-21T18:53:52","guid":{"rendered":"https:\/\/emanature.com\/?post_type=product&#038;p=346"},"modified":"2024-05-05T14:49:49","modified_gmt":"2024-05-05T12:49:49","slug":"hydrolat-de-cypres","status":"publish","type":"product","link":"https:\/\/emanature.com\/index.php\/product\/hydrolat-de-cypres\/","title":{"rendered":"Hydrolat de Cypr\u00e8s"},"content":{"rendered":"<p class=\"has-text-color has-link-color wp-elements-278410bd44a42d46bcb67a8f7f5a1d6a\" id=\"block-d823196f-a9a2-4c5a-97f8-8775080ea518\" style=\"color:#bd8997;font-size:24px\"><strong>Description<\/strong><\/p><p style=\"font-size:16px\">L&rsquo;hydrolat de Cypr\u00e8s de Provence est id\u00e9al pour&nbsp;<strong>r\u00e9\u00e9quilibrer les peaux grasses<\/strong>&nbsp;et&nbsp;<strong>limiter l&rsquo;exc\u00e8s de s\u00e9bum<\/strong>. Pour cela, il peut s&rsquo;appliquer en guise de lotion ou \u00eatre ajout\u00e9 dans les pr\u00e9parations de cosm\u00e9tiques maison.<\/p><p style=\"font-size:16px\">C&rsquo;est aussi un tr\u00e8s bon&nbsp;<strong>tonifiant veineux<\/strong>&nbsp;qui peut aider \u00e0 donner de la&nbsp;<strong>l\u00e9g\u00e8ret\u00e9 aux jambes lourdes<\/strong>&nbsp;et apaiser les troubles li\u00e9s \u00e0 une mauvaise circulation.<\/p><p style=\"font-size:16px\">Il \u00e9tant compos\u00e9 d&rsquo;alpha-pin\u00e8ne, il a une action puissante de <strong>d\u00e9congestion veineuse et lymphatique.<\/strong> Il contribue \u00e0<strong> am\u00e9liorer la circulation de mani\u00e8re g\u00e9n\u00e9rale,<\/strong> ce qui en fait un excellent alli\u00e9 contre les jambes lourdes, les varices, la couperose ou encore la r\u00e9tention d&rsquo;eau.&nbsp;<\/p><p class=\"has-text-color has-link-color wp-elements-5b106d50cfb41802f6db6fcafdf1582f\" id=\"block-b2df654f-6725-4a32-8260-bdf71bcdde03\" style=\"color:#bd8997;font-size:24px\"><strong>Utilisation<\/strong><\/p><p style=\"font-size:16px\">\u2022 Peaux grasses<br>\u2022 Circulation<br>\u2022 Jambes lourdes<br>\u2022 Astringent<\/p><p class=\"has-text-color has-link-color wp-elements-ad959e7b226650c46902e70f4d006817\" id=\"block-4d4dc8e8-0c49-4f97-8bf3-eb03cf232a47\" style=\"color:#bd8997;font-size:24px\"><strong>Caract\u00e9ristiques techniques<\/strong><\/p><p style=\"font-size:16px\"><strong>100% hydrolat <\/strong>de cypr\u00e8s<br><strong>Nom botanique <\/strong>: <em><em><em><em><em><em><em><em>Cupressus semperviren<\/em><\/em><\/em><\/em><\/em><\/em><\/em><\/em><br><strong>Partie de la plante :<\/strong> Rameaux<br><strong>M\u00e9thode d\u2019extraction :<\/strong> Distillation par entra\u00eenement \u00e0 la vapeur d&rsquo;eau<br><strong>Origine :<\/strong> Moissi\u00e8re, France<\/p><p class=\"has-text-color has-link-color wp-elements-2de29c3b2a1bd3079b6d6eefc50034e0\" id=\"block-3c704259-176b-4dd7-8b92-30855c6835cb\" style=\"color:#bd8997;font-size:24px\"><strong>Conseils de conservation<\/strong><\/p><p style=\"font-size:16px\">Les hydrolats sont des mati\u00e8res tr\u00e8s fraiches et tr\u00e8s sensibles.<br>Nous vous recommandons de prendre certaines pr\u00e9cautions afin d&rsquo;assurer leur bonne conservation : Refermez vos flacons rapidement apr\u00e8s utilisation, conservez-les \u00e0 l&rsquo;abri de la lumi\u00e8re et de la chaleur (de pr\u00e9f\u00e9rence au r\u00e9frig\u00e9rateur).<br>Utilisez-les dans les 6 mois apr\u00e8s ouverture.<\/p>","protected":false},"excerpt":{"rendered":"<p>Cet hydrolat aux<strong> notes rafra\u00eechissantes et bois\u00e9es<\/strong> et aux <strong>propri\u00e9t\u00e9s astringentes<\/strong> est id\u00e9al pour composer des soins pour <strong>peaux grasses.<\/strong> Son action tonique en fait un\u00a0ingr\u00e9dient id\u00e9al pour <strong>redonner \u00e0 vos jambes une sensation de l\u00e9g\u00e8ret\u00e9.\u00a0<\/strong><\/p>\n","protected":false},"featured_media":511,"template":"","meta":[],"product_cat":[25],"product_tag":[],"yoast_head":"<!-- This site is optimized with the Yoast SEO plugin v22.8 - https:\/\/yoast.com\/wordpress\/plugins\/seo\/ -->\n<title>Hydrolat de Cypr\u00e8s - emanature.com<\/title>\n<meta name=\"robots\" content=\"index, follow, max-snippet:-1, max-image-preview:large, max-video-preview:-1\" \/>\n<link rel=\"canonical\" href=\"https:\/\/emanature.com\/index.php\/product\/hydrolat-de-cypres\/\" \/>\n<meta property=\"og:locale\" content=\"fr_FR\" \/>\n<meta property=\"og:type\" content=\"article\" \/>\n<meta property=\"og:title\" content=\"Hydrolat de Cypr\u00e8s - emanature.com\" \/>\n<meta property=\"og:description\" content=\"Cet hydrolat aux notes rafra\u00eechissantes et bois\u00e9es et aux propri\u00e9t\u00e9s astringentes est id\u00e9al pour composer des soins pour peaux grasses. Son action tonique en fait un\u00a0ingr\u00e9dient id\u00e9al pour redonner \u00e0 vos jambes une sensation de l\u00e9g\u00e8ret\u00e9.\u00a0\" \/>\n<meta property=\"og:url\" content=\"https:\/\/emanature.com\/index.php\/product\/hydrolat-de-cypres\/\" \/>\n<meta property=\"og:site_name\" content=\"emanature.com\" \/>\n<meta property=\"article:modified_time\" content=\"2024-05-05T12:49:49+00:00\" \/>\n<meta property=\"og:image\" content=\"https:\/\/emanature.com\/wp-content\/uploads\/2024\/05\/hydrolat-cypres-scaled.jpg\" \/>\n\t<meta property=\"og:image:width\" content=\"2560\" \/>\n\t<meta property=\"og:image:height\" content=\"2560\" \/>\n\t<meta property=\"og:image:type\" content=\"image\/jpeg\" \/>\n<meta name=\"twitter:card\" content=\"summary_large_image\" \/>\n<meta name=\"twitter:label1\" content=\"Dur\u00e9e de lecture estim\u00e9e\" \/>\n\t<meta name=\"twitter:data1\" content=\"1 minute\" \/>\n<script type=\"application\/ld+json\" class=\"yoast-schema-graph\">{\"@context\":\"https:\/\/schema.org\",\"@graph\":[{\"@type\":\"WebPage\",\"@id\":\"https:\/\/emanature.com\/index.php\/product\/hydrolat-de-cypres\/\",\"url\":\"https:\/\/emanature.com\/index.php\/product\/hydrolat-de-cypres\/\",\"name\":\"Hydrolat de Cypr\u00e8s - emanature.com\",\"isPartOf\":{\"@id\":\"https:\/\/emanature.com\/#website\"},\"primaryImageOfPage\":{\"@id\":\"https:\/\/emanature.com\/index.php\/product\/hydrolat-de-cypres\/#primaryimage\"},\"image\":{\"@id\":\"https:\/\/emanature.com\/index.php\/product\/hydrolat-de-cypres\/#primaryimage\"},\"thumbnailUrl\":\"https:\/\/emanature.com\/wp-content\/uploads\/2024\/05\/hydrolat-cypres-scaled.jpg\",\"datePublished\":\"2024-04-21T18:53:52+00:00\",\"dateModified\":\"2024-05-05T12:49:49+00:00\",\"breadcrumb\":{\"@id\":\"https:\/\/emanature.com\/index.php\/product\/hydrolat-de-cypres\/#breadcrumb\"},\"inLanguage\":\"fr-FR\",\"potentialAction\":[{\"@type\":\"ReadAction\",\"target\":[\"https:\/\/emanature.com\/index.php\/product\/hydrolat-de-cypres\/\"]}]},{\"@type\":\"ImageObject\",\"inLanguage\":\"fr-FR\",\"@id\":\"https:\/\/emanature.com\/index.php\/product\/hydrolat-de-cypres\/#primaryimage\",\"url\":\"https:\/\/emanature.com\/wp-content\/uploads\/2024\/05\/hydrolat-cypres-scaled.jpg\",\"contentUrl\":\"https:\/\/emanature.com\/wp-content\/uploads\/2024\/05\/hydrolat-cypres-scaled.jpg\",\"width\":2560,\"height\":2560},{\"@type\":\"BreadcrumbList\",\"@id\":\"https:\/\/emanature.com\/index.php\/product\/hydrolat-de-cypres\/#breadcrumb\",\"itemListElement\":[{\"@type\":\"ListItem\",\"position\":1,\"name\":\"Accueil\",\"item\":\"https:\/\/emanature.com\/\"},{\"@type\":\"ListItem\",\"position\":2,\"name\":\"Produits\",\"item\":\"https:\/\/emanature.com\/index.php\/shop\/\"},{\"@type\":\"ListItem\",\"position\":3,\"name\":\"Hydrolat de Cypr\u00e8s\"}]},{\"@type\":\"WebSite\",\"@id\":\"https:\/\/emanature.com\/#website\",\"url\":\"https:\/\/emanature.com\/\",\"name\":\"emanature.com\",\"description\":\"Eveillez vos sens, Lib\u00e9rez votre bien-\u00eatre\",\"publisher\":{\"@id\":\"https:\/\/emanature.com\/#organization\"},\"potentialAction\":[{\"@type\":\"SearchAction\",\"target\":{\"@type\":\"EntryPoint\",\"urlTemplate\":\"https:\/\/emanature.com\/?s={search_term_string}\"},\"query-input\":\"required name=search_term_string\"}],\"inLanguage\":\"fr-FR\"},{\"@type\":\"Organization\",\"@id\":\"https:\/\/emanature.com\/#organization\",\"name\":\"emanature.com\",\"url\":\"https:\/\/emanature.com\/\",\"logo\":{\"@type\":\"ImageObject\",\"inLanguage\":\"fr-FR\",\"@id\":\"https:\/\/emanature.com\/#\/schema\/logo\/image\/\",\"url\":\"https:\/\/emanature.com\/wp-content\/uploads\/2024\/04\/logo-ok-web.svg\",\"contentUrl\":\"https:\/\/emanature.com\/wp-content\/uploads\/2024\/04\/logo-ok-web.svg\",\"width\":571,\"height\":81,\"caption\":\"emanature.com\"},\"image\":{\"@id\":\"https:\/\/emanature.com\/#\/schema\/logo\/image\/\"}}]}<\/script>\n<!-- \/ Yoast SEO plugin. -->","yoast_head_json":{"title":"Hydrolat de Cypr\u00e8s - emanature.com","robots":{"index":"index","follow":"follow","max-snippet":"max-snippet:-1","max-image-preview":"max-image-preview:large","max-video-preview":"max-video-preview:-1"},"canonical":"https:\/\/emanature.com\/index.php\/product\/hydrolat-de-cypres\/","og_locale":"fr_FR","og_type":"article","og_title":"Hydrolat de Cypr\u00e8s - emanature.com","og_description":"Cet hydrolat aux notes rafra\u00eechissantes et bois\u00e9es et aux propri\u00e9t\u00e9s astringentes est id\u00e9al pour composer des soins pour peaux grasses. Son action tonique en fait un\u00a0ingr\u00e9dient id\u00e9al pour redonner \u00e0 vos jambes une sensation de l\u00e9g\u00e8ret\u00e9.\u00a0","og_url":"https:\/\/emanature.com\/index.php\/product\/hydrolat-de-cypres\/","og_site_name":"emanature.com","article_modified_time":"2024-05-05T12:49:49+00:00","og_image":[{"width":2560,"height":2560,"url":"https:\/\/emanature.com\/wp-content\/uploads\/2024\/05\/hydrolat-cypres-scaled.jpg","type":"image\/jpeg"}],"twitter_card":"summary_large_image","twitter_misc":{"Dur\u00e9e de lecture estim\u00e9e":"1 minute"},"schema":{"@context":"https:\/\/schema.org","@graph":[{"@type":"WebPage","@id":"https:\/\/emanature.com\/index.php\/product\/hydrolat-de-cypres\/","url":"https:\/\/emanature.com\/index.php\/product\/hydrolat-de-cypres\/","name":"Hydrolat de Cypr\u00e8s - emanature.com","isPartOf":{"@id":"https:\/\/emanature.com\/#website"},"primaryImageOfPage":{"@id":"https:\/\/emanature.com\/index.php\/product\/hydrolat-de-cypres\/#primaryimage"},"image":{"@id":"https:\/\/emanature.com\/index.php\/product\/hydrolat-de-cypres\/#primaryimage"},"thumbnailUrl":"https:\/\/emanature.com\/wp-content\/uploads\/2024\/05\/hydrolat-cypres-scaled.jpg","datePublished":"2024-04-21T18:53:52+00:00","dateModified":"2024-05-05T12:49:49+00:00","breadcrumb":{"@id":"https:\/\/emanature.com\/index.php\/product\/hydrolat-de-cypres\/#breadcrumb"},"inLanguage":"fr-FR","potentialAction":[{"@type":"ReadAction","target":["https:\/\/emanature.com\/index.php\/product\/hydrolat-de-cypres\/"]}]},{"@type":"ImageObject","inLanguage":"fr-FR","@id":"https:\/\/emanature.com\/index.php\/product\/hydrolat-de-cypres\/#primaryimage","url":"https:\/\/emanature.com\/wp-content\/uploads\/2024\/05\/hydrolat-cypres-scaled.jpg","contentUrl":"https:\/\/emanature.com\/wp-content\/uploads\/2024\/05\/hydrolat-cypres-scaled.jpg","width":2560,"height":2560},{"@type":"BreadcrumbList","@id":"https:\/\/emanature.com\/index.php\/product\/hydrolat-de-cypres\/#breadcrumb","itemListElement":[{"@type":"ListItem","position":1,"name":"Accueil","item":"https:\/\/emanature.com\/"},{"@type":"ListItem","position":2,"name":"Produits","item":"https:\/\/emanature.com\/index.php\/shop\/"},{"@type":"ListItem","position":3,"name":"Hydrolat de Cypr\u00e8s"}]},{"@type":"WebSite","@id":"https:\/\/emanature.com\/#website","url":"https:\/\/emanature.com\/","name":"emanature.com","description":"Eveillez vos sens, Lib\u00e9rez votre bien-\u00eatre","publisher":{"@id":"https:\/\/emanature.com\/#organization"},"potentialAction":[{"@type":"SearchAction","target":{"@type":"EntryPoint","urlTemplate":"https:\/\/emanature.com\/?s={search_term_string}"},"query-input":"required name=search_term_string"}],"inLanguage":"fr-FR"},{"@type":"Organization","@id":"https:\/\/emanature.com\/#organization","name":"emanature.com","url":"https:\/\/emanature.com\/","logo":{"@type":"ImageObject","inLanguage":"fr-FR","@id":"https:\/\/emanature.com\/#\/schema\/logo\/image\/","url":"https:\/\/emanature.com\/wp-content\/uploads\/2024\/04\/logo-ok-web.svg","contentUrl":"https:\/\/emanature.com\/wp-content\/uploads\/2024\/04\/logo-ok-web.svg","width":571,"height":81,"caption":"emanature.com"},"image":{"@id":"https:\/\/emanature.com\/#\/schema\/logo\/image\/"}}]}},"jetpack_sharing_enabled":true,"_links":{"self":[{"href":"https:\/\/emanature.com\/index.php\/wp-json\/wp\/v2\/product\/346"}],"collection":[{"href":"https:\/\/emanature.com\/index.php\/wp-json\/wp\/v2\/product"}],"about":[{"href":"https:\/\/emanature.com\/index.php\/wp-json\/wp\/v2\/types\/product"}],"wp:featuredmedia":[{"embeddable":true,"href":"https:\/\/emanature.com\/index.php\/wp-json\/wp\/v2\/media\/511"}],"wp:attachment":[{"href":"https:\/\/emanature.com\/index.php\/wp-json\/wp\/v2\/media?parent=346"}],"wp:term":[{"taxonomy":"product_cat","embeddable":true,"href":"https:\/\/emanature.com\/index.php\/wp-json\/wp\/v2\/product_cat?post=346"},{"taxonomy":"product_tag","embeddable":true,"href":"https:\/\/emanature.com\/index.php\/wp-json\/wp\/v2\/product_tag?post=346"}],"curies":[{"name":"wp","href":"https:\/\/api.w.org\/{rel}","templated":true}]}}