{"id":349,"date":"2024-04-21T21:15:22","date_gmt":"2024-04-21T19:15:22","guid":{"rendered":"https:\/\/emanature.com\/?post_type=product&#038;p=349"},"modified":"2024-05-05T15:17:10","modified_gmt":"2024-05-05T13:17:10","slug":"hydrolat-daubepine","status":"publish","type":"product","link":"https:\/\/emanature.com\/index.php\/product\/hydrolat-daubepine\/","title":{"rendered":"Hydrolat d&rsquo;Aub\u00e9pine"},"content":{"rendered":"<p class=\"has-text-color has-link-color wp-elements-278410bd44a42d46bcb67a8f7f5a1d6a\" id=\"block-d823196f-a9a2-4c5a-97f8-8775080ea518\" style=\"color:#bd8997;font-size:24px\"><strong>Description<\/strong><\/p><p style=\"font-size:16px\"><br>L&rsquo;eau florale biologique d&rsquo;Aub\u00e9pine&nbsp;<strong>calme et apaise<\/strong>&nbsp;les peaux irrit\u00e9es et sensibles. Elle agit \u00e9galement comme <strong>r\u00e9gulateur cardiaque et de la tension.<\/strong><\/p><p style=\"font-size:16px\"><strong>Tonique du coeur,<\/strong> antispamodique elle <strong>calme le syst\u00e8me nerveux et r\u00e9gularise les mouvements du coeur.<\/strong> Apaisant ainsi, les angoisses, les troubles du rythme cardiaque, rafra\u00eechit le sang en abaissant la tension arterielle.<\/p><p style=\"font-size:16px\">Bonne alli\u00e9e lors des <strong>troubles de la m\u00e9nopause, les insomnies, les palpitations.<\/strong><\/p><p class=\"has-text-color has-link-color wp-elements-5b106d50cfb41802f6db6fcafdf1582f\" id=\"block-b2df654f-6725-4a32-8260-bdf71bcdde03\" style=\"color:#bd8997;font-size:24px\"><strong>Utilisation<\/strong><\/p><p style=\"font-size:16px\">\u2022 Calmant<br>\u2022 Apaisant<br>\u2022 R\u00e9gulateur<br>\u2022 Tonique<br>\u2022 M\u00e9nopause<br>\u2022 Insomnies<\/p><p class=\"has-text-color has-link-color wp-elements-ad959e7b226650c46902e70f4d006817\" id=\"block-4d4dc8e8-0c49-4f97-8bf3-eb03cf232a47\" style=\"color:#bd8997;font-size:24px\"><strong>Caract\u00e9ristiques techniques<\/strong><\/p><p style=\"font-size:16px\"><strong>100% hydrolat <\/strong>d&rsquo;aub\u00e9pine<br><strong>Nom botanique <\/strong>: <em><em><em><em><em><em><em><em><em>Crataegus monogyna<\/em>s<\/em><\/em><\/em><\/em><\/em><\/em><\/em><\/em><br><strong>Partie de la plante :<\/strong> Sommit\u00e9s florales<br><strong>M\u00e9thode d\u2019extraction :<\/strong> Distillation par entra\u00eenement \u00e0 la vapeur d&rsquo;eau<br><strong>Origine :<\/strong> La Motte-du-Caire, France<\/p><p class=\"has-text-color has-link-color wp-elements-2de29c3b2a1bd3079b6d6eefc50034e0\" id=\"block-3c704259-176b-4dd7-8b92-30855c6835cb\" style=\"color:#bd8997;font-size:24px\"><strong>Conseils de conservation<\/strong><\/p><p style=\"font-size:16px\">Les hydrolats sont des mati\u00e8res tr\u00e8s fraiches et tr\u00e8s sensibles.<br>Nous vous recommandons de prendre certaines pr\u00e9cautions afin d&rsquo;assurer leur bonne conservation : Refermez vos flacons rapidement apr\u00e8s utilisation, conservez-les \u00e0 l&rsquo;abri de la lumi\u00e8re et de la chaleur (de pr\u00e9f\u00e9rence au r\u00e9frig\u00e9rateur).<br>Utilisez-les dans les 6 mois apr\u00e8s ouverture.<\/p>","protected":false},"excerpt":{"rendered":"<p>L&rsquo;Aub\u00e9pine <strong>est une plante tr\u00e8s \u00e9tonnante, <\/strong>de la famille des Rosac\u00e9es, que l&rsquo;on surnomme \u00ab\u00a0\u00e9pine\u00a0blanche\u00a0\u00bb. <strong>C&rsquo;est la plante du coeur !<\/strong><br \/>Elle participe \u00e0 <strong>r\u00e9guler la tension trop forte et apaise.<\/strong> Ses <strong>qualit\u00e9s apaisantes<\/strong> lui valent d\u2019autres vertus multiples, tant sur la <strong>digestion, la circulation sanguine, le stress, ou encore sur les articulations.<\/strong><\/p>\n","protected":false},"featured_media":544,"template":"","meta":[],"product_cat":[25],"product_tag":[],"yoast_head":"<!-- This site is optimized with the Yoast SEO plugin v22.8 - https:\/\/yoast.com\/wordpress\/plugins\/seo\/ -->\n<title>Hydrolat d&#039;Aub\u00e9pine - emanature.com<\/title>\n<meta name=\"robots\" content=\"index, follow, max-snippet:-1, max-image-preview:large, max-video-preview:-1\" \/>\n<link rel=\"canonical\" href=\"https:\/\/emanature.com\/index.php\/product\/hydrolat-daubepine\/\" \/>\n<meta property=\"og:locale\" content=\"fr_FR\" \/>\n<meta property=\"og:type\" content=\"article\" \/>\n<meta property=\"og:title\" content=\"Hydrolat d&#039;Aub\u00e9pine - emanature.com\" \/>\n<meta property=\"og:description\" content=\"L&#039;Aub\u00e9pine est une plante tr\u00e8s \u00e9tonnante, de la famille des Rosac\u00e9es, que l&#039;on surnomme &quot;\u00e9pine\u00a0blanche&quot;. C&#039;est la plante du coeur !Elle participe \u00e0 r\u00e9guler la tension trop forte et apaise. Ses qualit\u00e9s apaisantes lui valent d\u2019autres vertus multiples, tant sur la digestion, la circulation sanguine, le stress, ou encore sur les articulations.\" \/>\n<meta property=\"og:url\" content=\"https:\/\/emanature.com\/index.php\/product\/hydrolat-daubepine\/\" \/>\n<meta property=\"og:site_name\" content=\"emanature.com\" \/>\n<meta property=\"article:modified_time\" content=\"2024-05-05T13:17:10+00:00\" \/>\n<meta property=\"og:image\" content=\"https:\/\/emanature.com\/wp-content\/uploads\/2024\/05\/hydrolat-aubepine-copie-scaled.jpg\" \/>\n\t<meta property=\"og:image:width\" content=\"2560\" \/>\n\t<meta property=\"og:image:height\" content=\"2560\" \/>\n\t<meta property=\"og:image:type\" content=\"image\/jpeg\" \/>\n<meta name=\"twitter:card\" content=\"summary_large_image\" \/>\n<meta name=\"twitter:label1\" content=\"Dur\u00e9e de lecture estim\u00e9e\" \/>\n\t<meta name=\"twitter:data1\" content=\"1 minute\" \/>\n<script type=\"application\/ld+json\" class=\"yoast-schema-graph\">{\"@context\":\"https:\/\/schema.org\",\"@graph\":[{\"@type\":\"WebPage\",\"@id\":\"https:\/\/emanature.com\/index.php\/product\/hydrolat-daubepine\/\",\"url\":\"https:\/\/emanature.com\/index.php\/product\/hydrolat-daubepine\/\",\"name\":\"Hydrolat d'Aub\u00e9pine - emanature.com\",\"isPartOf\":{\"@id\":\"https:\/\/emanature.com\/#website\"},\"primaryImageOfPage\":{\"@id\":\"https:\/\/emanature.com\/index.php\/product\/hydrolat-daubepine\/#primaryimage\"},\"image\":{\"@id\":\"https:\/\/emanature.com\/index.php\/product\/hydrolat-daubepine\/#primaryimage\"},\"thumbnailUrl\":\"https:\/\/emanature.com\/wp-content\/uploads\/2024\/05\/hydrolat-aubepine-copie-scaled.jpg\",\"datePublished\":\"2024-04-21T19:15:22+00:00\",\"dateModified\":\"2024-05-05T13:17:10+00:00\",\"breadcrumb\":{\"@id\":\"https:\/\/emanature.com\/index.php\/product\/hydrolat-daubepine\/#breadcrumb\"},\"inLanguage\":\"fr-FR\",\"potentialAction\":[{\"@type\":\"ReadAction\",\"target\":[\"https:\/\/emanature.com\/index.php\/product\/hydrolat-daubepine\/\"]}]},{\"@type\":\"ImageObject\",\"inLanguage\":\"fr-FR\",\"@id\":\"https:\/\/emanature.com\/index.php\/product\/hydrolat-daubepine\/#primaryimage\",\"url\":\"https:\/\/emanature.com\/wp-content\/uploads\/2024\/05\/hydrolat-aubepine-copie-scaled.jpg\",\"contentUrl\":\"https:\/\/emanature.com\/wp-content\/uploads\/2024\/05\/hydrolat-aubepine-copie-scaled.jpg\",\"width\":2560,\"height\":2560},{\"@type\":\"BreadcrumbList\",\"@id\":\"https:\/\/emanature.com\/index.php\/product\/hydrolat-daubepine\/#breadcrumb\",\"itemListElement\":[{\"@type\":\"ListItem\",\"position\":1,\"name\":\"Accueil\",\"item\":\"https:\/\/emanature.com\/\"},{\"@type\":\"ListItem\",\"position\":2,\"name\":\"Produits\",\"item\":\"https:\/\/emanature.com\/index.php\/shop\/\"},{\"@type\":\"ListItem\",\"position\":3,\"name\":\"Hydrolat d&rsquo;Aub\u00e9pine\"}]},{\"@type\":\"WebSite\",\"@id\":\"https:\/\/emanature.com\/#website\",\"url\":\"https:\/\/emanature.com\/\",\"name\":\"emanature.com\",\"description\":\"Eveillez vos sens, Lib\u00e9rez votre bien-\u00eatre\",\"publisher\":{\"@id\":\"https:\/\/emanature.com\/#organization\"},\"potentialAction\":[{\"@type\":\"SearchAction\",\"target\":{\"@type\":\"EntryPoint\",\"urlTemplate\":\"https:\/\/emanature.com\/?s={search_term_string}\"},\"query-input\":\"required name=search_term_string\"}],\"inLanguage\":\"fr-FR\"},{\"@type\":\"Organization\",\"@id\":\"https:\/\/emanature.com\/#organization\",\"name\":\"emanature.com\",\"url\":\"https:\/\/emanature.com\/\",\"logo\":{\"@type\":\"ImageObject\",\"inLanguage\":\"fr-FR\",\"@id\":\"https:\/\/emanature.com\/#\/schema\/logo\/image\/\",\"url\":\"https:\/\/emanature.com\/wp-content\/uploads\/2024\/04\/logo-ok-web.svg\",\"contentUrl\":\"https:\/\/emanature.com\/wp-content\/uploads\/2024\/04\/logo-ok-web.svg\",\"width\":571,\"height\":81,\"caption\":\"emanature.com\"},\"image\":{\"@id\":\"https:\/\/emanature.com\/#\/schema\/logo\/image\/\"}}]}<\/script>\n<!-- \/ Yoast SEO plugin. -->","yoast_head_json":{"title":"Hydrolat d'Aub\u00e9pine - emanature.com","robots":{"index":"index","follow":"follow","max-snippet":"max-snippet:-1","max-image-preview":"max-image-preview:large","max-video-preview":"max-video-preview:-1"},"canonical":"https:\/\/emanature.com\/index.php\/product\/hydrolat-daubepine\/","og_locale":"fr_FR","og_type":"article","og_title":"Hydrolat d'Aub\u00e9pine - emanature.com","og_description":"L'Aub\u00e9pine est une plante tr\u00e8s \u00e9tonnante, de la famille des Rosac\u00e9es, que l'on surnomme \"\u00e9pine\u00a0blanche\". C'est la plante du coeur !Elle participe \u00e0 r\u00e9guler la tension trop forte et apaise. Ses qualit\u00e9s apaisantes lui valent d\u2019autres vertus multiples, tant sur la digestion, la circulation sanguine, le stress, ou encore sur les articulations.","og_url":"https:\/\/emanature.com\/index.php\/product\/hydrolat-daubepine\/","og_site_name":"emanature.com","article_modified_time":"2024-05-05T13:17:10+00:00","og_image":[{"width":2560,"height":2560,"url":"https:\/\/emanature.com\/wp-content\/uploads\/2024\/05\/hydrolat-aubepine-copie-scaled.jpg","type":"image\/jpeg"}],"twitter_card":"summary_large_image","twitter_misc":{"Dur\u00e9e de lecture estim\u00e9e":"1 minute"},"schema":{"@context":"https:\/\/schema.org","@graph":[{"@type":"WebPage","@id":"https:\/\/emanature.com\/index.php\/product\/hydrolat-daubepine\/","url":"https:\/\/emanature.com\/index.php\/product\/hydrolat-daubepine\/","name":"Hydrolat d'Aub\u00e9pine - emanature.com","isPartOf":{"@id":"https:\/\/emanature.com\/#website"},"primaryImageOfPage":{"@id":"https:\/\/emanature.com\/index.php\/product\/hydrolat-daubepine\/#primaryimage"},"image":{"@id":"https:\/\/emanature.com\/index.php\/product\/hydrolat-daubepine\/#primaryimage"},"thumbnailUrl":"https:\/\/emanature.com\/wp-content\/uploads\/2024\/05\/hydrolat-aubepine-copie-scaled.jpg","datePublished":"2024-04-21T19:15:22+00:00","dateModified":"2024-05-05T13:17:10+00:00","breadcrumb":{"@id":"https:\/\/emanature.com\/index.php\/product\/hydrolat-daubepine\/#breadcrumb"},"inLanguage":"fr-FR","potentialAction":[{"@type":"ReadAction","target":["https:\/\/emanature.com\/index.php\/product\/hydrolat-daubepine\/"]}]},{"@type":"ImageObject","inLanguage":"fr-FR","@id":"https:\/\/emanature.com\/index.php\/product\/hydrolat-daubepine\/#primaryimage","url":"https:\/\/emanature.com\/wp-content\/uploads\/2024\/05\/hydrolat-aubepine-copie-scaled.jpg","contentUrl":"https:\/\/emanature.com\/wp-content\/uploads\/2024\/05\/hydrolat-aubepine-copie-scaled.jpg","width":2560,"height":2560},{"@type":"BreadcrumbList","@id":"https:\/\/emanature.com\/index.php\/product\/hydrolat-daubepine\/#breadcrumb","itemListElement":[{"@type":"ListItem","position":1,"name":"Accueil","item":"https:\/\/emanature.com\/"},{"@type":"ListItem","position":2,"name":"Produits","item":"https:\/\/emanature.com\/index.php\/shop\/"},{"@type":"ListItem","position":3,"name":"Hydrolat d&rsquo;Aub\u00e9pine"}]},{"@type":"WebSite","@id":"https:\/\/emanature.com\/#website","url":"https:\/\/emanature.com\/","name":"emanature.com","description":"Eveillez vos sens, Lib\u00e9rez votre bien-\u00eatre","publisher":{"@id":"https:\/\/emanature.com\/#organization"},"potentialAction":[{"@type":"SearchAction","target":{"@type":"EntryPoint","urlTemplate":"https:\/\/emanature.com\/?s={search_term_string}"},"query-input":"required name=search_term_string"}],"inLanguage":"fr-FR"},{"@type":"Organization","@id":"https:\/\/emanature.com\/#organization","name":"emanature.com","url":"https:\/\/emanature.com\/","logo":{"@type":"ImageObject","inLanguage":"fr-FR","@id":"https:\/\/emanature.com\/#\/schema\/logo\/image\/","url":"https:\/\/emanature.com\/wp-content\/uploads\/2024\/04\/logo-ok-web.svg","contentUrl":"https:\/\/emanature.com\/wp-content\/uploads\/2024\/04\/logo-ok-web.svg","width":571,"height":81,"caption":"emanature.com"},"image":{"@id":"https:\/\/emanature.com\/#\/schema\/logo\/image\/"}}]}},"jetpack_sharing_enabled":true,"_links":{"self":[{"href":"https:\/\/emanature.com\/index.php\/wp-json\/wp\/v2\/product\/349"}],"collection":[{"href":"https:\/\/emanature.com\/index.php\/wp-json\/wp\/v2\/product"}],"about":[{"href":"https:\/\/emanature.com\/index.php\/wp-json\/wp\/v2\/types\/product"}],"wp:featuredmedia":[{"embeddable":true,"href":"https:\/\/emanature.com\/index.php\/wp-json\/wp\/v2\/media\/544"}],"wp:attachment":[{"href":"https:\/\/emanature.com\/index.php\/wp-json\/wp\/v2\/media?parent=349"}],"wp:term":[{"taxonomy":"product_cat","embeddable":true,"href":"https:\/\/emanature.com\/index.php\/wp-json\/wp\/v2\/product_cat?post=349"},{"taxonomy":"product_tag","embeddable":true,"href":"https:\/\/emanature.com\/index.php\/wp-json\/wp\/v2\/product_tag?post=349"}],"curies":[{"name":"wp","href":"https:\/\/api.w.org\/{rel}","templated":true}]}}